{"id":1472,"date":"2025-11-14T10:06:35","date_gmt":"2025-11-14T10:06:35","guid":{"rendered":"https:\/\/thespinsahara.org\/login-and-registration\/"},"modified":"2025-11-17T07:22:13","modified_gmt":"2025-11-17T07:22:13","slug":"logowanie-i-rejestracja","status":"publish","type":"page","link":"https:\/\/thespinsahara.org\/pl\/logowanie-i-rejestracja\/","title":{"rendered":"Logowanie i rejestracja"},"content":{"rendered":"<h1>Logowanie do Spinsahara: szybka rejestracja i zarz\u0105dzanie kontem<\/h1>\n<p>Aby uzyska\u0107 dost\u0119p do wszystkich funkcji naszej strony internetowej lub aplikacji, wszyscy u\u017cytkownicy musz\u0105 przej\u015b\u0107 proces Spinsahara login. Aby to zrobi\u0107, musisz mie\u0107 uko\u0144czone 18 lat. Poza tym obowi\u0105zuje zasada, \u017ce jedna osoba mo\u017ce mie\u0107 tylko jedno konto. Po rejestracji uzyskasz dost\u0119p do ca\u0142ej kolekcji gier, p\u0142atno\u015bci, bonus\u00f3w i obs\u0142ugi klienta, kt\u00f3ra jest dost\u0119pna przez ca\u0142\u0105 dob\u0119.<\/p>\n<p><div class=\"banner-wrap\" aria-label=\"Banner\"><img src=\"https:\/\/thespinsahara.org\/wp-content\/uploads\/2025\/11\/Spinsahara-banner-carousel-932\u0445400-12.webp\" class=\"w-100 d-none d-lg-block img-pc main-banner-img\" alt=\"Spinsahara banner desktop\" fetchpriority=\"high\" decoding=\"async\"><img src=\"https:\/\/thespinsahara.org\/wp-content\/uploads\/2025\/12\/Frame-35.webp\" class=\"w-100 d-none d-md-block d-lg-none main-banner-img\" alt=\"Spinsahara banner mobile\" fetchpriority=\"high\" decoding=\"async\"><img src=\"https:\/\/thespinsahara.org\/wp-content\/uploads\/2025\/12\/Frame-35.webp\" class=\"w-100 d-md-none\" alt=\"Spinsahara banner mobile\" fetchpriority=\"high\" decoding=\"async\"><div class=\"banner-description\">\n<div class=\"banner-title\">Bonusy powitalne<\/div>\n<p class=\"banner-header-title\">1500 \u20ac<\/p>\n<div class=\"banner-header-AdditionalText\">+ 250 Darmowe obroty<\/div>\n<button data-item=\"homepage_banner_link\" class=\"goto m-button m-gradient-border m-button--primary m-button--large banner-button btn-orange\">\n            <div class=\"m-button-content\">\n                <span>Zarejestruj si\u0119 teraz<\/span>\n                <span><\/span>\n            <\/div>\n        <\/button>\n<\/div>\n<div class=\"WelcomePack\">\n<p><img loading=\"lazy\" decoding=\"async\" class=\"alignnone wp-image-1344 size-full\" src=\"https:\/\/thespinsahara.org\/wp-content\/uploads\/2025\/11\/welcome-crown.svg\" alt=\"crown\" width=\"25\" height=\"26\" \/><\/p>\n<div class=\"WelcomePack-Info\">Cotygodniowy zwrot got\u00f3wki do 25%<\/div>\n<p><img loading=\"lazy\" decoding=\"async\" class=\"alignnone wp-image-1344 size-full\" src=\"https:\/\/thespinsahara.org\/wp-content\/uploads\/2025\/11\/welcome-crown.svg\" alt=\"crown\" width=\"25\" height=\"26\" \/><\/p>\n<\/div>\n<\/div><div class=\"scrollable-content-wrap my-5\"><div class=\"scrollable-content-inner\"><h2>Rejestracja gracza w kasynie Spinsahara<\/h2>\n<p>Kasyno Spinsahara \u0142\u0105czy w sobie wszystkie najlepsze cechy kasyna online. Aby jednak uzyska\u0107 dost\u0119p do wszystkich z nich, nale\u017cy najpierw przej\u015b\u0107 proces logowania do Spinsahara. Zajmuje to wi\u0119kszo\u015bci u\u017cytkownik\u00f3w nie wi\u0119cej ni\u017c 3 minuty i wymaga podania tylko niezb\u0119dnych informacji.<\/p>\n<p>Na naszej platformie znajdziesz ponad 6000 gier, w tym popularne automaty, gry sto\u0142owe, opcje z krupierem na \u017cywo, gry typu crash i wiele innych. Mo\u017cesz dokonywa\u0107 wp\u0142at i wyp\u0142at za pomoc\u0105 popularnych i bezpiecznych metod p\u0142atno\u015bci, na przyk\u0142ad kart bankowych, e-portfeli, przelew\u00f3w bankowych i kryptowalut. Po zalogowaniu si\u0119 do Spinsahara uzyskasz r\u00f3wnie\u017c dost\u0119p do niekt\u00f3rych funkcji i narz\u0119dzi bezpo\u015brednio na swoim koncie osobistym.<\/p>\n<table>\n<tbody>\n<tr>\n<td>Funkcja<\/td>\n<td>Szczeg\u00f3\u0142y<\/td>\n<\/tr>\n<tr>\n<td>Zarz\u0105dzanie danymi osobowymi i informacjami dotycz\u0105cymi p\u0142atno\u015bci<\/td>\n<td>W ka\u017cdej chwili mo\u017cesz zmieni\u0107 swoje dane osobowe lub p\u0142atnicze.<\/td>\n<\/tr>\n<tr>\n<td>Historia aktywno\u015bci<\/td>\n<td>Zobaczysz histori\u0119 swoich gier, bonus\u00f3w i wp\u0142at.<\/td>\n<\/tr>\n<tr>\n<td>Narz\u0119dzia odpowiedzialnej gry<\/td>\n<td>Oferujemy limity czasowe, limity wp\u0142at, zak\u0142ad\u00f3w i strat, a tak\u017ce samowykluczenie.<\/td>\n<\/tr>\n<tr>\n<td>P\u0142atno\u015bci<\/td>\n<td>Na swoim koncie mo\u017cesz bez op\u00f3\u017anie\u0144 dokonywa\u0107 wp\u0142at i wyp\u0142at.<\/td>\n<\/tr>\n<tr>\n<td>Proces weryfikacji<\/td>\n<td>Przed dokonaniem pierwszej wyp\u0142aty musisz przes\u0142a\u0107 dokumenty potwierdzaj\u0105ce Twoj\u0105 to\u017csamo\u015b\u0107.<\/td>\n<\/tr>\n<\/tbody>\n<\/table>\n<h3>Za\u0142\u00f3\u017c konto<\/h3>\n<p>Rejestracja w kasynie Spin Sahara jest prosta dla wszystkich graczy, w tym nowych. Jest intuicyjna i nie zajmuje du\u017co czasu. Poni\u017cej przedstawiamy instrukcj\u0119, kt\u00f3ra maksymalnie u\u0142atwi ten proces:<\/p>\n<ol>\n<li>Odwied\u017a oficjaln\u0105 stron\u0119 Spinsahara.<\/li>\n<li>Kliknij przycisk \u201eZarejestruj si\u0119\u201d na stronie g\u0142\u00f3wnej.<\/li>\n<li>Wprowad\u017a sw\u00f3j adres e-mail i utw\u00f3rz has\u0142o. Je\u015bli posiadasz kod promocyjny, mo\u017cesz go doda\u0107 na tym etapie.<\/li>\n<li>Potwierd\u017a, \u017ce masz uko\u0144czone 18 lat i zgadzasz si\u0119 z regulaminem platformy.<\/li>\n<li>Kliknij przycisk \u201eZarejestruj si\u0119\u201d na ko\u0144cu formularza rejestracyjnego.<\/li>\n<li>Na nast\u0119pnym ekranie wprowad\u017a swoje dane osobowe, takie jak imi\u0119 i nazwisko, data urodzenia, numer telefonu i adres.<\/li>\n<li>Kliknij \u201eZapisz\u201d na ko\u0144cu formularza.<\/li>\n<\/ol>\n<p>Teraz masz oficjalnie konto w kasynie Spinsahara. Mo\u017cesz dokona\u0107 pierwszej wp\u0142aty i gra\u0107 na prawdziwe pieni\u0105dze.<\/p>\n<h2>Jak uzyska\u0107 dost\u0119p i skonfigurowa\u0107 konto Spin Sahara<\/h2>\n<p>Je\u015bli nie jeste\u015b na platformie po raz pierwszy i masz ju\u017c konto, wystarczy przej\u015b\u0107 przez proces logowania do Spinsahara. Mo\u017cna to zrobi\u0107 w bardzo prosty spos\u00f3b z komputera lub dowolnego urz\u0105dzenia mobilnego. Musisz przej\u015b\u0107 do formularza logowania, klikaj\u0105c przycisk \u201eZaloguj si\u0119\u201d na stronie g\u0142\u00f3wnej. Wpisz tam adres e-mail i has\u0142o u\u017cyte podczas rejestracji. Je\u015bli wprowadzone informacje s\u0105 prawid\u0142owe, zostaniesz automatycznie zalogowany na swoje konto.<\/p>\n<p>Je\u015bli nie masz konta, mo\u017cesz gra\u0107 tylko w niekt\u00f3re gry w trybie demo. Opcje z krupierem na \u017cywo, promocje, p\u0142atno\u015bci i wszystko inne nie s\u0105 jednak dost\u0119pne. Dlatego zalecamy wszystkim, aby po rejestracji przynajmniej wypr\u00f3bowali wszystkie funkcje Spinsahara.<\/p>\n<h3>Nie pami\u0119tasz has\u0142a?<\/h3>\n<p>Zawsze mo\u017cesz zresetowa\u0107 has\u0142o, je\u015bli je zapomnisz. Rozumiemy, \u017ce takie rzeczy mog\u0105 si\u0119 zdarzy\u0107 ka\u017cdemu. Wystarczy przej\u015b\u0107 do formularza logowania i klikn\u0105\u0107 \u201eNie pami\u0119tasz has\u0142a?\u201d. Nast\u0119pnie nale\u017cy wprowadzi\u0107 adres e-mail u\u017cywany do logowania w Spinsahara. Wy\u015blemy Ci wiadomo\u015b\u0107 e-mail z linkiem do resetowania has\u0142a. Nale\u017cy utworzy\u0107 nowe has\u0142o i u\u017cy\u0107 go podczas nast\u0119pnej wizyty w kasynie Spinsahara.<\/p>\n<h3>Spin Sahara Casino: Bezpieczne konto i proces weryfikacji<\/h3>\n<p>Przed dokonaniem pierwszej wp\u0142aty wszyscy nasi gracze musz\u0105 przej\u015b\u0107 proces weryfikacji. Jest to jedna z zasad, kt\u00f3rych wszyscy musz\u0105 przestrzega\u0107, aby Spinsahara pozosta\u0142a bezpieczn\u0105 platform\u0105 woln\u0105 od oszustw. Zostaniesz poproszony o przes\u0142anie nast\u0119puj\u0105cych dokument\u00f3w na nasz\u0105 stron\u0119 internetow\u0105:<\/p>\n<ul>\n<li>Paszport, dow\u00f3d osobisty, prawo jazdy<\/li>\n<li>Rachunek za media nie starszy ni\u017c 3 miesi\u0105ce, wyci\u0105g z konta bankowego<\/li>\n<li>Dow\u00f3d w\u0142asno\u015bci konta bankowego, karty, portfela elektronicznego lub portfela kryptowalutowego<\/li>\n<\/ul>\n<p>Nast\u0119pnie nasi mened\u017cerowie sprawdz\u0105 Twoje dokumenty w ci\u0105gu 48 godzin i skontaktuj\u0105 si\u0119 z Tob\u0105 z odpowiedzi\u0105. Je\u015bli wszystko b\u0119dzie w porz\u0105dku, b\u0119dziesz m\u00f3g\u0142 bez op\u00f3\u017anie\u0144 dokonywa\u0107 wyp\u0142at w Spin Sahara. Proces weryfikacji nale\u017cy przeprowadzi\u0107 tylko raz.<\/p>\n<h2>Cz\u0119sto zadawane pytania<\/h2>\n<h3>Jak zako\u0144czy\u0107 proces weryfikacji konta?<\/h3>\n<p>Przed dokonaniem pierwszej wyp\u0142aty poprosimy Ci\u0119 o przes\u0142anie dokument\u00f3w potwierdzaj\u0105cych Twoj\u0105 to\u017csamo\u015b\u0107. Nasi mened\u017cerowie sprawdz\u0105 je w ci\u0105gu 48 godzin i skontaktuj\u0105 si\u0119 z Tob\u0105.<\/p>\n<h3>Jak zaktualizowa\u0107 has\u0142o lub adres e-mail?<\/h3>\n<p>Wszystkie dane dotycz\u0105ce p\u0142atno\u015bci i dane osobowe, w tym has\u0142o i adres e-mail, mo\u017cna zaktualizowa\u0107 w ustawieniach konta Spin Sahara. Je\u015bli zapomnia\u0142e\u015b has\u0142a, mo\u017cesz je zresetowa\u0107 za pomoc\u0105 formularza logowania.<\/p>\n<h3>Co zrobi\u0107, je\u015bli moje konto zosta\u0142o zablokowane?<\/h3>\n<p>Je\u015bli nie otrzyma\u0142e\u015b od nas \u017cadnych dodatkowych informacji dotycz\u0105cych zablokowania konta, skontaktuj si\u0119 z naszym zespo\u0142em pomocy technicznej dost\u0119pnym 24 godziny na dob\u0119, 7 dni w tygodniu, za po\u015brednictwem czatu na \u017cywo lub poczty elektronicznej. Zawsze wysy\u0142amy informacje o przyczynie i okresie blokady poczt\u0105 elektroniczn\u0105.<\/p>\n<h3>Jak zamkn\u0105\u0107 lub tymczasowo zawiesi\u0107 swoje konto?<\/h3>\n<p>Aby zablokowa\u0107 lub tymczasowo zawiesi\u0107 swoje konto, musisz skontaktowa\u0107 si\u0119 z naszym wieloj\u0119zycznym zespo\u0142em pomocy technicznej Spinsahara. Zrobi\u0105 to w ci\u0105gu kilku minut i wyja\u015bni\u0105, jak ponownie otworzy\u0107 konto.<\/p>\n<\/div><\/div><\/p>\n","protected":false},"excerpt":{"rendered":"<p>Logowanie do Spinsahara: szybka rejestracja i zarz\u0105dzanie kontem Aby uzyska\u0107 dost\u0119p do wszystkich funkcji naszej strony internetowej lub aplikacji, wszyscy u\u017cytkownicy musz\u0105 przej\u015b\u0107 proces Spinsahara login. Aby to zrobi\u0107, musisz mie\u0107 uko\u0144czone 18 lat. Poza tym obowi\u0105zuje zasada, \u017ce jedna osoba mo\u017ce mie\u0107 tylko jedno konto. Po rejestracji uzyskasz dost\u0119p do ca\u0142ej kolekcji gier, p\u0142atno\u015bci, [&hellip;]<\/p>\n","protected":false},"author":1,"featured_media":0,"parent":0,"menu_order":0,"comment_status":"closed","ping_status":"closed","template":"template-builder.php","meta":{"_acf_changed":false,"inline_featured_image":false,"footnotes":""},"class_list":["post-1472","page","type-page","status-publish","hentry"],"acf":[],"yoast_head":"<!-- This site is optimized with the Yoast SEO plugin v27.3 - https:\/\/yoast.com\/product\/yoast-seo-wordpress\/ -->\n<title>Spinsahara Login \u2013 Rejestracja i dost\u0119p do konta<\/title>\n<meta name=\"description\" content=\"Z \u0142atwo\u015bci\u0105 tw\u00f3rz, zarz\u0105dzaj i weryfikuj swoje konto w kasynie Spinsahara. Skorzystaj z szybkiej rejestracji, p\u0142ynnego odzyskiwania konta i bezpiecznego zamkni\u0119cia poprzez Spinsahara Login, zapewniaj\u0105c bezpiecze\u0144stwo swojego konta przez ca\u0142y czas.\" \/>\n<meta name=\"robots\" content=\"index, follow, max-snippet:-1, max-image-preview:large, max-video-preview:-1\" \/>\n<link rel=\"canonical\" href=\"https:\/\/thespinsahara.org\/pl\/logowanie-i-rejestracja\/\" \/>\n<meta property=\"og:locale\" content=\"pl_PL\" \/>\n<meta property=\"og:type\" content=\"article\" \/>\n<meta property=\"og:title\" content=\"Spinsahara Login \u2013 Rejestracja i dost\u0119p do konta\" \/>\n<meta property=\"og:description\" content=\"Z \u0142atwo\u015bci\u0105 tw\u00f3rz, zarz\u0105dzaj i weryfikuj swoje konto w kasynie Spinsahara. Skorzystaj z szybkiej rejestracji, p\u0142ynnego odzyskiwania konta i bezpiecznego zamkni\u0119cia poprzez Spinsahara Login, zapewniaj\u0105c bezpiecze\u0144stwo swojego konta przez ca\u0142y czas.\" \/>\n<meta property=\"og:url\" content=\"https:\/\/thespinsahara.org\/pl\/logowanie-i-rejestracja\/\" \/>\n<meta property=\"og:site_name\" content=\"spinsahara\" \/>\n<meta property=\"article:modified_time\" content=\"2025-11-17T07:22:13+00:00\" \/>\n<meta name=\"twitter:card\" content=\"summary_large_image\" \/>\n<meta name=\"twitter:label1\" content=\"Est. reading time\" \/>\n\t<meta name=\"twitter:data1\" content=\"1 minute\" \/>\n<script type=\"application\/ld+json\" class=\"yoast-schema-graph\">{\"@context\":\"https:\\\/\\\/schema.org\",\"@graph\":[{\"@type\":\"WebPage\",\"@id\":\"https:\\\/\\\/thespinsahara.org\\\/pl\\\/logowanie-i-rejestracja\\\/\",\"url\":\"https:\\\/\\\/thespinsahara.org\\\/pl\\\/logowanie-i-rejestracja\\\/\",\"name\":\"Spinsahara Login \u2013 Rejestracja i dost\u0119p do konta\",\"isPartOf\":{\"@id\":\"https:\\\/\\\/thespinsahara.org\\\/pl\\\/#website\"},\"datePublished\":\"2025-11-14T10:06:35+00:00\",\"dateModified\":\"2025-11-17T07:22:13+00:00\",\"description\":\"Z \u0142atwo\u015bci\u0105 tw\u00f3rz, zarz\u0105dzaj i weryfikuj swoje konto w kasynie Spinsahara. Skorzystaj z szybkiej rejestracji, p\u0142ynnego odzyskiwania konta i bezpiecznego zamkni\u0119cia poprzez Spinsahara Login, zapewniaj\u0105c bezpiecze\u0144stwo swojego konta przez ca\u0142y czas.\",\"breadcrumb\":{\"@id\":\"https:\\\/\\\/thespinsahara.org\\\/pl\\\/logowanie-i-rejestracja\\\/#breadcrumb\"},\"inLanguage\":\"pl-PL\",\"potentialAction\":[{\"@type\":\"ReadAction\",\"target\":[\"https:\\\/\\\/thespinsahara.org\\\/pl\\\/logowanie-i-rejestracja\\\/\"]}]},{\"@type\":\"BreadcrumbList\",\"@id\":\"https:\\\/\\\/thespinsahara.org\\\/pl\\\/logowanie-i-rejestracja\\\/#breadcrumb\",\"itemListElement\":[{\"@type\":\"ListItem\",\"position\":1,\"name\":\"Spinsahara\",\"item\":\"https:\\\/\\\/thespinsahara.org\\\/pl\\\/\"},{\"@type\":\"ListItem\",\"position\":2,\"name\":\"Logowanie i rejestracja\"}]},{\"@type\":\"WebSite\",\"@id\":\"https:\\\/\\\/thespinsahara.org\\\/pl\\\/#website\",\"url\":\"https:\\\/\\\/thespinsahara.org\\\/pl\\\/\",\"name\":\"Spinsahara\",\"description\":\"\",\"publisher\":{\"@id\":\"https:\\\/\\\/thespinsahara.org\\\/pl\\\/#organization\"},\"potentialAction\":[{\"@type\":\"SearchAction\",\"target\":{\"@type\":\"EntryPoint\",\"urlTemplate\":\"https:\\\/\\\/thespinsahara.org\\\/pl\\\/?s={search_term_string}\"},\"query-input\":{\"@type\":\"PropertyValueSpecification\",\"valueRequired\":true,\"valueName\":\"search_term_string\"}}],\"inLanguage\":\"pl-PL\"},{\"@type\":\"Organization\",\"@id\":\"https:\\\/\\\/thespinsahara.org\\\/pl\\\/#organization\",\"name\":\"Spinsahara\",\"url\":\"https:\\\/\\\/thespinsahara.org\\\/pl\\\/\",\"logo\":{\"@type\":\"ImageObject\",\"inLanguage\":\"pl-PL\",\"@id\":\"https:\\\/\\\/thespinsahara.org\\\/pl\\\/#\\\/schema\\\/logo\\\/image\\\/\",\"url\":\"https:\\\/\\\/thespinsahara.org\\\/wp-content\\\/uploads\\\/2025\\\/11\\\/logo.svg\",\"contentUrl\":\"https:\\\/\\\/thespinsahara.org\\\/wp-content\\\/uploads\\\/2025\\\/11\\\/logo.svg\",\"width\":160,\"height\":31,\"caption\":\"Spinsahara\"},\"image\":{\"@id\":\"https:\\\/\\\/thespinsahara.org\\\/pl\\\/#\\\/schema\\\/logo\\\/image\\\/\"}}]}<\/script>\n<!-- \/ Yoast SEO plugin. -->","yoast_head_json":{"title":"Spinsahara Login \u2013 Rejestracja i dost\u0119p do konta","description":"Z \u0142atwo\u015bci\u0105 tw\u00f3rz, zarz\u0105dzaj i weryfikuj swoje konto w kasynie Spinsahara. Skorzystaj z szybkiej rejestracji, p\u0142ynnego odzyskiwania konta i bezpiecznego zamkni\u0119cia poprzez Spinsahara Login, zapewniaj\u0105c bezpiecze\u0144stwo swojego konta przez ca\u0142y czas.","robots":{"index":"index","follow":"follow","max-snippet":"max-snippet:-1","max-image-preview":"max-image-preview:large","max-video-preview":"max-video-preview:-1"},"canonical":"https:\/\/thespinsahara.org\/pl\/logowanie-i-rejestracja\/","og_locale":"pl_PL","og_type":"article","og_title":"Spinsahara Login \u2013 Rejestracja i dost\u0119p do konta","og_description":"Z \u0142atwo\u015bci\u0105 tw\u00f3rz, zarz\u0105dzaj i weryfikuj swoje konto w kasynie Spinsahara. Skorzystaj z szybkiej rejestracji, p\u0142ynnego odzyskiwania konta i bezpiecznego zamkni\u0119cia poprzez Spinsahara Login, zapewniaj\u0105c bezpiecze\u0144stwo swojego konta przez ca\u0142y czas.","og_url":"https:\/\/thespinsahara.org\/pl\/logowanie-i-rejestracja\/","og_site_name":"spinsahara","article_modified_time":"2025-11-17T07:22:13+00:00","twitter_card":"summary_large_image","twitter_misc":{"Est. reading time":"1 minute"},"schema":{"@context":"https:\/\/schema.org","@graph":[{"@type":"WebPage","@id":"https:\/\/thespinsahara.org\/pl\/logowanie-i-rejestracja\/","url":"https:\/\/thespinsahara.org\/pl\/logowanie-i-rejestracja\/","name":"Spinsahara Login \u2013 Rejestracja i dost\u0119p do konta","isPartOf":{"@id":"https:\/\/thespinsahara.org\/pl\/#website"},"datePublished":"2025-11-14T10:06:35+00:00","dateModified":"2025-11-17T07:22:13+00:00","description":"Z \u0142atwo\u015bci\u0105 tw\u00f3rz, zarz\u0105dzaj i weryfikuj swoje konto w kasynie Spinsahara. Skorzystaj z szybkiej rejestracji, p\u0142ynnego odzyskiwania konta i bezpiecznego zamkni\u0119cia poprzez Spinsahara Login, zapewniaj\u0105c bezpiecze\u0144stwo swojego konta przez ca\u0142y czas.","breadcrumb":{"@id":"https:\/\/thespinsahara.org\/pl\/logowanie-i-rejestracja\/#breadcrumb"},"inLanguage":"pl-PL","potentialAction":[{"@type":"ReadAction","target":["https:\/\/thespinsahara.org\/pl\/logowanie-i-rejestracja\/"]}]},{"@type":"BreadcrumbList","@id":"https:\/\/thespinsahara.org\/pl\/logowanie-i-rejestracja\/#breadcrumb","itemListElement":[{"@type":"ListItem","position":1,"name":"Spinsahara","item":"https:\/\/thespinsahara.org\/pl\/"},{"@type":"ListItem","position":2,"name":"Logowanie i rejestracja"}]},{"@type":"WebSite","@id":"https:\/\/thespinsahara.org\/pl\/#website","url":"https:\/\/thespinsahara.org\/pl\/","name":"Spinsahara","description":"","publisher":{"@id":"https:\/\/thespinsahara.org\/pl\/#organization"},"potentialAction":[{"@type":"SearchAction","target":{"@type":"EntryPoint","urlTemplate":"https:\/\/thespinsahara.org\/pl\/?s={search_term_string}"},"query-input":{"@type":"PropertyValueSpecification","valueRequired":true,"valueName":"search_term_string"}}],"inLanguage":"pl-PL"},{"@type":"Organization","@id":"https:\/\/thespinsahara.org\/pl\/#organization","name":"Spinsahara","url":"https:\/\/thespinsahara.org\/pl\/","logo":{"@type":"ImageObject","inLanguage":"pl-PL","@id":"https:\/\/thespinsahara.org\/pl\/#\/schema\/logo\/image\/","url":"https:\/\/thespinsahara.org\/wp-content\/uploads\/2025\/11\/logo.svg","contentUrl":"https:\/\/thespinsahara.org\/wp-content\/uploads\/2025\/11\/logo.svg","width":160,"height":31,"caption":"Spinsahara"},"image":{"@id":"https:\/\/thespinsahara.org\/pl\/#\/schema\/logo\/image\/"}}]}},"_links":{"self":[{"href":"https:\/\/thespinsahara.org\/pl\/wp-json\/wp\/v2\/pages\/1472","targetHints":{"allow":["GET"]}}],"collection":[{"href":"https:\/\/thespinsahara.org\/pl\/wp-json\/wp\/v2\/pages"}],"about":[{"href":"https:\/\/thespinsahara.org\/pl\/wp-json\/wp\/v2\/types\/page"}],"author":[{"embeddable":true,"href":"https:\/\/thespinsahara.org\/pl\/wp-json\/wp\/v2\/users\/1"}],"replies":[{"embeddable":true,"href":"https:\/\/thespinsahara.org\/pl\/wp-json\/wp\/v2\/comments?post=1472"}],"version-history":[{"count":2,"href":"https:\/\/thespinsahara.org\/pl\/wp-json\/wp\/v2\/pages\/1472\/revisions"}],"predecessor-version":[{"id":1778,"href":"https:\/\/thespinsahara.org\/pl\/wp-json\/wp\/v2\/pages\/1472\/revisions\/1778"}],"wp:attachment":[{"href":"https:\/\/thespinsahara.org\/pl\/wp-json\/wp\/v2\/media?parent=1472"}],"curies":[{"name":"wp","href":"https:\/\/api.w.org\/{rel}","templated":true}]}}