{"id":1426,"date":"2025-11-14T09:53:46","date_gmt":"2025-11-14T09:53:46","guid":{"rendered":"https:\/\/thespinsahara.org\/app\/"},"modified":"2025-11-17T07:16:15","modified_gmt":"2025-11-17T07:16:15","slug":"aplikacja","status":"publish","type":"page","link":"https:\/\/thespinsahara.org\/pl\/aplikacja\/","title":{"rendered":"Aplikacja"},"content":{"rendered":"<h1>Aplikacja Spinsahara Gaming<\/h1>\n<p>Opracowali\u015bmy wygodn\u0105 Spinsahara app na Androida i iOS, poniewa\u017c wsp\u00f3\u0142cze\u015bni u\u017cytkownicy wol\u0105 mie\u0107 wszystkie swoje ulubione tytu\u0142y w telefonie, aby mie\u0107 do nich szybki dost\u0119p. Mo\u017cesz zachowa\u0107 elastyczno\u015b\u0107 i gra\u0107 w dowolnym miejscu i czasie. W oprogramowaniu mobilnym znajdziesz ca\u0142y wyb\u00f3r gier, kt\u00f3ry w pe\u0142ni dostosowuje si\u0119 do rozmiar\u00f3w nowoczesnych urz\u0105dze\u0144. Zasadniczo jest to odzwierciedlenie wersji na komputery stacjonarne, ale wykonane zgodnie z zasadami mobilnymi.<\/p>\n<div class=\"banner-wrap\" aria-label=\"Banner\"><img src=\"https:\/\/thespinsahara.org\/wp-content\/uploads\/2025\/11\/Spinsahara-banner-carousel-932\u0445400-12.webp\" class=\"w-100 d-none d-lg-block img-pc main-banner-img\" alt=\"Spinsahara banner desktop\" fetchpriority=\"high\" decoding=\"async\"><img src=\"https:\/\/thespinsahara.org\/wp-content\/uploads\/2025\/12\/Frame-35.webp\" class=\"w-100 d-none d-md-block d-lg-none main-banner-img\" alt=\"Spinsahara banner mobile\" fetchpriority=\"high\" decoding=\"async\"><img src=\"https:\/\/thespinsahara.org\/wp-content\/uploads\/2025\/12\/Frame-35.webp\" class=\"w-100 d-md-none\" alt=\"Spinsahara banner mobile\" fetchpriority=\"high\" decoding=\"async\"><div class=\"banner-description\">\n<div class=\"banner-title\">Bonusy powitalne<\/div>\n<p class=\"banner-header-title\">1500 \u20ac<\/p>\n<div class=\"banner-header-AdditionalText\">+ 250 Darmowe obroty<\/div>\n<button data-item=\"homepage_banner_link\" class=\"goto m-button m-gradient-border m-button--primary m-button--large banner-button btn-orange\">\n            <div class=\"m-button-content\">\n                <span>Zarejestruj si\u0119 teraz<\/span>\n                <span><\/span>\n            <\/div>\n        <\/button>\n<\/div>\n<div class=\"WelcomePack\">\n<p><img loading=\"lazy\" decoding=\"async\" class=\"alignnone wp-image-1344 size-full\" src=\"https:\/\/thespinsahara.org\/wp-content\/uploads\/2025\/11\/welcome-crown.svg\" alt=\"crown\" width=\"25\" height=\"26\" \/><\/p>\n<div class=\"WelcomePack-Info\">Cotygodniowy zwrot got\u00f3wki do 25%<\/div>\n<p><img loading=\"lazy\" decoding=\"async\" class=\"alignnone wp-image-1344 size-full\" src=\"https:\/\/thespinsahara.org\/wp-content\/uploads\/2025\/11\/welcome-crown.svg\" alt=\"crown\" width=\"25\" height=\"26\" \/><\/p>\n<\/div>\n<\/div>\n<h2>Kasyno Spin Sahara na wyci\u0105gni\u0119cie r\u0119ki<\/h2>\n<p>Aplikacja Spinsahara z pewno\u015bci\u0105 u\u0142atwi Ci \u017cycie. Teraz nie musisz ju\u017c martwi\u0107 si\u0119 o to, jak zd\u0105\u017cy\u0107 wcze\u015bniej do domu, aby cieszy\u0107 si\u0119 grami. Potrzebujesz tylko telefonu i stabilnego po\u0142\u0105czenia internetowego. Oprogramowanie mobilne jest doskonale dostosowane do nowoczesnych urz\u0105dze\u0144, ich rozmiar\u00f3w i rozdzielczo\u015bci.<\/p>\n<p>Otrzymasz dost\u0119p do ponad 6000 tytu\u0142\u00f3w w r\u00f3\u017cnych kategoriach. Wszyscy nasi dostawcy oprogramowania tworz\u0105 gry kompatybilne z urz\u0105dzeniami z systemem Android i iOS. Poza tym nie ma \u017cadnych problem\u00f3w z dokonywaniem wp\u0142at lub wyp\u0142at \u015brodk\u00f3w.<\/p>\n<p>Post\u0119py w aplikacji i wersji na komputery stacjonarne s\u0105 synchronizowane. Oznacza to, \u017ce po zalogowaniu si\u0119 na swoje konto mo\u017cesz \u0142\u0105czy\u0107 swoje do\u015bwiadczenia z komputera i smartfona. Na obu urz\u0105dzeniach Twoje post\u0119py b\u0119d\u0105 zapisywane.<\/p>\n<p>Je\u015bli masz jakiekolwiek pytania lub problemy dotycz\u0105ce oprogramowania mobilnego, zawsze mo\u017cesz skontaktowa\u0107 si\u0119 z naszym zespo\u0142em obs\u0142ugi klienta dost\u0119pnym 24 godziny na dob\u0119, 7 dni w tygodniu. S\u0105 oni dost\u0119pni w aplikacji poprzez czat na \u017cywo lub e-mail. Odpowiemy szybko i udzielimy profesjonalnej porady.<\/p>\n<p><div style=\"clear: both\"><\/div><div class=\"d-flex justify-content-center\"><button data-item=\"decouvrez_link\" data-group=\"website_links\" class=\"goto fw-bold rounded-pill btn btn-orange\" aria-label=\"Pobierz Spinsahara\" >Pobierz Spinsahara<\/button><\/div><div class=\"scrollable-content-wrap my-5\"><div class=\"scrollable-content-inner\"><h2>Aplikacja Spinsahara Casino na Androida<\/h2>\n<p>U\u017cytkownicy Androida mog\u0105 \u0142atwo uzyska\u0107 dost\u0119p do strony internetowej Spinsahara Casino w dowolnej przegl\u0105darce mobilnej. Mo\u017cesz cieszy\u0107 si\u0119 tymi samymi grami i funkcjami, ale dostosowanymi do smartfona lub tabletu. Aby jednak uzyska\u0107 bardziej spersonalizowane wra\u017cenia, zapraszamy do zainstalowania aplikacji Spin Sahara. Aby to zrobi\u0107, nie musisz pobiera\u0107 \u017cadnych nieznanych plik\u00f3w APK, kt\u00f3re b\u0119d\u0105 zajmowa\u0107 miejsce w pami\u0119ci Twojego urz\u0105dzenia. Wersja mobilna zosta\u0142a opracowana jako progresywna aplikacja internetowa (PWA).<\/p>\n<p>Aplikacja Spinsahara jest kompatybilna ze wszystkimi nowoczesnymi urz\u0105dzeniami z systemem Android. Jest idealnie zaprojektowana do obs\u0142ugi ekran\u00f3w dotykowych. Mo\u017cesz gra\u0107 w gry, dokonywa\u0107 wp\u0142at lub wyp\u0142at, otrzymywa\u0107 bonusy i bra\u0107 udzia\u0142 w turniejach. W poni\u017cszej tabeli znajdziesz szczeg\u00f3\u0142owe instrukcje dotycz\u0105ce szybkiej i bezproblemowej instalacji.<\/p>\n<table>\n<tbody>\n<tr>\n<td>Krok<\/td>\n<td>Szczeg\u00f3\u0142y<\/td>\n<\/tr>\n<tr>\n<td>Odwied\u017a nasz\u0105 oficjaln\u0105 stron\u0119 internetow\u0105.<\/td>\n<td>Aby unikn\u0105\u0107 oszustw, zalecamy pobieranie aplikacji wy\u0142\u0105cznie z oficjalnej strony internetowej.<\/td>\n<\/tr>\n<tr>\n<td>Kliknij przycisk \u201eAplikacja kasyna\u201d w stopce strony.<\/td>\n<td>Znajduje si\u0119 on na samym ko\u0144cu strony g\u0142\u00f3wnej. Instalacja rozpocznie si\u0119 automatycznie i potrwa nie d\u0142u\u017cej ni\u017c kilka minut.<\/td>\n<\/tr>\n<tr>\n<td>Ikona Spinsahara Casino pojawi si\u0119 na ekranie g\u0142\u00f3wnym.<\/td>\n<td>Teraz mo\u017cesz si\u0119 zalogowa\u0107 lub utworzy\u0107 nowe konto i zacz\u0105\u0107 cieszy\u0107 si\u0119 gr\u0105.<\/td>\n<\/tr>\n<\/tbody>\n<\/table>\n<p><img loading=\"lazy\" decoding=\"async\" src=\"https:\/\/thespinsahara.org\/wp-content\/uploads\/2025\/11\/Spinsahara-Android-App.webp\" alt=\"Spinsahara Android App\" width=\"1248\" height=\"536\" \/><\/p>\n<\/div><\/div><div style=\"clear: both\"><\/div><div class=\"d-flex justify-content-center\"><button data-item=\"decouvrez_link\" data-group=\"website_links\" class=\"goto fw-bold rounded-pill btn btn-orange\" aria-label=\"Pobierz aplikacj\u0119 Spinsahara\" >Pobierz aplikacj\u0119 Spinsahara<\/button><\/div><div class=\"scrollable-content-wrap my-5\"><div class=\"scrollable-content-inner\"><h2>Aplikacja Spinsahara Casino na iOS<\/h2>\n<p>Je\u015bli masz iPhone&#8217;a lub iPada, nie ma \u017cadnego problemu, poniewa\u017c mo\u017cesz r\u00f3wnie\u017c p\u0142ynnie korzysta\u0107 z aplikacji Spinsahara na swoim urz\u0105dzeniu. Ze wzgl\u0119du na zasady App Store dotycz\u0105ce hazardu nie mo\u017cesz pobra\u0107 naszego mobilnego kasyna z oficjalnego sklepu. Zamiast tego masz mo\u017cliwo\u015b\u0107 zainstalowania PWA z naszej strony internetowej. Regularnie j\u0105 testujemy, wi\u0119c mo\u017cesz mie\u0107 pewno\u015b\u0107, \u017ce jest w pe\u0142ni bezpieczna.<\/p>\n<p>Mobilna wersja Spin Sahara Casino oferuje ogromn\u0105 kolekcj\u0119 gier i bonus\u00f3w, p\u0142atno\u015bci, turnieje, codzienne misje, obs\u0142ug\u0119 klienta i wiele wi\u0119cej. Mo\u017cesz zarejestrowa\u0107 si\u0119 lub zako\u0144czy\u0107 proces weryfikacji bezpo\u015brednio w oprogramowaniu mobilnym.<\/p>\n<p>Ponadto w ka\u017cdej nowoczesnej przegl\u0105darce mobilnej mo\u017cna zainstalowa\u0107 ikon\u0119 skr\u00f3tu do strony internetowej, aby uzyska\u0107 szybki dost\u0119p bezpo\u015brednio z ekranu g\u0142\u00f3wnego. Dzia\u0142a to r\u00f3wnie\u017c w przypadku Spin Sahara. Post\u0119puj zgodnie z naszymi kr\u00f3tkimi instrukcjami poni\u017cej, aby mie\u0107 nasze kasyno mobilne zawsze pod r\u0119k\u0105.<\/p>\n<table>\n<tbody>\n<tr>\n<td>Krok<\/td>\n<td>Szczeg\u00f3\u0142y<\/td>\n<\/tr>\n<tr>\n<td>Otw\u00f3rz aplikacj\u0119 \u201eSkr\u00f3t\u201d.<\/td>\n<td>Aplikacja powinna zosta\u0107 automatycznie zainstalowana na Twoim urz\u0105dzeniu.<\/td>\n<\/tr>\n<tr>\n<td>Kliknij ikon\u0119 \u201e+\u201d, aby utworzy\u0107 nowy skr\u00f3t.<\/td>\n<td>Ikona znajduje si\u0119 w prawym g\u00f3rnym rogu strony g\u0142\u00f3wnej.<\/td>\n<\/tr>\n<tr>\n<td>Naci\u015bnij \u201eDodaj akcj\u0119\u201d.<\/td>\n<td>Teraz nale\u017cy wyszuka\u0107 stron\u0119 internetow\u0105 Spinsahara, dla kt\u00f3rej chcesz utworzy\u0107 skr\u00f3t.<\/td>\n<\/tr>\n<tr>\n<td>Kliknij przycisk obok nazwy skr\u00f3tu i wybierz \u201eDodaj do ekranu g\u0142\u00f3wnego\u201d.<\/td>\n<td>Przycisk ma posta\u0107 strza\u0142ki skierowanej w d\u00f3\u0142.<\/td>\n<\/tr>\n<tr>\n<td>Naci\u015bnij \u201eDodaj\u201d.<\/td>\n<td>Przed wykonaniem tej czynno\u015bci mo\u017cesz zmieni\u0107 nazw\u0119 ikony, je\u015bli chcesz.<\/td>\n<\/tr>\n<\/tbody>\n<\/table>\n<p><img loading=\"lazy\" decoding=\"async\" src=\"https:\/\/thespinsahara.org\/wp-content\/uploads\/2025\/11\/Spinsahara-iOS-App.webp\" alt=\"Spinsahara iOS App\" width=\"1248\" height=\"536\" \/><\/p>\n<\/div><\/div><div style=\"clear: both\"><\/div><div class=\"d-flex justify-content-center\"><button data-item=\"decouvrez_link\" data-group=\"website_links\" class=\"goto fw-bold rounded-pill btn btn-orange\" aria-label=\"Pobierz Spinsahara\" >Pobierz Spinsahara<\/button><\/div><div class=\"scrollable-content-wrap my-5\"><div class=\"scrollable-content-inner\"><h2>Pliki do pobrania dla system\u00f3w Windows i macOS<\/h2>\n<p>Niekt\u00f3rzy u\u017cytkownicy wol\u0105 korzysta\u0107 ze swoich ulubionych automat\u00f3w online w domu, na komputerach stacjonarnych lub laptopach. Ca\u0142y proces odbywa si\u0119 na du\u017cym ekranie, wi\u0119c na pewno nie przegapisz niczego z gry. Dost\u0119p do kasyna Spinsahara mo\u017cna uzyska\u0107 w dowolnej przegl\u0105darce internetowej.<\/p>\n<p>Aby uzyska\u0107 bardziej spersonalizowane do\u015bwiadczenia z powiadomieniami push o nowo\u015bciach i osi\u0105gni\u0119ciach, mo\u017cesz pobra\u0107 aplikacj\u0119 na komputer. B\u0119dziesz mie\u0107 dost\u0119p do wszystkich tych samych funkcji, tylko szybciej i wygodniej. Wersja na komputery obs\u0142uguje wszystkie urz\u0105dzenia z systemem Windows i macOS, dzia\u0142a p\u0142ynnie i nie ma \u017cadnych problem\u00f3w.<\/p>\n<p><img loading=\"lazy\" decoding=\"async\" src=\"https:\/\/thespinsahara.org\/wp-content\/uploads\/2025\/11\/Spinsahara-Desktop.webp\" alt=\"Spinsahara Desktop\" width=\"1248\" height=\"536\" \/><\/p>\n<\/div><\/div><div style=\"clear: both\"><\/div><div class=\"d-flex justify-content-center\"><button data-item=\"decouvrez_link\" data-group=\"website_links\" class=\"goto fw-bold rounded-pill btn btn-orange\" aria-label=\"Pobierz aplikacj\u0119 Spinsahara\" >Pobierz aplikacj\u0119 Spinsahara<\/button><\/div><div class=\"scrollable-content-wrap my-5\"><div class=\"scrollable-content-inner\"><h2>FAQ<\/h2>\n<h3>Czy aplikacja Spin Sahara Casino oferuje obs\u0142ug\u0119 klienta?<\/h3>\n<p>W aplikacji znajdziesz czat na \u017cywo z obs\u0142ug\u0105 klienta. Nasi mened\u017cerowie s\u0105 dost\u0119pni 24 godziny na dob\u0119, 7 dni w tygodniu, aby rozwi\u0105za\u0107 wszelkie problemy zwi\u0105zane z platform\u0105. W przypadku bardziej szczeg\u00f3\u0142owych kwestii mo\u017cesz wys\u0142a\u0107 do nas wiadomo\u015b\u0107 e-mail.<\/p>\n<h3>Czy do korzystania z aplikacji Spinsahara wymagane jest utworzenie konta?<\/h3>\n<p>Aby korzysta\u0107 ze wszystkich funkcji aplikacji Spinsahara, nale\u017cy posiada\u0107 konto. Na przyk\u0142ad dokonanie wp\u0142aty i gra na prawdziwe pieni\u0105dze s\u0105 mo\u017cliwe tylko po rejestracji.<\/p>\n<h3>Czy wszystkie gry s\u0105 dost\u0119pne w aplikacji?<\/h3>\n<p>Pe\u0142na kolekcja gier, obejmuj\u0105ca ponad 6000 tytu\u0142\u00f3w, jest dost\u0119pna w aplikacji mobilnej. Zawiera ona automaty, gry sto\u0142owe, opcje z krupierem na \u017cywo i wiele innych. Wszystkie gry doskonale dostosowuj\u0105 si\u0119 do smartfon\u00f3w lub tablet\u00f3w i zapewniaj\u0105 u\u017cytkownikom doskona\u0142e wra\u017cenia.<\/p>\n<h3>Jak mog\u0119 zaktualizowa\u0107 aplikacj\u0119 Spinsahara Casino?<\/h3>\n<p>Wi\u0119kszo\u015b\u0107 aktualizacji aplikacji Spinsahara odbywa si\u0119 automatycznie, bez konieczno\u015bci wykonywania dodatkowych czynno\u015bci ze strony u\u017cytkownika. W przypadku wprowadzenia wi\u0119kszych zmian wy\u015blemy Ci powiadomienie z pro\u015bb\u0105 o zainstalowanie najnowszej wersji z naszej oficjalnej strony internetowej.<\/p>\n<\/div><\/div><\/p>\n","protected":false},"excerpt":{"rendered":"<p>Aplikacja Spinsahara Gaming Opracowali\u015bmy wygodn\u0105 Spinsahara app na Androida i iOS, poniewa\u017c wsp\u00f3\u0142cze\u015bni u\u017cytkownicy wol\u0105 mie\u0107 wszystkie swoje ulubione tytu\u0142y w telefonie, aby mie\u0107 do nich szybki dost\u0119p. Mo\u017cesz zachowa\u0107 elastyczno\u015b\u0107 i gra\u0107 w dowolnym miejscu i czasie. W oprogramowaniu mobilnym znajdziesz ca\u0142y wyb\u00f3r gier, kt\u00f3ry w pe\u0142ni dostosowuje si\u0119 do rozmiar\u00f3w nowoczesnych urz\u0105dze\u0144. Zasadniczo [&hellip;]<\/p>\n","protected":false},"author":1,"featured_media":0,"parent":0,"menu_order":0,"comment_status":"closed","ping_status":"closed","template":"template-builder.php","meta":{"_acf_changed":false,"inline_featured_image":false,"footnotes":""},"class_list":["post-1426","page","type-page","status-publish","hentry"],"acf":[],"yoast_head":"<!-- This site is optimized with the Yoast SEO plugin v27.3 - https:\/\/yoast.com\/product\/yoast-seo-wordpress\/ -->\n<title>Kasyno mobilne Spinsahara | Aplikacja na Androida i iOS<\/title>\n<meta name=\"description\" content=\"Aplikacja Spinsahara oferuje p\u0142ynn\u0105 rozgrywk\u0119 kasynow\u0105 na platformach Android, iOS, Windows i macOS, zapewniaj\u0105c zsynchronizowane konta, cz\u0119ste aktualizacje i zintegrowan\u0105 obs\u0142ug\u0119 klienta, aby zapewni\u0107 nieprzerwan\u0105 rozgrywk\u0119.\" \/>\n<meta name=\"robots\" content=\"index, follow, max-snippet:-1, max-image-preview:large, max-video-preview:-1\" \/>\n<link rel=\"canonical\" href=\"https:\/\/thespinsahara.org\/pl\/aplikacja\/\" \/>\n<meta property=\"og:locale\" content=\"pl_PL\" \/>\n<meta property=\"og:type\" content=\"article\" \/>\n<meta property=\"og:title\" content=\"Kasyno mobilne Spinsahara | Aplikacja na Androida i iOS\" \/>\n<meta property=\"og:description\" content=\"Aplikacja Spinsahara oferuje p\u0142ynn\u0105 rozgrywk\u0119 kasynow\u0105 na platformach Android, iOS, Windows i macOS, zapewniaj\u0105c zsynchronizowane konta, cz\u0119ste aktualizacje i zintegrowan\u0105 obs\u0142ug\u0119 klienta, aby zapewni\u0107 nieprzerwan\u0105 rozgrywk\u0119.\" \/>\n<meta property=\"og:url\" content=\"https:\/\/thespinsahara.org\/pl\/aplikacja\/\" \/>\n<meta property=\"og:site_name\" content=\"spinsahara\" \/>\n<meta property=\"article:modified_time\" content=\"2025-11-17T07:16:15+00:00\" \/>\n<meta name=\"twitter:card\" content=\"summary_large_image\" \/>\n<meta name=\"twitter:label1\" content=\"Est. reading time\" \/>\n\t<meta name=\"twitter:data1\" content=\"2 minutes\" \/>\n<script type=\"application\/ld+json\" class=\"yoast-schema-graph\">{\"@context\":\"https:\\\/\\\/schema.org\",\"@graph\":[{\"@type\":\"WebPage\",\"@id\":\"https:\\\/\\\/thespinsahara.org\\\/pl\\\/aplikacja\\\/\",\"url\":\"https:\\\/\\\/thespinsahara.org\\\/pl\\\/aplikacja\\\/\",\"name\":\"Kasyno mobilne Spinsahara | Aplikacja na Androida i iOS\",\"isPartOf\":{\"@id\":\"https:\\\/\\\/thespinsahara.org\\\/pl\\\/#website\"},\"datePublished\":\"2025-11-14T09:53:46+00:00\",\"dateModified\":\"2025-11-17T07:16:15+00:00\",\"description\":\"Aplikacja Spinsahara oferuje p\u0142ynn\u0105 rozgrywk\u0119 kasynow\u0105 na platformach Android, iOS, Windows i macOS, zapewniaj\u0105c zsynchronizowane konta, cz\u0119ste aktualizacje i zintegrowan\u0105 obs\u0142ug\u0119 klienta, aby zapewni\u0107 nieprzerwan\u0105 rozgrywk\u0119.\",\"breadcrumb\":{\"@id\":\"https:\\\/\\\/thespinsahara.org\\\/pl\\\/aplikacja\\\/#breadcrumb\"},\"inLanguage\":\"pl-PL\",\"potentialAction\":[{\"@type\":\"ReadAction\",\"target\":[\"https:\\\/\\\/thespinsahara.org\\\/pl\\\/aplikacja\\\/\"]}]},{\"@type\":\"BreadcrumbList\",\"@id\":\"https:\\\/\\\/thespinsahara.org\\\/pl\\\/aplikacja\\\/#breadcrumb\",\"itemListElement\":[{\"@type\":\"ListItem\",\"position\":1,\"name\":\"Spinsahara\",\"item\":\"https:\\\/\\\/thespinsahara.org\\\/pl\\\/\"},{\"@type\":\"ListItem\",\"position\":2,\"name\":\"Aplikacja\"}]},{\"@type\":\"WebSite\",\"@id\":\"https:\\\/\\\/thespinsahara.org\\\/pl\\\/#website\",\"url\":\"https:\\\/\\\/thespinsahara.org\\\/pl\\\/\",\"name\":\"Spinsahara\",\"description\":\"\",\"publisher\":{\"@id\":\"https:\\\/\\\/thespinsahara.org\\\/pl\\\/#organization\"},\"potentialAction\":[{\"@type\":\"SearchAction\",\"target\":{\"@type\":\"EntryPoint\",\"urlTemplate\":\"https:\\\/\\\/thespinsahara.org\\\/pl\\\/?s={search_term_string}\"},\"query-input\":{\"@type\":\"PropertyValueSpecification\",\"valueRequired\":true,\"valueName\":\"search_term_string\"}}],\"inLanguage\":\"pl-PL\"},{\"@type\":\"Organization\",\"@id\":\"https:\\\/\\\/thespinsahara.org\\\/pl\\\/#organization\",\"name\":\"Spinsahara\",\"url\":\"https:\\\/\\\/thespinsahara.org\\\/pl\\\/\",\"logo\":{\"@type\":\"ImageObject\",\"inLanguage\":\"pl-PL\",\"@id\":\"https:\\\/\\\/thespinsahara.org\\\/pl\\\/#\\\/schema\\\/logo\\\/image\\\/\",\"url\":\"https:\\\/\\\/thespinsahara.org\\\/wp-content\\\/uploads\\\/2025\\\/11\\\/logo.svg\",\"contentUrl\":\"https:\\\/\\\/thespinsahara.org\\\/wp-content\\\/uploads\\\/2025\\\/11\\\/logo.svg\",\"width\":160,\"height\":31,\"caption\":\"Spinsahara\"},\"image\":{\"@id\":\"https:\\\/\\\/thespinsahara.org\\\/pl\\\/#\\\/schema\\\/logo\\\/image\\\/\"}}]}<\/script>\n<!-- \/ Yoast SEO plugin. -->","yoast_head_json":{"title":"Kasyno mobilne Spinsahara | Aplikacja na Androida i iOS","description":"Aplikacja Spinsahara oferuje p\u0142ynn\u0105 rozgrywk\u0119 kasynow\u0105 na platformach Android, iOS, Windows i macOS, zapewniaj\u0105c zsynchronizowane konta, cz\u0119ste aktualizacje i zintegrowan\u0105 obs\u0142ug\u0119 klienta, aby zapewni\u0107 nieprzerwan\u0105 rozgrywk\u0119.","robots":{"index":"index","follow":"follow","max-snippet":"max-snippet:-1","max-image-preview":"max-image-preview:large","max-video-preview":"max-video-preview:-1"},"canonical":"https:\/\/thespinsahara.org\/pl\/aplikacja\/","og_locale":"pl_PL","og_type":"article","og_title":"Kasyno mobilne Spinsahara | Aplikacja na Androida i iOS","og_description":"Aplikacja Spinsahara oferuje p\u0142ynn\u0105 rozgrywk\u0119 kasynow\u0105 na platformach Android, iOS, Windows i macOS, zapewniaj\u0105c zsynchronizowane konta, cz\u0119ste aktualizacje i zintegrowan\u0105 obs\u0142ug\u0119 klienta, aby zapewni\u0107 nieprzerwan\u0105 rozgrywk\u0119.","og_url":"https:\/\/thespinsahara.org\/pl\/aplikacja\/","og_site_name":"spinsahara","article_modified_time":"2025-11-17T07:16:15+00:00","twitter_card":"summary_large_image","twitter_misc":{"Est. reading time":"2 minutes"},"schema":{"@context":"https:\/\/schema.org","@graph":[{"@type":"WebPage","@id":"https:\/\/thespinsahara.org\/pl\/aplikacja\/","url":"https:\/\/thespinsahara.org\/pl\/aplikacja\/","name":"Kasyno mobilne Spinsahara | Aplikacja na Androida i iOS","isPartOf":{"@id":"https:\/\/thespinsahara.org\/pl\/#website"},"datePublished":"2025-11-14T09:53:46+00:00","dateModified":"2025-11-17T07:16:15+00:00","description":"Aplikacja Spinsahara oferuje p\u0142ynn\u0105 rozgrywk\u0119 kasynow\u0105 na platformach Android, iOS, Windows i macOS, zapewniaj\u0105c zsynchronizowane konta, cz\u0119ste aktualizacje i zintegrowan\u0105 obs\u0142ug\u0119 klienta, aby zapewni\u0107 nieprzerwan\u0105 rozgrywk\u0119.","breadcrumb":{"@id":"https:\/\/thespinsahara.org\/pl\/aplikacja\/#breadcrumb"},"inLanguage":"pl-PL","potentialAction":[{"@type":"ReadAction","target":["https:\/\/thespinsahara.org\/pl\/aplikacja\/"]}]},{"@type":"BreadcrumbList","@id":"https:\/\/thespinsahara.org\/pl\/aplikacja\/#breadcrumb","itemListElement":[{"@type":"ListItem","position":1,"name":"Spinsahara","item":"https:\/\/thespinsahara.org\/pl\/"},{"@type":"ListItem","position":2,"name":"Aplikacja"}]},{"@type":"WebSite","@id":"https:\/\/thespinsahara.org\/pl\/#website","url":"https:\/\/thespinsahara.org\/pl\/","name":"Spinsahara","description":"","publisher":{"@id":"https:\/\/thespinsahara.org\/pl\/#organization"},"potentialAction":[{"@type":"SearchAction","target":{"@type":"EntryPoint","urlTemplate":"https:\/\/thespinsahara.org\/pl\/?s={search_term_string}"},"query-input":{"@type":"PropertyValueSpecification","valueRequired":true,"valueName":"search_term_string"}}],"inLanguage":"pl-PL"},{"@type":"Organization","@id":"https:\/\/thespinsahara.org\/pl\/#organization","name":"Spinsahara","url":"https:\/\/thespinsahara.org\/pl\/","logo":{"@type":"ImageObject","inLanguage":"pl-PL","@id":"https:\/\/thespinsahara.org\/pl\/#\/schema\/logo\/image\/","url":"https:\/\/thespinsahara.org\/wp-content\/uploads\/2025\/11\/logo.svg","contentUrl":"https:\/\/thespinsahara.org\/wp-content\/uploads\/2025\/11\/logo.svg","width":160,"height":31,"caption":"Spinsahara"},"image":{"@id":"https:\/\/thespinsahara.org\/pl\/#\/schema\/logo\/image\/"}}]}},"_links":{"self":[{"href":"https:\/\/thespinsahara.org\/pl\/wp-json\/wp\/v2\/pages\/1426","targetHints":{"allow":["GET"]}}],"collection":[{"href":"https:\/\/thespinsahara.org\/pl\/wp-json\/wp\/v2\/pages"}],"about":[{"href":"https:\/\/thespinsahara.org\/pl\/wp-json\/wp\/v2\/types\/page"}],"author":[{"embeddable":true,"href":"https:\/\/thespinsahara.org\/pl\/wp-json\/wp\/v2\/users\/1"}],"replies":[{"embeddable":true,"href":"https:\/\/thespinsahara.org\/pl\/wp-json\/wp\/v2\/comments?post=1426"}],"version-history":[{"count":2,"href":"https:\/\/thespinsahara.org\/pl\/wp-json\/wp\/v2\/pages\/1426\/revisions"}],"predecessor-version":[{"id":1776,"href":"https:\/\/thespinsahara.org\/pl\/wp-json\/wp\/v2\/pages\/1426\/revisions\/1776"}],"wp:attachment":[{"href":"https:\/\/thespinsahara.org\/pl\/wp-json\/wp\/v2\/media?parent=1426"}],"curies":[{"name":"wp","href":"https:\/\/api.w.org\/{rel}","templated":true}]}}