{"id":1467,"date":"2025-11-14T10:06:35","date_gmt":"2025-11-14T10:06:35","guid":{"rendered":"https:\/\/thespinsahara.org\/login-and-registration\/"},"modified":"2025-11-14T13:52:28","modified_gmt":"2025-11-14T13:52:28","slug":"inloggen-en-registreren","status":"publish","type":"page","link":"https:\/\/thespinsahara.org\/nl\/inloggen-en-registreren\/","title":{"rendered":"Inloggen en registreren"},"content":{"rendered":"<h1>Spinsahara Login: snelle registratie en accountbeheer<\/h1>\n<p>Om toegang te krijgen tot alle functionaliteiten op onze website of app, moeten alle Nederlandse gebruikers het Spinsahara login proces doorlopen. U moet 18 jaar of ouder zijn om dat te doen. Daarnaast hebben we een regel dat \u00e9\u00e9n persoon slechts \u00e9\u00e9n account kan hebben. Na registratie krijgt u toegang tot de volledige spelcollectie, betalingen, bonussen en klantenservice, die 24 uur per dag beschikbaar is.<\/p>\n<p><div class=\"banner-wrap\" aria-label=\"Banner\"><img src=\"https:\/\/thespinsahara.org\/wp-content\/uploads\/2025\/11\/Spinsahara-banner-carousel-932\u0445400-12.webp\" class=\"w-100 d-none d-lg-block img-pc main-banner-img\" alt=\"Spinsahara banner desktop\" fetchpriority=\"high\" decoding=\"async\"><img src=\"https:\/\/thespinsahara.org\/wp-content\/uploads\/2025\/12\/Frame-35.webp\" class=\"w-100 d-none d-md-block d-lg-none main-banner-img\" alt=\"Spinsahara banner mobile\" fetchpriority=\"high\" decoding=\"async\"><img src=\"https:\/\/thespinsahara.org\/wp-content\/uploads\/2025\/12\/Frame-35.webp\" class=\"w-100 d-md-none\" alt=\"Spinsahara banner mobile\" fetchpriority=\"high\" decoding=\"async\"><div class=\"banner-description\">\n<div class=\"banner-title\">Welkomstbonussen<\/div>\n<p class=\"banner-header-title\">1500 \u20ac<\/p>\n<div class=\"banner-header-AdditionalText\">+ 250 Gratis spins<\/div>\n<button data-item=\"homepage_banner_link\" class=\"goto m-button m-gradient-border m-button--primary m-button--large banner-button btn-orange\">\n            <div class=\"m-button-content\">\n                <span>Meld je nu aan<\/span>\n                <span><\/span>\n            <\/div>\n        <\/button>\n<\/div>\n<div class=\"WelcomePack\">\n<p><img loading=\"lazy\" decoding=\"async\" class=\"alignnone wp-image-1344 size-full\" src=\"https:\/\/thespinsahara.org\/wp-content\/uploads\/2025\/11\/welcome-crown.svg\" alt=\"crown\" width=\"25\" height=\"26\" \/><\/p>\n<div class=\"WelcomePack-Info\">Wekelijkse cashback tot 25%<\/div>\n<p><img loading=\"lazy\" decoding=\"async\" class=\"alignnone wp-image-1344 size-full\" src=\"https:\/\/thespinsahara.org\/wp-content\/uploads\/2025\/11\/welcome-crown.svg\" alt=\"crown\" width=\"25\" height=\"26\" \/><\/p>\n<\/div>\n<\/div><div class=\"scrollable-content-wrap my-5\"><div class=\"scrollable-content-inner\"><h2>Spelerregistratie bij Spinsahara Casino<\/h2>\n<p>Spinsahara Casino combineert alle beste functies van een online casino op zijn platform. Maar om toegang te krijgen tot al deze functies, moet u eerst het Spinsahara-inlogproces doorlopen. Dit duurt voor de meeste gebruikers niet langer dan 3 minuten en er wordt alleen de noodzakelijke informatie van u gevraagd.<\/p>\n<p>Op ons platform vindt u meer dan 6.000 spellen, waaronder populaire slots, tafelspellen, live dealer-opties, crash-spellen en nog veel meer. U kunt stortingen en opnames doen met populaire en veilige betaalmethoden, bijvoorbeeld bankkaarten, e-wallets, bankoverschrijvingen en cryptovaluta. Na het inloggen bij Spinsahara krijgt u ook toegang tot een aantal functionaliteiten en tools in uw persoonlijke account.<\/p>\n<table>\n<tbody>\n<tr>\n<td>Functie<\/td>\n<td>Details<\/td>\n<\/tr>\n<tr>\n<td>Beheer van persoonlijke en betalingsgegevens<\/td>\n<td>U kunt uw persoonlijke of betalingsgegevens op elk moment wijzigen.<\/td>\n<\/tr>\n<tr>\n<td>Activiteitengeschiedenis<\/td>\n<td>U ziet uw speel-, bonus- en stortingsgeschiedenis.<\/td>\n<\/tr>\n<tr>\n<td>Hulpmiddelen voor verantwoord gokken<\/td>\n<td>We bieden limieten voor tijd, stortingen, weddenschappen en verliezen, evenals zelfuitsluiting.<\/td>\n<\/tr>\n<tr>\n<td>Betalingen<\/td>\n<td>In uw account kunt u zonder vertraging stortingen en opnames doen.<\/td>\n<\/tr>\n<tr>\n<td>Verificatieproces<\/td>\n<td>Voordat u uw eerste opname kunt doen, moet u documenten uploaden die uw identiteit bewijzen.<\/td>\n<\/tr>\n<\/tbody>\n<\/table>\n<h3>Maak uw account aan<\/h3>\n<p>De registratie bij Spin Sahara Casino is zo eenvoudig mogelijk gemaakt voor alle spelers, ook voor nieuwe spelers. Het is intu\u00eftief en kost niet veel tijd. Hieronder vindt u een handleiding om het proces zo eenvoudig mogelijk te maken:<\/p>\n<ol>\n<li>Bezoek de offici\u00eble website van Spinsahara.<\/li>\n<li>Klik op de knop &#8216;Aanmelden&#8217; op de startpagina.<\/li>\n<li>Voer uw e-mailadres in en maak een wachtwoord aan. Als u een promotiecode heeft, kunt u deze ook in deze stap toevoegen.<\/li>\n<li>Bevestig dat u 18 jaar of ouder bent en dat u akkoord gaat met de regels van het platform.<\/li>\n<li>Klik op de knop &#8216;Aanmelden&#8217; aan het einde van het registratieformulier.<\/li>\n<li>Vul op het volgende scherm je persoonlijke gegevens in, zoals je volledige naam, geboortedatum, telefoonnummer en adres.<\/li>\n<li>Klik op &#8216;Opslaan&#8217; aan het einde van het formulier.<\/li>\n<\/ol>\n<p>Nu hebt u officieel een account bij Spinsahara Casino. U kunt uw eerste storting doen en voor echt geld spelen.<\/p>\n<h2>Toegang krijgen tot en een Spin Sahara-account aanmaken<\/h2>\n<p>Als u niet voor het eerst op het platform bent en u al een account hebt, hoeft u alleen maar het inlogproces van Spinsahara te doorlopen. Dit kan heel eenvoudig vanaf een pc of een mobiel apparaat. U moet naar het inlogformulier gaan door op de knop &#8216;Inloggen&#8217; op de startpagina te klikken. Voer daar het e-mailadres en wachtwoord in dat u bij de registratie hebt gebruikt. Als de ingevoerde gegevens correct zijn, wordt u automatisch ingelogd op uw account.<\/p>\n<p>Als u geen account heeft, kunt u sommige spellen alleen in demomodus spelen. Live dealer-opties, promoties, betalingen en al het andere zijn echter niet beschikbaar. Daarom raden we iedereen aan om na registratie in ieder geval alle functionaliteiten van Spinsahara te proberen.<\/p>\n<h3>Wachtwoord vergeten?<\/h3>\n<p>U kunt uw wachtwoord altijd opnieuw instellen als u het bent vergeten. We begrijpen dat zoiets iedereen kan overkomen. U hoeft alleen maar naar het inlogformulier te gaan en op &#8216;Wachtwoord vergeten?&#8217; te klikken. Daarna moet u het e-mailadres invoeren dat u gebruikt voor het inloggen bij Spinsahara. We sturen u dan een e-mail met een link om uw wachtwoord opnieuw in te stellen. U moet een nieuw wachtwoord aanmaken en dit gebruiken wanneer u Spinsahara Casino de volgende keer bezoekt.<\/p>\n<h3>Spin Sahara Casino: Veilig account en verificatieproces<\/h3>\n<p>Voordat ze hun eerste storting doen, moeten al onze spelers het verificatieproces doorlopen. Dit is een van de regels die iedereen moet volgen om Spinsahara een veilig platform te houden dat vrij is van fraude. U wordt gevraagd om de volgende documenten op onze website te uploaden:<\/p>\n<ul>\n<li>Paspoort, identiteitskaart, rijbewijs<\/li>\n<li>Een energierekening van maximaal 3 maanden oud, bankafschrift<\/li>\n<li>Bewijs van eigendom van de bankrekening, kaart, e-wallet of cryptocurrency-wallet<\/li>\n<\/ul>\n<p>Daarna zullen onze managers uw documenten binnen 48 uur beoordelen en contact met u opnemen met een antwoord. Als alles in orde is, kunt u zonder vertraging geld opnemen bij Spin Sahara. Het verificatieproces hoeft slechts \u00e9\u00e9n keer te worden doorlopen.<\/p>\n<h2>Veelgestelde vragen<\/h2>\n<h3>Hoe voltooi ik het accountverificatieproces?<\/h3>\n<p>Voordat u uw eerste opname doet, vragen wij u om documenten te uploaden waarmee u uw identiteit kunt aantonen. Onze managers zullen deze binnen 48 uur controleren en contact met u opnemen.<\/p>\n<h3>Hoe kan ik mijn wachtwoord of e-mailadres wijzigen?<\/h3>\n<p>U kunt alle betalings- en persoonlijke gegevens, inclusief wachtwoord en e-mailadres, bijwerken in de instellingen van uw Spin Sahara-account. Als u uw wachtwoord bent vergeten, kunt u dit opnieuw instellen via het inlogformulier.<\/p>\n<h3>Wat moet ik doen als mijn account is geblokkeerd?<\/h3>\n<p>Als u geen aanvullende informatie van ons hebt ontvangen over het blokkeren van uw account, neem dan contact op met ons 24\/7 ondersteuningsteam via live chat of e-mail. We sturen u altijd informatie over de reden en de duur van de blokkering via e-mail.<\/p>\n<h3>Hoe kan ik mijn account sluiten of tijdelijk opschorten?<\/h3>\n<p>Om uw account te blokkeren of tijdelijk op te schorten, moet u contact opnemen met ons meertalige ondersteuningsteam van Spinsahara. Zij zullen dit binnen enkele minuten doen en u uitleggen hoe u weer een account kunt openen.<\/p>\n<\/div><\/div><\/p>\n","protected":false},"excerpt":{"rendered":"<p>Spinsahara Login: snelle registratie en accountbeheer Om toegang te krijgen tot alle functionaliteiten op onze website of app, moeten alle Nederlandse gebruikers het Spinsahara login proces doorlopen. U moet 18 jaar of ouder zijn om dat te doen. Daarnaast hebben we een regel dat \u00e9\u00e9n persoon slechts \u00e9\u00e9n account kan hebben. Na registratie krijgt u [&hellip;]<\/p>\n","protected":false},"author":1,"featured_media":0,"parent":0,"menu_order":0,"comment_status":"closed","ping_status":"closed","template":"template-builder.php","meta":{"_acf_changed":false,"inline_featured_image":false,"footnotes":""},"class_list":["post-1467","page","type-page","status-publish","hentry"],"acf":[],"yoast_head":"<!-- This site is optimized with the Yoast SEO plugin v27.3 - https:\/\/yoast.com\/product\/yoast-seo-wordpress\/ -->\n<title>Spinsahara Login - Registratie en toegang tot account<\/title>\n<meta name=\"description\" content=\"Maak, beheer en verifieer eenvoudig uw Spinsahara Casino-account. Profiteer van snelle registratie, naadloos accountherstel en veilige afsluiting via Spinsahara Login, zodat uw account te allen tijde veilig is.\" \/>\n<meta name=\"robots\" content=\"index, follow, max-snippet:-1, max-image-preview:large, max-video-preview:-1\" \/>\n<link rel=\"canonical\" href=\"https:\/\/thespinsahara.org\/nl\/inloggen-en-registreren\/\" \/>\n<meta property=\"og:locale\" content=\"nl_NL\" \/>\n<meta property=\"og:type\" content=\"article\" \/>\n<meta property=\"og:title\" content=\"Spinsahara Login - Registratie en toegang tot account\" \/>\n<meta property=\"og:description\" content=\"Maak, beheer en verifieer eenvoudig uw Spinsahara Casino-account. Profiteer van snelle registratie, naadloos accountherstel en veilige afsluiting via Spinsahara Login, zodat uw account te allen tijde veilig is.\" \/>\n<meta property=\"og:url\" content=\"https:\/\/thespinsahara.org\/nl\/inloggen-en-registreren\/\" \/>\n<meta property=\"og:site_name\" content=\"spinsahara\" \/>\n<meta property=\"article:modified_time\" content=\"2025-11-14T13:52:28+00:00\" \/>\n<meta name=\"twitter:card\" content=\"summary_large_image\" \/>\n<meta name=\"twitter:label1\" content=\"Est. reading time\" \/>\n\t<meta name=\"twitter:data1\" content=\"1 minute\" \/>\n<script type=\"application\/ld+json\" class=\"yoast-schema-graph\">{\"@context\":\"https:\\\/\\\/schema.org\",\"@graph\":[{\"@type\":\"WebPage\",\"@id\":\"https:\\\/\\\/thespinsahara.org\\\/nl\\\/inloggen-en-registreren\\\/\",\"url\":\"https:\\\/\\\/thespinsahara.org\\\/nl\\\/inloggen-en-registreren\\\/\",\"name\":\"Spinsahara Login - Registratie en toegang tot account\",\"isPartOf\":{\"@id\":\"https:\\\/\\\/thespinsahara.org\\\/nl\\\/#website\"},\"datePublished\":\"2025-11-14T10:06:35+00:00\",\"dateModified\":\"2025-11-14T13:52:28+00:00\",\"description\":\"Maak, beheer en verifieer eenvoudig uw Spinsahara Casino-account. Profiteer van snelle registratie, naadloos accountherstel en veilige afsluiting via Spinsahara Login, zodat uw account te allen tijde veilig is.\",\"breadcrumb\":{\"@id\":\"https:\\\/\\\/thespinsahara.org\\\/nl\\\/inloggen-en-registreren\\\/#breadcrumb\"},\"inLanguage\":\"nl-NL\",\"potentialAction\":[{\"@type\":\"ReadAction\",\"target\":[\"https:\\\/\\\/thespinsahara.org\\\/nl\\\/inloggen-en-registreren\\\/\"]}]},{\"@type\":\"BreadcrumbList\",\"@id\":\"https:\\\/\\\/thespinsahara.org\\\/nl\\\/inloggen-en-registreren\\\/#breadcrumb\",\"itemListElement\":[{\"@type\":\"ListItem\",\"position\":1,\"name\":\"Spinsahara\",\"item\":\"https:\\\/\\\/thespinsahara.org\\\/nl\\\/\"},{\"@type\":\"ListItem\",\"position\":2,\"name\":\"Inloggen en registreren\"}]},{\"@type\":\"WebSite\",\"@id\":\"https:\\\/\\\/thespinsahara.org\\\/nl\\\/#website\",\"url\":\"https:\\\/\\\/thespinsahara.org\\\/nl\\\/\",\"name\":\"Spinsahara\",\"description\":\"\",\"publisher\":{\"@id\":\"https:\\\/\\\/thespinsahara.org\\\/nl\\\/#organization\"},\"potentialAction\":[{\"@type\":\"SearchAction\",\"target\":{\"@type\":\"EntryPoint\",\"urlTemplate\":\"https:\\\/\\\/thespinsahara.org\\\/nl\\\/?s={search_term_string}\"},\"query-input\":{\"@type\":\"PropertyValueSpecification\",\"valueRequired\":true,\"valueName\":\"search_term_string\"}}],\"inLanguage\":\"nl-NL\"},{\"@type\":\"Organization\",\"@id\":\"https:\\\/\\\/thespinsahara.org\\\/nl\\\/#organization\",\"name\":\"Spinsahara\",\"url\":\"https:\\\/\\\/thespinsahara.org\\\/nl\\\/\",\"logo\":{\"@type\":\"ImageObject\",\"inLanguage\":\"nl-NL\",\"@id\":\"https:\\\/\\\/thespinsahara.org\\\/nl\\\/#\\\/schema\\\/logo\\\/image\\\/\",\"url\":\"https:\\\/\\\/thespinsahara.org\\\/wp-content\\\/uploads\\\/2025\\\/11\\\/logo.svg\",\"contentUrl\":\"https:\\\/\\\/thespinsahara.org\\\/wp-content\\\/uploads\\\/2025\\\/11\\\/logo.svg\",\"width\":160,\"height\":31,\"caption\":\"Spinsahara\"},\"image\":{\"@id\":\"https:\\\/\\\/thespinsahara.org\\\/nl\\\/#\\\/schema\\\/logo\\\/image\\\/\"}}]}<\/script>\n<!-- \/ Yoast SEO plugin. -->","yoast_head_json":{"title":"Spinsahara Login - Registratie en toegang tot account","description":"Maak, beheer en verifieer eenvoudig uw Spinsahara Casino-account. Profiteer van snelle registratie, naadloos accountherstel en veilige afsluiting via Spinsahara Login, zodat uw account te allen tijde veilig is.","robots":{"index":"index","follow":"follow","max-snippet":"max-snippet:-1","max-image-preview":"max-image-preview:large","max-video-preview":"max-video-preview:-1"},"canonical":"https:\/\/thespinsahara.org\/nl\/inloggen-en-registreren\/","og_locale":"nl_NL","og_type":"article","og_title":"Spinsahara Login - Registratie en toegang tot account","og_description":"Maak, beheer en verifieer eenvoudig uw Spinsahara Casino-account. Profiteer van snelle registratie, naadloos accountherstel en veilige afsluiting via Spinsahara Login, zodat uw account te allen tijde veilig is.","og_url":"https:\/\/thespinsahara.org\/nl\/inloggen-en-registreren\/","og_site_name":"spinsahara","article_modified_time":"2025-11-14T13:52:28+00:00","twitter_card":"summary_large_image","twitter_misc":{"Est. reading time":"1 minute"},"schema":{"@context":"https:\/\/schema.org","@graph":[{"@type":"WebPage","@id":"https:\/\/thespinsahara.org\/nl\/inloggen-en-registreren\/","url":"https:\/\/thespinsahara.org\/nl\/inloggen-en-registreren\/","name":"Spinsahara Login - Registratie en toegang tot account","isPartOf":{"@id":"https:\/\/thespinsahara.org\/nl\/#website"},"datePublished":"2025-11-14T10:06:35+00:00","dateModified":"2025-11-14T13:52:28+00:00","description":"Maak, beheer en verifieer eenvoudig uw Spinsahara Casino-account. Profiteer van snelle registratie, naadloos accountherstel en veilige afsluiting via Spinsahara Login, zodat uw account te allen tijde veilig is.","breadcrumb":{"@id":"https:\/\/thespinsahara.org\/nl\/inloggen-en-registreren\/#breadcrumb"},"inLanguage":"nl-NL","potentialAction":[{"@type":"ReadAction","target":["https:\/\/thespinsahara.org\/nl\/inloggen-en-registreren\/"]}]},{"@type":"BreadcrumbList","@id":"https:\/\/thespinsahara.org\/nl\/inloggen-en-registreren\/#breadcrumb","itemListElement":[{"@type":"ListItem","position":1,"name":"Spinsahara","item":"https:\/\/thespinsahara.org\/nl\/"},{"@type":"ListItem","position":2,"name":"Inloggen en registreren"}]},{"@type":"WebSite","@id":"https:\/\/thespinsahara.org\/nl\/#website","url":"https:\/\/thespinsahara.org\/nl\/","name":"Spinsahara","description":"","publisher":{"@id":"https:\/\/thespinsahara.org\/nl\/#organization"},"potentialAction":[{"@type":"SearchAction","target":{"@type":"EntryPoint","urlTemplate":"https:\/\/thespinsahara.org\/nl\/?s={search_term_string}"},"query-input":{"@type":"PropertyValueSpecification","valueRequired":true,"valueName":"search_term_string"}}],"inLanguage":"nl-NL"},{"@type":"Organization","@id":"https:\/\/thespinsahara.org\/nl\/#organization","name":"Spinsahara","url":"https:\/\/thespinsahara.org\/nl\/","logo":{"@type":"ImageObject","inLanguage":"nl-NL","@id":"https:\/\/thespinsahara.org\/nl\/#\/schema\/logo\/image\/","url":"https:\/\/thespinsahara.org\/wp-content\/uploads\/2025\/11\/logo.svg","contentUrl":"https:\/\/thespinsahara.org\/wp-content\/uploads\/2025\/11\/logo.svg","width":160,"height":31,"caption":"Spinsahara"},"image":{"@id":"https:\/\/thespinsahara.org\/nl\/#\/schema\/logo\/image\/"}}]}},"_links":{"self":[{"href":"https:\/\/thespinsahara.org\/nl\/wp-json\/wp\/v2\/pages\/1467","targetHints":{"allow":["GET"]}}],"collection":[{"href":"https:\/\/thespinsahara.org\/nl\/wp-json\/wp\/v2\/pages"}],"about":[{"href":"https:\/\/thespinsahara.org\/nl\/wp-json\/wp\/v2\/types\/page"}],"author":[{"embeddable":true,"href":"https:\/\/thespinsahara.org\/nl\/wp-json\/wp\/v2\/users\/1"}],"replies":[{"embeddable":true,"href":"https:\/\/thespinsahara.org\/nl\/wp-json\/wp\/v2\/comments?post=1467"}],"version-history":[{"count":2,"href":"https:\/\/thespinsahara.org\/nl\/wp-json\/wp\/v2\/pages\/1467\/revisions"}],"predecessor-version":[{"id":1539,"href":"https:\/\/thespinsahara.org\/nl\/wp-json\/wp\/v2\/pages\/1467\/revisions\/1539"}],"wp:attachment":[{"href":"https:\/\/thespinsahara.org\/nl\/wp-json\/wp\/v2\/media?parent=1467"}],"curies":[{"name":"wp","href":"https:\/\/api.w.org\/{rel}","templated":true}]}}