{"id":1471,"date":"2025-11-14T10:06:35","date_gmt":"2025-11-14T10:06:35","guid":{"rendered":"https:\/\/thespinsahara.org\/login-and-registration\/"},"modified":"2025-11-17T06:31:25","modified_gmt":"2025-11-17T06:31:25","slug":"accesso-e-registrazione","status":"publish","type":"page","link":"https:\/\/thespinsahara.org\/it\/accesso-e-registrazione\/","title":{"rendered":"Accesso e registrazione"},"content":{"rendered":"<h1>Accesso a Spinsahara: registrazione rapida e gestione dell&#8217;account<\/h1>\n<p>Per accedere a tutte le funzionalit\u00e0 del nostro sito web o della nostra app, tutti gli utenti italiani devono effettuare il Spinsahara login. Per farlo \u00e8 necessario avere almeno 18 anni. Inoltre, abbiamo una regola che prevede che una persona possa avere un solo account. Dopo la registrazione, avrai accesso all&#8217;intera collezione di giochi, ai pagamenti, ai bonus e al servizio clienti, disponibile 24 ore su 24.<\/p>\n<p><div class=\"banner-wrap\" aria-label=\"Banner\"><img src=\"https:\/\/thespinsahara.org\/wp-content\/uploads\/2025\/11\/Spinsahara-banner-carousel-932\u0445400-12.webp\" class=\"w-100 d-none d-lg-block img-pc main-banner-img\" alt=\"Spinsahara banner desktop\" fetchpriority=\"high\" decoding=\"async\"><img src=\"https:\/\/thespinsahara.org\/wp-content\/uploads\/2025\/12\/Frame-35.webp\" class=\"w-100 d-none d-md-block d-lg-none main-banner-img\" alt=\"Spinsahara banner mobile\" fetchpriority=\"high\" decoding=\"async\"><img src=\"https:\/\/thespinsahara.org\/wp-content\/uploads\/2025\/12\/Frame-35.webp\" class=\"w-100 d-md-none\" alt=\"Spinsahara banner mobile\" fetchpriority=\"high\" decoding=\"async\"><div class=\"banner-description\">\n<div class=\"banner-title\">Bonus di benvenuto<\/div>\n<p class=\"banner-header-title\">1500 \u20ac<\/p>\n<div class=\"banner-header-AdditionalText\">+ 250 Giri gratuiti<\/div>\n<button data-item=\"homepage_banner_link\" class=\"goto m-button m-gradient-border m-button--primary m-button--large banner-button btn-orange\">\n            <div class=\"m-button-content\">\n                <span>Iscriviti ora<\/span>\n                <span><\/span>\n            <\/div>\n        <\/button>\n<\/div>\n<div class=\"WelcomePack\">\n<p><img loading=\"lazy\" decoding=\"async\" class=\"alignnone wp-image-1344 size-full\" src=\"https:\/\/thespinsahara.org\/wp-content\/uploads\/2025\/11\/welcome-crown.svg\" alt=\"crown\" width=\"25\" height=\"26\" \/><\/p>\n<div class=\"WelcomePack-Info\">Cashback settimanale fino al 25%<\/div>\n<p><img loading=\"lazy\" decoding=\"async\" class=\"alignnone wp-image-1344 size-full\" src=\"https:\/\/thespinsahara.org\/wp-content\/uploads\/2025\/11\/welcome-crown.svg\" alt=\"crown\" width=\"25\" height=\"26\" \/><\/p>\n<\/div>\n<\/div><div class=\"scrollable-content-wrap my-5\"><div class=\"scrollable-content-inner\"><h2>Registrazione dei giocatori su Spinsahara Casino<\/h2>\n<p>Spinsahara Casino combina tutte le migliori caratteristiche di un casin\u00f2 online sulla sua piattaforma. Ma per accedere a tutte queste funzionalit\u00e0, devi prima completare la procedura di login su Spinsahara. Per la maggior parte degli utenti, la procedura richiede meno di 3 minuti e richiede solo le informazioni necessarie.<\/p>\n<p>Sulla nostra piattaforma troverai oltre 6.000 giochi, tra cui slot popolari, giochi da tavolo, opzioni con croupier dal vivo, giochi crash e molto altro ancora. Puoi effettuare depositi e prelievi con metodi di pagamento popolari e sicuri, ad esempio carte bancarie, portafogli elettronici, bonifici bancari e criptovalute. Dopo aver effettuato il login su Spinsahara, avrai anche accesso ad alcune funzionalit\u00e0 e strumenti direttamente dal tuo account personale.<\/p>\n<table>\n<tbody>\n<tr>\n<td>Funzione<\/td>\n<td>Dettagli<\/td>\n<\/tr>\n<tr>\n<td>Gestione delle informazioni personali e di pagamento<\/td>\n<td>Puoi modificare i tuoi dati personali o di pagamento in qualsiasi momento.<\/td>\n<\/tr>\n<tr>\n<td>Cronologia delle attivit\u00e0<\/td>\n<td>Potrai visualizzare la cronologia delle tue giocate, dei bonus e dei depositi.<\/td>\n<\/tr>\n<tr>\n<td>Strumenti per il gioco responsabile<\/td>\n<td>Offriamo limiti di tempo, di deposito, di scommessa e di perdita, oltre all&#8217;autoesclusione.<\/td>\n<\/tr>\n<tr>\n<td>Pagamenti<\/td>\n<td>Nel tuo account puoi effettuare depositi e prelievi senza ritardi.<\/td>\n<\/tr>\n<tr>\n<td>Processo di verifica<\/td>\n<td>Prima di effettuare il tuo primo prelievo, devi caricare i documenti che provano la tua identit\u00e0.<\/td>\n<\/tr>\n<\/tbody>\n<\/table>\n<h3>Crea il tuo account<\/h3>\n<p>La registrazione su Spin Sahara Casino \u00e8 stata progettata per essere semplice per tutti i giocatori, compresi quelli nuovi. \u00c8 intuitiva e non richiede molto tempo. Di seguito, abbiamo creato delle istruzioni per rendere il processo il pi\u00f9 semplice possibile:<\/p>\n<ol>\n<li>Visita il sito web ufficiale di Spinsahara.<\/li>\n<li>Clicca sul pulsante &#8220;Registrati&#8221; nella homepage.<\/li>\n<li>Inserisci il tuo indirizzo e-mail e crea una password. Se hai un codice promozionale, puoi aggiungerlo anche in questa fase.<\/li>\n<li>Accetta di avere almeno 18 anni e di accettare le regole della piattaforma.<\/li>\n<li>Clicca sul pulsante &#8220;Registrati&#8221; alla fine del modulo di registrazione.<\/li>\n<li>Nella schermata successiva, inserisci le tue informazioni personali, come nome completo, data di nascita, numero di telefono e indirizzo.<\/li>\n<li>Clicca su &#8220;Salva&#8221; alla fine del modulo.<\/li>\n<\/ol>\n<p>Ora hai ufficialmente un account su Spinsahara Casino. Puoi effettuare il tuo primo deposito e giocare con denaro reale.<\/p>\n<h2>Come accedere e configurare un account Spin Sahara<\/h2>\n<p>Se non \u00e8 la prima volta che utilizzi la piattaforma e hai gi\u00e0 un account, devi solo seguire la procedura di accesso a Spinsahara. \u00c8 molto semplice da eseguire da un PC o da qualsiasi dispositivo mobile. Devi andare al modulo di accesso cliccando sul pulsante &#8220;Accedi&#8221; nella homepage. Qui, inserisci l&#8217;indirizzo e-mail e la password che hai utilizzato al momento della registrazione. Se le informazioni inserite sono corrette, accederai automaticamente al tuo account.<\/p>\n<p>Se non hai un account, puoi giocare solo ad alcuni giochi in modalit\u00e0 demo. Tuttavia, le opzioni con croupier dal vivo, le promozioni, i pagamenti e tutto il resto non sono disponibili. Ecco perch\u00e9 consigliamo a tutti di provare almeno tutte le funzionalit\u00e0 di Spinsahara dopo la registrazione.<\/p>\n<h3>Hai dimenticato la password?<\/h3>\n<p>Puoi sempre reimpostare la password se la dimentichi. Comprendiamo che cose del genere possono capitare a tutti. Devi solo andare al modulo di accesso e cliccare su &#8220;Hai dimenticato la password?&#8221;. Dopodich\u00e9, dovrai inserire l&#8217;indirizzo e-mail che utilizzi per accedere a Spinsahara. Ti invieremo un&#8217;e-mail con il link per reimpostare la password. Dovrai crearne una nuova e utilizzarla la prossima volta che visiterai Spinsahara Casino.<\/p>\n<h3>Spin Sahara Casino: account sicuro e processo di verifica<\/h3>\n<p>Prima di effettuare il primo deposito, tutti i nostri giocatori devono completare il processo di verifica. \u00c8 una delle regole che tutti devono seguire per mantenere Spinsahara una piattaforma sicura e priva di frodi. Ti verr\u00e0 chiesto di caricare i seguenti documenti sul nostro sito web:<\/p>\n<ul>\n<li>Passaporto, carta d&#8217;identit\u00e0, patente di guida<\/li>\n<li>Bolletta non pi\u00f9 vecchia di 3 mesi, estratto conto bancario<\/li>\n<li>Prova della titolarit\u00e0 del conto bancario, della carta, del portafoglio elettronico o del portafoglio di criptovaluta<\/li>\n<\/ul>\n<p>Successivamente, i nostri responsabili esamineranno i tuoi documenti entro 48 ore e ti daranno una risposta. Se tutto \u00e8 in regola, potrai effettuare prelievi su Spin Sahara senza ritardi. Il processo di verifica deve essere effettuato una sola volta.<\/p>\n<h2>Domande frequenti<\/h2>\n<h3>Come posso completare il processo di verifica dell&#8217;account?<\/h3>\n<p>Prima di effettuare il primo prelievo, ti chiederemo di caricare i documenti che attestano la tua identit\u00e0. I nostri responsabili li controlleranno entro 48 ore e ti risponderanno.<\/p>\n<h3>Come aggiornare la password o l&#8217;indirizzo e-mail?<\/h3>\n<p>Puoi aggiornare tutte le informazioni di pagamento e personali, comprese la password e l&#8217;indirizzo e-mail, nelle impostazioni del tuo account Spin Sahara. Se hai dimenticato la password, puoi reimpostarla tramite il modulo di accesso.<\/p>\n<h3>Cosa devo fare se il mio account \u00e8 bloccato?<\/h3>\n<p>Se non hai ricevuto ulteriori informazioni da parte nostra in merito al blocco del tuo account, contatta il nostro team di assistenza disponibile 24 ore su 24, 7 giorni su 7, tramite live chat o e-mail. Ti inviamo sempre le informazioni relative al motivo e al periodo di blocco tramite e-mail.<\/p>\n<h3>Come posso chiudere o sospendere temporaneamente il mio account?<\/h3>\n<p>Per bloccare o sospendere temporaneamente il tuo account, devi contattare il nostro team di assistenza multilingue di Spinsahara. Lo faranno in pochi minuti e ti spiegheranno come riaprire un account.<\/p>\n<\/div><\/div><\/p>\n","protected":false},"excerpt":{"rendered":"<p>Accesso a Spinsahara: registrazione rapida e gestione dell&#8217;account Per accedere a tutte le funzionalit\u00e0 del nostro sito web o della nostra app, tutti gli utenti italiani devono effettuare il Spinsahara login. Per farlo \u00e8 necessario avere almeno 18 anni. Inoltre, abbiamo una regola che prevede che una persona possa avere un solo account. Dopo la [&hellip;]<\/p>\n","protected":false},"author":1,"featured_media":0,"parent":0,"menu_order":0,"comment_status":"closed","ping_status":"closed","template":"template-builder.php","meta":{"_acf_changed":false,"inline_featured_image":false,"footnotes":""},"class_list":["post-1471","page","type-page","status-publish","hentry"],"acf":[],"yoast_head":"<!-- This site is optimized with the Yoast SEO plugin v27.3 - https:\/\/yoast.com\/product\/yoast-seo-wordpress\/ -->\n<title>Spinsahara Login - Registrazione e accesso all&#039;account\ufeff<\/title>\n<meta name=\"description\" content=\"Crea, gestisci e verifica facilmente il tuo account Spinsahara Casino. Approfitta della registrazione rapida, del recupero account senza intoppi e della chiusura sicura tramite Spinsahara Login, garantendo la sicurezza del tuo account in ogni momento.\" \/>\n<meta name=\"robots\" content=\"index, follow, max-snippet:-1, max-image-preview:large, max-video-preview:-1\" \/>\n<link rel=\"canonical\" href=\"https:\/\/thespinsahara.org\/it\/accesso-e-registrazione\/\" \/>\n<meta property=\"og:locale\" content=\"it_IT\" \/>\n<meta property=\"og:type\" content=\"article\" \/>\n<meta property=\"og:title\" content=\"Spinsahara Login - Registrazione e accesso all&#039;account\ufeff\" \/>\n<meta property=\"og:description\" content=\"Crea, gestisci e verifica facilmente il tuo account Spinsahara Casino. Approfitta della registrazione rapida, del recupero account senza intoppi e della chiusura sicura tramite Spinsahara Login, garantendo la sicurezza del tuo account in ogni momento.\" \/>\n<meta property=\"og:url\" content=\"https:\/\/thespinsahara.org\/it\/accesso-e-registrazione\/\" \/>\n<meta property=\"og:site_name\" content=\"spinsahara\" \/>\n<meta property=\"article:modified_time\" content=\"2025-11-17T06:31:25+00:00\" \/>\n<meta name=\"twitter:card\" content=\"summary_large_image\" \/>\n<meta name=\"twitter:label1\" content=\"Est. reading time\" \/>\n\t<meta name=\"twitter:data1\" content=\"1 minute\" \/>\n<script type=\"application\/ld+json\" class=\"yoast-schema-graph\">{\"@context\":\"https:\\\/\\\/schema.org\",\"@graph\":[{\"@type\":\"WebPage\",\"@id\":\"https:\\\/\\\/thespinsahara.org\\\/it\\\/accesso-e-registrazione\\\/\",\"url\":\"https:\\\/\\\/thespinsahara.org\\\/it\\\/accesso-e-registrazione\\\/\",\"name\":\"Spinsahara Login - Registrazione e accesso all'account\ufeff\",\"isPartOf\":{\"@id\":\"https:\\\/\\\/thespinsahara.org\\\/it\\\/#website\"},\"datePublished\":\"2025-11-14T10:06:35+00:00\",\"dateModified\":\"2025-11-17T06:31:25+00:00\",\"description\":\"Crea, gestisci e verifica facilmente il tuo account Spinsahara Casino. Approfitta della registrazione rapida, del recupero account senza intoppi e della chiusura sicura tramite Spinsahara Login, garantendo la sicurezza del tuo account in ogni momento.\",\"breadcrumb\":{\"@id\":\"https:\\\/\\\/thespinsahara.org\\\/it\\\/accesso-e-registrazione\\\/#breadcrumb\"},\"inLanguage\":\"it-IT\",\"potentialAction\":[{\"@type\":\"ReadAction\",\"target\":[\"https:\\\/\\\/thespinsahara.org\\\/it\\\/accesso-e-registrazione\\\/\"]}]},{\"@type\":\"BreadcrumbList\",\"@id\":\"https:\\\/\\\/thespinsahara.org\\\/it\\\/accesso-e-registrazione\\\/#breadcrumb\",\"itemListElement\":[{\"@type\":\"ListItem\",\"position\":1,\"name\":\"Spinsahara\",\"item\":\"https:\\\/\\\/thespinsahara.org\\\/it\\\/\"},{\"@type\":\"ListItem\",\"position\":2,\"name\":\"Accesso e registrazione\"}]},{\"@type\":\"WebSite\",\"@id\":\"https:\\\/\\\/thespinsahara.org\\\/it\\\/#website\",\"url\":\"https:\\\/\\\/thespinsahara.org\\\/it\\\/\",\"name\":\"Spinsahara\",\"description\":\"\",\"publisher\":{\"@id\":\"https:\\\/\\\/thespinsahara.org\\\/it\\\/#organization\"},\"potentialAction\":[{\"@type\":\"SearchAction\",\"target\":{\"@type\":\"EntryPoint\",\"urlTemplate\":\"https:\\\/\\\/thespinsahara.org\\\/it\\\/?s={search_term_string}\"},\"query-input\":{\"@type\":\"PropertyValueSpecification\",\"valueRequired\":true,\"valueName\":\"search_term_string\"}}],\"inLanguage\":\"it-IT\"},{\"@type\":\"Organization\",\"@id\":\"https:\\\/\\\/thespinsahara.org\\\/it\\\/#organization\",\"name\":\"Spinsahara\",\"url\":\"https:\\\/\\\/thespinsahara.org\\\/it\\\/\",\"logo\":{\"@type\":\"ImageObject\",\"inLanguage\":\"it-IT\",\"@id\":\"https:\\\/\\\/thespinsahara.org\\\/it\\\/#\\\/schema\\\/logo\\\/image\\\/\",\"url\":\"https:\\\/\\\/thespinsahara.org\\\/wp-content\\\/uploads\\\/2025\\\/11\\\/logo.svg\",\"contentUrl\":\"https:\\\/\\\/thespinsahara.org\\\/wp-content\\\/uploads\\\/2025\\\/11\\\/logo.svg\",\"width\":160,\"height\":31,\"caption\":\"Spinsahara\"},\"image\":{\"@id\":\"https:\\\/\\\/thespinsahara.org\\\/it\\\/#\\\/schema\\\/logo\\\/image\\\/\"}}]}<\/script>\n<!-- \/ Yoast SEO plugin. -->","yoast_head_json":{"title":"Spinsahara Login - Registrazione e accesso all'account\ufeff","description":"Crea, gestisci e verifica facilmente il tuo account Spinsahara Casino. Approfitta della registrazione rapida, del recupero account senza intoppi e della chiusura sicura tramite Spinsahara Login, garantendo la sicurezza del tuo account in ogni momento.","robots":{"index":"index","follow":"follow","max-snippet":"max-snippet:-1","max-image-preview":"max-image-preview:large","max-video-preview":"max-video-preview:-1"},"canonical":"https:\/\/thespinsahara.org\/it\/accesso-e-registrazione\/","og_locale":"it_IT","og_type":"article","og_title":"Spinsahara Login - Registrazione e accesso all'account\ufeff","og_description":"Crea, gestisci e verifica facilmente il tuo account Spinsahara Casino. Approfitta della registrazione rapida, del recupero account senza intoppi e della chiusura sicura tramite Spinsahara Login, garantendo la sicurezza del tuo account in ogni momento.","og_url":"https:\/\/thespinsahara.org\/it\/accesso-e-registrazione\/","og_site_name":"spinsahara","article_modified_time":"2025-11-17T06:31:25+00:00","twitter_card":"summary_large_image","twitter_misc":{"Est. reading time":"1 minute"},"schema":{"@context":"https:\/\/schema.org","@graph":[{"@type":"WebPage","@id":"https:\/\/thespinsahara.org\/it\/accesso-e-registrazione\/","url":"https:\/\/thespinsahara.org\/it\/accesso-e-registrazione\/","name":"Spinsahara Login - Registrazione e accesso all'account\ufeff","isPartOf":{"@id":"https:\/\/thespinsahara.org\/it\/#website"},"datePublished":"2025-11-14T10:06:35+00:00","dateModified":"2025-11-17T06:31:25+00:00","description":"Crea, gestisci e verifica facilmente il tuo account Spinsahara Casino. Approfitta della registrazione rapida, del recupero account senza intoppi e della chiusura sicura tramite Spinsahara Login, garantendo la sicurezza del tuo account in ogni momento.","breadcrumb":{"@id":"https:\/\/thespinsahara.org\/it\/accesso-e-registrazione\/#breadcrumb"},"inLanguage":"it-IT","potentialAction":[{"@type":"ReadAction","target":["https:\/\/thespinsahara.org\/it\/accesso-e-registrazione\/"]}]},{"@type":"BreadcrumbList","@id":"https:\/\/thespinsahara.org\/it\/accesso-e-registrazione\/#breadcrumb","itemListElement":[{"@type":"ListItem","position":1,"name":"Spinsahara","item":"https:\/\/thespinsahara.org\/it\/"},{"@type":"ListItem","position":2,"name":"Accesso e registrazione"}]},{"@type":"WebSite","@id":"https:\/\/thespinsahara.org\/it\/#website","url":"https:\/\/thespinsahara.org\/it\/","name":"Spinsahara","description":"","publisher":{"@id":"https:\/\/thespinsahara.org\/it\/#organization"},"potentialAction":[{"@type":"SearchAction","target":{"@type":"EntryPoint","urlTemplate":"https:\/\/thespinsahara.org\/it\/?s={search_term_string}"},"query-input":{"@type":"PropertyValueSpecification","valueRequired":true,"valueName":"search_term_string"}}],"inLanguage":"it-IT"},{"@type":"Organization","@id":"https:\/\/thespinsahara.org\/it\/#organization","name":"Spinsahara","url":"https:\/\/thespinsahara.org\/it\/","logo":{"@type":"ImageObject","inLanguage":"it-IT","@id":"https:\/\/thespinsahara.org\/it\/#\/schema\/logo\/image\/","url":"https:\/\/thespinsahara.org\/wp-content\/uploads\/2025\/11\/logo.svg","contentUrl":"https:\/\/thespinsahara.org\/wp-content\/uploads\/2025\/11\/logo.svg","width":160,"height":31,"caption":"Spinsahara"},"image":{"@id":"https:\/\/thespinsahara.org\/it\/#\/schema\/logo\/image\/"}}]}},"_links":{"self":[{"href":"https:\/\/thespinsahara.org\/it\/wp-json\/wp\/v2\/pages\/1471","targetHints":{"allow":["GET"]}}],"collection":[{"href":"https:\/\/thespinsahara.org\/it\/wp-json\/wp\/v2\/pages"}],"about":[{"href":"https:\/\/thespinsahara.org\/it\/wp-json\/wp\/v2\/types\/page"}],"author":[{"embeddable":true,"href":"https:\/\/thespinsahara.org\/it\/wp-json\/wp\/v2\/users\/1"}],"replies":[{"embeddable":true,"href":"https:\/\/thespinsahara.org\/it\/wp-json\/wp\/v2\/comments?post=1471"}],"version-history":[{"count":2,"href":"https:\/\/thespinsahara.org\/it\/wp-json\/wp\/v2\/pages\/1471\/revisions"}],"predecessor-version":[{"id":1721,"href":"https:\/\/thespinsahara.org\/it\/wp-json\/wp\/v2\/pages\/1471\/revisions\/1721"}],"wp:attachment":[{"href":"https:\/\/thespinsahara.org\/it\/wp-json\/wp\/v2\/media?parent=1471"}],"curies":[{"name":"wp","href":"https:\/\/api.w.org\/{rel}","templated":true}]}}