{"id":1424,"date":"2025-11-14T09:53:46","date_gmt":"2025-11-14T09:53:46","guid":{"rendered":"https:\/\/thespinsahara.org\/app\/"},"modified":"2025-11-17T06:24:20","modified_gmt":"2025-11-17T06:24:20","slug":"applicazione","status":"publish","type":"page","link":"https:\/\/thespinsahara.org\/it\/applicazione\/","title":{"rendered":"Applicazione"},"content":{"rendered":"<h1>Applicazione di gioco Spinsahara<\/h1>\n<p>Abbiamo sviluppato una comoda Spinsahara app per Android e iOS perch\u00e9 gli utenti moderni preferiscono avere tutti i loro titoli preferiti sul telefono per un accesso rapido. Puoi rimanere flessibile e giocare ovunque e in qualsiasi momento. Nel software mobile troverai l&#8217;intera selezione di giochi che si adatta perfettamente alle dimensioni dei dispositivi moderni. In sostanza, \u00e8 un riflesso della versione desktop ma realizzata secondo le regole dei dispositivi mobili.<\/p>\n<div class=\"banner-wrap\" aria-label=\"Banner\"><img src=\"https:\/\/thespinsahara.org\/wp-content\/uploads\/2025\/11\/Spinsahara-banner-carousel-932\u0445400-12.webp\" class=\"w-100 d-none d-lg-block img-pc main-banner-img\" alt=\"Spinsahara banner desktop\" fetchpriority=\"high\" decoding=\"async\"><img src=\"https:\/\/thespinsahara.org\/wp-content\/uploads\/2025\/12\/Frame-35.webp\" class=\"w-100 d-none d-md-block d-lg-none main-banner-img\" alt=\"Spinsahara banner mobile\" fetchpriority=\"high\" decoding=\"async\"><img src=\"https:\/\/thespinsahara.org\/wp-content\/uploads\/2025\/12\/Frame-35.webp\" class=\"w-100 d-md-none\" alt=\"Spinsahara banner mobile\" fetchpriority=\"high\" decoding=\"async\"><div class=\"banner-description\">\n<div class=\"banner-title\">Bonus di benvenuto<\/div>\n<p class=\"banner-header-title\">1500 \u20ac<\/p>\n<div class=\"banner-header-AdditionalText\">+ 250 Giri gratuiti<\/div>\n<button data-item=\"homepage_banner_link\" class=\"goto m-button m-gradient-border m-button--primary m-button--large banner-button btn-orange\">\n            <div class=\"m-button-content\">\n                <span>Iscriviti ora<\/span>\n                <span><\/span>\n            <\/div>\n        <\/button>\n<\/div>\n<div class=\"WelcomePack\">\n<p><img loading=\"lazy\" decoding=\"async\" class=\"alignnone wp-image-1344 size-full\" src=\"https:\/\/thespinsahara.org\/wp-content\/uploads\/2025\/11\/welcome-crown.svg\" alt=\"crown\" width=\"25\" height=\"26\" \/><\/p>\n<div class=\"WelcomePack-Info\">Cashback settimanale fino al 25%<\/div>\n<p><img loading=\"lazy\" decoding=\"async\" class=\"alignnone wp-image-1344 size-full\" src=\"https:\/\/thespinsahara.org\/wp-content\/uploads\/2025\/11\/welcome-crown.svg\" alt=\"crown\" width=\"25\" height=\"26\" \/><\/p>\n<\/div>\n<\/div>\n<h2>Spin Sahara Casino a portata di mano<\/h2>\n<p>Spinsahara App ti semplificher\u00e0 sicuramente la vita. Ora non dovrai pi\u00f9 pensare a come tornare a casa prima per goderti i giochi. Ti bastano un telefono e una connessione Internet stabile. Il software mobile \u00e8 perfettamente adattato ai dispositivi moderni, alle loro dimensioni e risoluzioni.<\/p>\n<p>Avrai accesso a pi\u00f9 di 6.000 titoli in diverse categorie. Tutti i nostri fornitori di software sviluppano giochi compatibili con i dispositivi Android e iOS. Inoltre, non ci sono problemi con i depositi o i prelievi di fondi.<\/p>\n<p>I progressi nell&#8217;app e nelle versioni desktop si sincronizzano. Ci\u00f2 significa che dopo aver effettuato l&#8217;accesso al tuo account, puoi combinare la tua esperienza su PC e smartphone. Su entrambi i dispositivi, i tuoi progressi verranno salvati.<\/p>\n<p>Se hai domande o problemi relativi al software mobile, puoi sempre contattare il nostro team di assistenza clienti disponibile 24 ore su 24, 7 giorni su 7. Sono disponibili nell&#8217;app tramite live chat o e-mail. Ti risponderemo rapidamente e ti assisteremo con consigli professionali.<\/p>\n<p><div style=\"clear: both\"><\/div><div class=\"d-flex justify-content-center\"><button data-item=\"decouvrez_link\" data-group=\"website_links\" class=\"goto fw-bold rounded-pill btn btn-orange\" aria-label=\"Scarica Spinsahara\" >Scarica Spinsahara<\/button><\/div><div class=\"scrollable-content-wrap my-5\"><div class=\"scrollable-content-inner\"><h2>Applicazione Android di Spinsahara Casino<\/h2>\n<p>Gli utenti Android possono accedere facilmente al sito web di Spinsahara Casino da qualsiasi browser mobile. Potrai goderti gli stessi giochi e le stesse funzioni, ma adattati a uno smartphone o a un tablet. Tuttavia, per un&#8217;esperienza pi\u00f9 personalizzata, ti invitiamo a installare l&#8217;app Spin Sahara. Per farlo, non \u00e8 necessario scaricare alcun file APK sconosciuto che occuper\u00e0 spazio di archiviazione sul tuo dispositivo. La versione mobile \u00e8 sviluppata come applicazione web progressiva (PWA).<\/p>\n<p>L&#8217;app Spinsahara \u00e8 compatibile con tutti i moderni dispositivi Android. \u00c8 progettata perfettamente per la funzionalit\u00e0 touchscreen. Puoi giocare, effettuare depositi o prelevare denaro, ottenere bonus e partecipare a tornei. Nella tabella sottostante troverai istruzioni dettagliate per installarla rapidamente e senza problemi.<\/p>\n<table>\n<tbody>\n<tr>\n<td>Passaggio<\/td>\n<td>Dettagli<\/td>\n<\/tr>\n<tr>\n<td>Visita il nostro sito web ufficiale.<\/td>\n<td>Ti consigliamo di scaricare l&#8217;app solo dal sito web ufficiale per evitare frodi.<\/td>\n<\/tr>\n<tr>\n<td>Clicca sul pulsante &#8220;App Casin\u00f2&#8221; in fondo alla pagina.<\/td>\n<td>Si trova alla fine della homepage. L&#8217;installazione inizier\u00e0 automaticamente e richieder\u00e0 solo pochi minuti.<\/td>\n<\/tr>\n<tr>\n<td>L&#8217;icona di Spinsahara Casino \u00e8 sulla tua schermata iniziale.<\/td>\n<td>Ora puoi effettuare il login o creare un nuovo account e iniziare a divertirti.<\/td>\n<\/tr>\n<\/tbody>\n<\/table>\n<p><img loading=\"lazy\" decoding=\"async\" src=\"https:\/\/thespinsahara.org\/wp-content\/uploads\/2025\/11\/Spinsahara-Android-App.webp\" alt=\"Spinsahara Android App\" width=\"1248\" height=\"536\" \/><\/p>\n<\/div><\/div><div style=\"clear: both\"><\/div><div class=\"d-flex justify-content-center\"><button data-item=\"decouvrez_link\" data-group=\"website_links\" class=\"goto fw-bold rounded-pill btn btn-orange\" aria-label=\"Scarica l&#039;app Spinsahara\" >Scarica l&#039;app Spinsahara<\/button><\/div><div class=\"scrollable-content-wrap my-5\"><div class=\"scrollable-content-inner\"><h2>Applicazione iOS di Spinsahara Casino<\/h2>\n<p>Se hai un iPhone o un iPad, non c&#8217;\u00e8 alcun problema, perch\u00e9 puoi utilizzare l&#8217;app Spinsahara senza difficolt\u00e0 sul tuo dispositivo. A causa delle regole dell&#8217;App Store relative al gioco d&#8217;azzardo, non \u00e8 possibile scaricare il nostro casin\u00f2 mobile dallo store ufficiale. Invece, hai la possibilit\u00e0 di installare la PWA dal nostro sito web. La testiamo regolarmente, quindi puoi essere certo che \u00e8 completamente sicura.<\/p>\n<p>La versione mobile di Spin Sahara Casino offre una vasta collezione di giochi e bonus, pagamenti, tornei, missioni giornaliere, assistenza clienti e molto altro ancora. Puoi registrarti o completare il processo di verifica direttamente nel software mobile.<\/p>\n<p>Inoltre, in ogni browser mobile moderno, puoi installare un&#8217;icona di collegamento a un sito web per accedervi rapidamente direttamente dalla schermata iniziale. Funzioner\u00e0 anche per Spin Sahara. Segui le nostre brevi istruzioni qui sotto per avere il nostro casin\u00f2 mobile sempre a portata di mano.<\/p>\n<table>\n<tbody>\n<tr>\n<td>Passaggio<\/td>\n<td>Dettagli<\/td>\n<\/tr>\n<tr>\n<td>Apri l&#8217;app &#8220;Shortcut&#8221;.<\/td>\n<td>L&#8217;app dovrebbe essere installata automaticamente sul tuo dispositivo.<\/td>\n<\/tr>\n<tr>\n<td>Clicca sull&#8217;icona &#8220;+&#8221; per creare un nuovo collegamento.<\/td>\n<td>L&#8217;icona si trova nell&#8217;angolo in alto a destra della pagina iniziale<\/td>\n<\/tr>\n<tr>\n<td>Tocca &#8220;Aggiungi azione&#8221;.<\/td>\n<td>Ora dovresti cercare il sito web Spinsahara per cui desideri creare un collegamento.<\/td>\n<\/tr>\n<tr>\n<td>Clicca sul pulsante accanto al nome del collegamento e seleziona &#8220;Aggiungi alla schermata Home&#8221;.<\/td>\n<td>Il pulsante ha la forma di una freccia rivolta verso il basso.<\/td>\n<\/tr>\n<tr>\n<td>Tocca &#8220;Aggiungi&#8221;.<\/td>\n<td>Prima di farlo, puoi modificare il nome dell&#8217;icona, se lo desideri.<\/td>\n<\/tr>\n<\/tbody>\n<\/table>\n<p><img loading=\"lazy\" decoding=\"async\" src=\"https:\/\/thespinsahara.org\/wp-content\/uploads\/2025\/11\/Spinsahara-iOS-App.webp\" alt=\"Spinsahara iOS App\" width=\"1248\" height=\"536\" \/><\/p>\n<\/div><\/div><div style=\"clear: both\"><\/div><div class=\"d-flex justify-content-center\"><button data-item=\"decouvrez_link\" data-group=\"website_links\" class=\"goto fw-bold rounded-pill btn btn-orange\" aria-label=\"Scarica Spinsahara\" >Scarica Spinsahara<\/button><\/div><div class=\"scrollable-content-wrap my-5\"><div class=\"scrollable-content-inner\"><h2>Download per applicazioni Windows e macOS<\/h2>\n<p>Alcuni utenti preferiscono giocare alle loro slot online preferite a casa sul proprio PC o laptop. L&#8217;intero processo avverr\u00e0 su uno schermo grande, quindi non ti perderai sicuramente nulla della tua esperienza di gioco. Puoi accedere a Spinsahara Casino da qualsiasi browser web.<\/p>\n<p>Per un&#8217;esperienza pi\u00f9 personalizzata con notifiche push sulle novit\u00e0 e sui tuoi risultati, puoi scaricare un&#8217;applicazione desktop. Avrai accesso alle stesse funzioni, ma in modo pi\u00f9 rapido e comodo. La versione desktop supporta tutti i dispositivi Windows e macOS, funziona senza problemi e non presenta alcuna difficolt\u00e0.<\/p>\n<p><img loading=\"lazy\" decoding=\"async\" src=\"https:\/\/thespinsahara.org\/wp-content\/uploads\/2025\/11\/Spinsahara-Desktop.webp\" alt=\"Spinsahara Desktop\" width=\"1248\" height=\"536\" \/><\/p>\n<\/div><\/div><div style=\"clear: both\"><\/div><div class=\"d-flex justify-content-center\"><button data-item=\"decouvrez_link\" data-group=\"website_links\" class=\"goto fw-bold rounded-pill btn btn-orange\" aria-label=\"Scarica l&#039;app Spinsahara\" >Scarica l&#039;app Spinsahara<\/button><\/div><div class=\"scrollable-content-wrap my-5\"><div class=\"scrollable-content-inner\"><h2>FAQ<\/h2>\n<h3>L&#8217;app Spin Sahara Casino offre assistenza clienti?<\/h3>\n<p>Nell&#8217;app troverai la chat live del servizio clienti. I nostri responsabili sono disponibili 24 ore su 24, 7 giorni su 7, per risolvere qualsiasi problema con la piattaforma. Per questioni pi\u00f9 dettagliate, puoi inviarci un&#8217;e-mail.<\/p>\n<h3>\u00c8 necessario creare un account per utilizzare l&#8217;app Spinsahara?<\/h3>\n<p>\u00c8 necessario avere un account per utilizzare tutte le funzionalit\u00e0 dell&#8217;app Spinsahara. Ad esempio, effettuare un deposito e giocare con denaro reale \u00e8 possibile solo dopo la registrazione.<\/p>\n<h3>Tutti i giochi sono disponibili nell&#8217;app?<\/h3>\n<p>La collezione completa di giochi con oltre 6.000 titoli \u00e8 disponibile nell&#8217;app mobile. Include slot, giochi da tavolo, opzioni con croupier dal vivo e molto altro ancora. Tutti si adattano perfettamente agli smartphone o ai tablet e offrono un&#8217;ottima esperienza utente.<\/p>\n<h3>Come posso aggiornare l&#8217;app Spinsahara Casino?<\/h3>\n<p>La maggior parte degli aggiornamenti dell&#8217;app Spinsahara sono automatici e non richiedono ulteriori passaggi da parte tua. Se apportiamo modifiche significative, ti invieremo una notifica per informarti che devi installare la versione pi\u00f9 recente dal nostro sito web ufficiale.<\/p>\n<\/div><\/div><\/p>\n","protected":false},"excerpt":{"rendered":"<p>Applicazione di gioco Spinsahara Abbiamo sviluppato una comoda Spinsahara app per Android e iOS perch\u00e9 gli utenti moderni preferiscono avere tutti i loro titoli preferiti sul telefono per un accesso rapido. Puoi rimanere flessibile e giocare ovunque e in qualsiasi momento. Nel software mobile troverai l&#8217;intera selezione di giochi che si adatta perfettamente alle dimensioni [&hellip;]<\/p>\n","protected":false},"author":1,"featured_media":0,"parent":0,"menu_order":0,"comment_status":"closed","ping_status":"closed","template":"template-builder.php","meta":{"_acf_changed":false,"inline_featured_image":false,"footnotes":""},"class_list":["post-1424","page","type-page","status-publish","hentry"],"acf":[],"yoast_head":"<!-- This site is optimized with the Yoast SEO plugin v27.3 - https:\/\/yoast.com\/product\/yoast-seo-wordpress\/ -->\n<title>Casin\u00f2 mobile Spinsahara | App per Android e iOS<\/title>\n<meta name=\"description\" content=\"L&#039;app Spinsahara offre un&#039;esperienza di gioco senza interruzioni su piattaforme Android, iOS, Windows e macOS, con account sincronizzati, aggiornamenti frequenti e assistenza clienti integrata per un gameplay ininterrotto.\" \/>\n<meta name=\"robots\" content=\"index, follow, max-snippet:-1, max-image-preview:large, max-video-preview:-1\" \/>\n<link rel=\"canonical\" href=\"https:\/\/thespinsahara.org\/it\/applicazione\/\" \/>\n<meta property=\"og:locale\" content=\"it_IT\" \/>\n<meta property=\"og:type\" content=\"article\" \/>\n<meta property=\"og:title\" content=\"Casin\u00f2 mobile Spinsahara | App per Android e iOS\" \/>\n<meta property=\"og:description\" content=\"L&#039;app Spinsahara offre un&#039;esperienza di gioco senza interruzioni su piattaforme Android, iOS, Windows e macOS, con account sincronizzati, aggiornamenti frequenti e assistenza clienti integrata per un gameplay ininterrotto.\" \/>\n<meta property=\"og:url\" content=\"https:\/\/thespinsahara.org\/it\/applicazione\/\" \/>\n<meta property=\"og:site_name\" content=\"spinsahara\" \/>\n<meta property=\"article:modified_time\" content=\"2025-11-17T06:24:20+00:00\" \/>\n<meta name=\"twitter:card\" content=\"summary_large_image\" \/>\n<meta name=\"twitter:label1\" content=\"Est. reading time\" \/>\n\t<meta name=\"twitter:data1\" content=\"2 minutes\" \/>\n<script type=\"application\/ld+json\" class=\"yoast-schema-graph\">{\"@context\":\"https:\\\/\\\/schema.org\",\"@graph\":[{\"@type\":\"WebPage\",\"@id\":\"https:\\\/\\\/thespinsahara.org\\\/it\\\/applicazione\\\/\",\"url\":\"https:\\\/\\\/thespinsahara.org\\\/it\\\/applicazione\\\/\",\"name\":\"Casin\u00f2 mobile Spinsahara | App per Android e iOS\",\"isPartOf\":{\"@id\":\"https:\\\/\\\/thespinsahara.org\\\/it\\\/#website\"},\"datePublished\":\"2025-11-14T09:53:46+00:00\",\"dateModified\":\"2025-11-17T06:24:20+00:00\",\"description\":\"L'app Spinsahara offre un'esperienza di gioco senza interruzioni su piattaforme Android, iOS, Windows e macOS, con account sincronizzati, aggiornamenti frequenti e assistenza clienti integrata per un gameplay ininterrotto.\",\"breadcrumb\":{\"@id\":\"https:\\\/\\\/thespinsahara.org\\\/it\\\/applicazione\\\/#breadcrumb\"},\"inLanguage\":\"it-IT\",\"potentialAction\":[{\"@type\":\"ReadAction\",\"target\":[\"https:\\\/\\\/thespinsahara.org\\\/it\\\/applicazione\\\/\"]}]},{\"@type\":\"BreadcrumbList\",\"@id\":\"https:\\\/\\\/thespinsahara.org\\\/it\\\/applicazione\\\/#breadcrumb\",\"itemListElement\":[{\"@type\":\"ListItem\",\"position\":1,\"name\":\"Spinsahara\",\"item\":\"https:\\\/\\\/thespinsahara.org\\\/it\\\/\"},{\"@type\":\"ListItem\",\"position\":2,\"name\":\"Applicazione\"}]},{\"@type\":\"WebSite\",\"@id\":\"https:\\\/\\\/thespinsahara.org\\\/it\\\/#website\",\"url\":\"https:\\\/\\\/thespinsahara.org\\\/it\\\/\",\"name\":\"Spinsahara\",\"description\":\"\",\"publisher\":{\"@id\":\"https:\\\/\\\/thespinsahara.org\\\/it\\\/#organization\"},\"potentialAction\":[{\"@type\":\"SearchAction\",\"target\":{\"@type\":\"EntryPoint\",\"urlTemplate\":\"https:\\\/\\\/thespinsahara.org\\\/it\\\/?s={search_term_string}\"},\"query-input\":{\"@type\":\"PropertyValueSpecification\",\"valueRequired\":true,\"valueName\":\"search_term_string\"}}],\"inLanguage\":\"it-IT\"},{\"@type\":\"Organization\",\"@id\":\"https:\\\/\\\/thespinsahara.org\\\/it\\\/#organization\",\"name\":\"Spinsahara\",\"url\":\"https:\\\/\\\/thespinsahara.org\\\/it\\\/\",\"logo\":{\"@type\":\"ImageObject\",\"inLanguage\":\"it-IT\",\"@id\":\"https:\\\/\\\/thespinsahara.org\\\/it\\\/#\\\/schema\\\/logo\\\/image\\\/\",\"url\":\"https:\\\/\\\/thespinsahara.org\\\/wp-content\\\/uploads\\\/2025\\\/11\\\/logo.svg\",\"contentUrl\":\"https:\\\/\\\/thespinsahara.org\\\/wp-content\\\/uploads\\\/2025\\\/11\\\/logo.svg\",\"width\":160,\"height\":31,\"caption\":\"Spinsahara\"},\"image\":{\"@id\":\"https:\\\/\\\/thespinsahara.org\\\/it\\\/#\\\/schema\\\/logo\\\/image\\\/\"}}]}<\/script>\n<!-- \/ Yoast SEO plugin. -->","yoast_head_json":{"title":"Casin\u00f2 mobile Spinsahara | App per Android e iOS","description":"L'app Spinsahara offre un'esperienza di gioco senza interruzioni su piattaforme Android, iOS, Windows e macOS, con account sincronizzati, aggiornamenti frequenti e assistenza clienti integrata per un gameplay ininterrotto.","robots":{"index":"index","follow":"follow","max-snippet":"max-snippet:-1","max-image-preview":"max-image-preview:large","max-video-preview":"max-video-preview:-1"},"canonical":"https:\/\/thespinsahara.org\/it\/applicazione\/","og_locale":"it_IT","og_type":"article","og_title":"Casin\u00f2 mobile Spinsahara | App per Android e iOS","og_description":"L'app Spinsahara offre un'esperienza di gioco senza interruzioni su piattaforme Android, iOS, Windows e macOS, con account sincronizzati, aggiornamenti frequenti e assistenza clienti integrata per un gameplay ininterrotto.","og_url":"https:\/\/thespinsahara.org\/it\/applicazione\/","og_site_name":"spinsahara","article_modified_time":"2025-11-17T06:24:20+00:00","twitter_card":"summary_large_image","twitter_misc":{"Est. reading time":"2 minutes"},"schema":{"@context":"https:\/\/schema.org","@graph":[{"@type":"WebPage","@id":"https:\/\/thespinsahara.org\/it\/applicazione\/","url":"https:\/\/thespinsahara.org\/it\/applicazione\/","name":"Casin\u00f2 mobile Spinsahara | App per Android e iOS","isPartOf":{"@id":"https:\/\/thespinsahara.org\/it\/#website"},"datePublished":"2025-11-14T09:53:46+00:00","dateModified":"2025-11-17T06:24:20+00:00","description":"L'app Spinsahara offre un'esperienza di gioco senza interruzioni su piattaforme Android, iOS, Windows e macOS, con account sincronizzati, aggiornamenti frequenti e assistenza clienti integrata per un gameplay ininterrotto.","breadcrumb":{"@id":"https:\/\/thespinsahara.org\/it\/applicazione\/#breadcrumb"},"inLanguage":"it-IT","potentialAction":[{"@type":"ReadAction","target":["https:\/\/thespinsahara.org\/it\/applicazione\/"]}]},{"@type":"BreadcrumbList","@id":"https:\/\/thespinsahara.org\/it\/applicazione\/#breadcrumb","itemListElement":[{"@type":"ListItem","position":1,"name":"Spinsahara","item":"https:\/\/thespinsahara.org\/it\/"},{"@type":"ListItem","position":2,"name":"Applicazione"}]},{"@type":"WebSite","@id":"https:\/\/thespinsahara.org\/it\/#website","url":"https:\/\/thespinsahara.org\/it\/","name":"Spinsahara","description":"","publisher":{"@id":"https:\/\/thespinsahara.org\/it\/#organization"},"potentialAction":[{"@type":"SearchAction","target":{"@type":"EntryPoint","urlTemplate":"https:\/\/thespinsahara.org\/it\/?s={search_term_string}"},"query-input":{"@type":"PropertyValueSpecification","valueRequired":true,"valueName":"search_term_string"}}],"inLanguage":"it-IT"},{"@type":"Organization","@id":"https:\/\/thespinsahara.org\/it\/#organization","name":"Spinsahara","url":"https:\/\/thespinsahara.org\/it\/","logo":{"@type":"ImageObject","inLanguage":"it-IT","@id":"https:\/\/thespinsahara.org\/it\/#\/schema\/logo\/image\/","url":"https:\/\/thespinsahara.org\/wp-content\/uploads\/2025\/11\/logo.svg","contentUrl":"https:\/\/thespinsahara.org\/wp-content\/uploads\/2025\/11\/logo.svg","width":160,"height":31,"caption":"Spinsahara"},"image":{"@id":"https:\/\/thespinsahara.org\/it\/#\/schema\/logo\/image\/"}}]}},"_links":{"self":[{"href":"https:\/\/thespinsahara.org\/it\/wp-json\/wp\/v2\/pages\/1424","targetHints":{"allow":["GET"]}}],"collection":[{"href":"https:\/\/thespinsahara.org\/it\/wp-json\/wp\/v2\/pages"}],"about":[{"href":"https:\/\/thespinsahara.org\/it\/wp-json\/wp\/v2\/types\/page"}],"author":[{"embeddable":true,"href":"https:\/\/thespinsahara.org\/it\/wp-json\/wp\/v2\/users\/1"}],"replies":[{"embeddable":true,"href":"https:\/\/thespinsahara.org\/it\/wp-json\/wp\/v2\/comments?post=1424"}],"version-history":[{"count":2,"href":"https:\/\/thespinsahara.org\/it\/wp-json\/wp\/v2\/pages\/1424\/revisions"}],"predecessor-version":[{"id":1719,"href":"https:\/\/thespinsahara.org\/it\/wp-json\/wp\/v2\/pages\/1424\/revisions\/1719"}],"wp:attachment":[{"href":"https:\/\/thespinsahara.org\/it\/wp-json\/wp\/v2\/media?parent=1424"}],"curies":[{"name":"wp","href":"https:\/\/api.w.org\/{rel}","templated":true}]}}