{"id":1468,"date":"2025-11-14T10:06:35","date_gmt":"2025-11-14T10:06:35","guid":{"rendered":"https:\/\/thespinsahara.org\/login-and-registration\/"},"modified":"2025-12-24T10:10:35","modified_gmt":"2025-12-24T10:10:35","slug":"connexion-et-inscription","status":"publish","type":"page","link":"https:\/\/thespinsahara.org\/fr\/connexion-et-inscription\/","title":{"rendered":"Connexion et inscription"},"content":{"rendered":"<h1>Connexion \u00e0 Spinsahara : inscription rapide et gestion de compte<\/h1>\n<p>Pour acc\u00e9der \u00e0 toutes les fonctionnalit\u00e9s de notre site web ou de notre application, tous les utilisateurs doivent passer par le processus de Spinsahara login. Vous devez \u00eatre \u00e2g\u00e9 d&rsquo;au moins 18 ans pour cela. En outre, nous avons pour r\u00e8gle qu&rsquo;une personne ne peut avoir qu&rsquo;un seul compte. Apr\u00e8s votre inscription, vous aurez acc\u00e8s \u00e0 l&rsquo;ensemble de la collection de jeux, aux paiements, aux bonus et au service client\u00e8le, disponible 24 heures sur 24.<\/p>\n<p><div class=\"banner-wrap\" aria-label=\"Banner\"><img src=\"https:\/\/thespinsahara.org\/wp-content\/uploads\/2025\/11\/Spinsahara-banner-carousel-932\u0445400-12.webp\" class=\"w-100 d-none d-lg-block img-pc main-banner-img\" alt=\"Spinsahara banner desktop\" fetchpriority=\"high\" decoding=\"async\"><img src=\"https:\/\/thespinsahara.org\/wp-content\/uploads\/2025\/12\/Frame-35.webp\" class=\"w-100 d-none d-md-block d-lg-none main-banner-img\" alt=\"Spinsahara banner mobile\" fetchpriority=\"high\" decoding=\"async\"><img src=\"https:\/\/thespinsahara.org\/wp-content\/uploads\/2025\/12\/Frame-35.webp\" class=\"w-100 d-md-none\" alt=\"Spinsahara banner mobile\" fetchpriority=\"high\" decoding=\"async\"><div class=\"banner-description\">\n<div class=\"banner-title\">Bonus de bienvenue<\/div>\n<p class=\"banner-header-title\">1000 \u20ac<\/p>\n<div class=\"banner-header-AdditionalText\">+ 100 Tours gratuits<\/div>\n<button data-item=\"homepage_banner_link\" class=\"goto m-button m-gradient-border m-button--primary m-button--large banner-button btn-orange\">\n            <div class=\"m-button-content\">\n                <span>Inscrivez-vous d\u00e8s maintenant<\/span>\n                <span><\/span>\n            <\/div>\n        <\/button>\n<\/div>\n<div class=\"WelcomePack\">\n<p><img loading=\"lazy\" decoding=\"async\" class=\"alignnone wp-image-1344 size-full\" src=\"https:\/\/thespinsahara.org\/wp-content\/uploads\/2025\/11\/welcome-crown.svg\" alt=\"crown\" width=\"25\" height=\"26\" \/><\/p>\n<div class=\"WelcomePack-Info\">Cashback hebdomadaire jusqu&rsquo;\u00e0 25 %<\/div>\n<p><img loading=\"lazy\" decoding=\"async\" class=\"alignnone wp-image-1344 size-full\" src=\"https:\/\/thespinsahara.org\/wp-content\/uploads\/2025\/11\/welcome-crown.svg\" alt=\"crown\" width=\"25\" height=\"26\" \/><\/p>\n<\/div>\n<\/div><div class=\"scrollable-content-wrap my-5\"><div class=\"scrollable-content-inner\"><h2>Inscription des joueurs sur Spinsahara Casino<\/h2>\n<p>Spinsahara Casino combine toutes les meilleures fonctionnalit\u00e9s d&rsquo;un casino en ligne sur sa plateforme. Mais pour y acc\u00e9der, vous devez d&rsquo;abord vous connecter \u00e0 Spinsahara. Cela ne prend pas plus de 3 minutes pour la plupart des utilisateurs et ne vous demande que les informations n\u00e9cessaires.<\/p>\n<p>Sur notre plateforme, vous trouverez plus de 6 000 jeux, dont des machines \u00e0 sous populaires, des jeux de table, des options avec croupier en direct, des jeux crash et bien plus encore. Vous pouvez effectuer des d\u00e9p\u00f4ts et des retraits \u00e0 l&rsquo;aide de m\u00e9thodes de paiement populaires et s\u00e9curis\u00e9es, par exemple des cartes bancaires, des portefeuilles \u00e9lectroniques, des virements bancaires et des cryptomonnaies. Apr\u00e8s vous \u00eatre connect\u00e9 \u00e0 Spinsahara, vous aurez \u00e9galement acc\u00e8s \u00e0 certaines fonctionnalit\u00e9s et outils directement dans votre compte personnel.<\/p>\n<table>\n<tbody>\n<tr>\n<td>Fonction<\/td>\n<td>D\u00e9tails<\/td>\n<\/tr>\n<tr>\n<td>Gestion des informations personnelles et de paiement<\/td>\n<td>Vous pouvez modifier vos informations personnelles ou de paiement \u00e0 tout moment.<\/td>\n<\/tr>\n<tr>\n<td>Historique des activit\u00e9s<\/td>\n<td>Vous pouvez consulter l&rsquo;historique de vos jeux, bonus et d\u00e9p\u00f4ts.<\/td>\n<\/tr>\n<tr>\n<td>Outils de jeu responsable<\/td>\n<td>Nous proposons des limites de temps, de d\u00e9p\u00f4t, de paris et de pertes, ainsi que l&rsquo;auto-exclusion.<\/td>\n<\/tr>\n<tr>\n<td>Paiements<\/td>\n<td>Dans votre compte, vous pouvez effectuer des d\u00e9p\u00f4ts et des retraits sans d\u00e9lai.<\/td>\n<\/tr>\n<tr>\n<td>Processus de v\u00e9rification<\/td>\n<td>Avant d&rsquo;effectuer votre premier retrait, vous devez t\u00e9l\u00e9charger des documents prouvant votre identit\u00e9.<\/td>\n<\/tr>\n<\/tbody>\n<\/table>\n<h3>Cr\u00e9er votre compte<\/h3>\n<p>L&rsquo;inscription sur Spin Sahara Casino est con\u00e7ue pour \u00eatre simple pour tous les joueurs, y compris les nouveaux joueurs. Elle est intuitive et ne prend pas beaucoup de temps. Vous trouverez ci-dessous des instructions pour vous aider \u00e0 simplifier au maximum le processus :<\/p>\n<ol>\n<li>Rendez-vous sur le site officiel de Spinsahara.<\/li>\n<li>Cliquez sur le bouton \u00ab S&rsquo;inscrire \u00bb sur la page d&rsquo;accueil.<\/li>\n<li>Saisissez votre adresse e-mail et cr\u00e9ez un mot de passe. Si vous disposez d&rsquo;un code promotionnel, vous pouvez \u00e9galement l&rsquo;ajouter \u00e0 cette \u00e9tape.<\/li>\n<li>Acceptez que vous avez 18 ans ou plus et que vous acceptez les r\u00e8gles de la plateforme.<\/li>\n<li>Cliquez sur le bouton \u00ab S&rsquo;inscrire \u00bb \u00e0 la fin du formulaire d&rsquo;inscription.<\/li>\n<li>Sur l&rsquo;\u00e9cran suivant, remplissez vos informations personnelles, telles que votre nom complet, votre date de naissance, votre num\u00e9ro de t\u00e9l\u00e9phone et votre adresse.<\/li>\n<li>Cliquez sur \u00ab Enregistrer \u00bb \u00e0 la fin du formulaire.<\/li>\n<\/ol>\n<p>Vous disposez d\u00e9sormais officiellement d&rsquo;un compte sur Spinsahara Casino. Vous pouvez effectuer votre premier d\u00e9p\u00f4t et jouer avec de l&rsquo;argent r\u00e9el.<\/p>\n<h2>Comment acc\u00e9der \u00e0 un compte Spin Sahara et le configurer<\/h2>\n<p>Si vous n&rsquo;\u00eates pas sur la plateforme pour la premi\u00e8re fois et que vous avez d\u00e9j\u00e0 un compte, il vous suffit de suivre la proc\u00e9dure de connexion \u00e0 Spinsahara. Cela peut se faire tr\u00e8s simplement \u00e0 partir d&rsquo;un PC ou de n&rsquo;importe quel appareil mobile. Vous devez vous rendre sur le formulaire de connexion en cliquant sur le bouton \u00ab Se connecter \u00bb sur la page d&rsquo;accueil. L\u00e0, entrez l&rsquo;adresse e-mail et le mot de passe que vous avez utilis\u00e9s lors de votre inscription. Si les informations saisies sont correctes, vous serez automatiquement connect\u00e9 \u00e0 votre compte.<\/p>\n<p>Si vous n&rsquo;avez pas de compte, vous ne pouvez jouer \u00e0 certains jeux qu&rsquo;en mode d\u00e9mo. Mais les options de croupier en direct, les promotions, les paiements et tout le reste ne sont pas disponibles. C&rsquo;est pourquoi nous recommandons \u00e0 tout le monde d&rsquo;essayer au moins toutes les fonctionnalit\u00e9s de Spinsahara apr\u00e8s l&rsquo;inscription.<\/p>\n<h3>Vous avez oubli\u00e9 votre mot de passe ?<\/h3>\n<p>Vous pouvez toujours r\u00e9initialiser votre mot de passe si vous l&rsquo;oubliez. Nous comprenons que cela peut arriver \u00e0 tout le monde. Il vous suffit de vous rendre sur le formulaire de connexion et de cliquer sur \u00ab Mot de passe oubli\u00e9 ? \u00bb. Ensuite, vous devez saisir l&rsquo;adresse e-mail que vous utilisez pour vous connecter \u00e0 Spinsahara. Nous vous enverrons un e-mail contenant le lien de r\u00e9initialisation du mot de passe. Vous devrez en cr\u00e9er un nouveau et l&rsquo;utiliser lors de votre prochaine visite sur Spinsahara Casino.<\/p>\n<h3>Spin Sahara Casino : compte s\u00e9curis\u00e9 et processus de v\u00e9rification<\/h3>\n<p>Avant d&rsquo;effectuer leur premier d\u00e9p\u00f4t, tous nos joueurs doivent suivre le processus de v\u00e9rification. C&rsquo;est l&rsquo;une des r\u00e8gles que tout le monde doit respecter pour que Spinsahara reste une plateforme s\u00fbre et exempte de fraude. Il vous sera demand\u00e9 de t\u00e9l\u00e9charger les documents suivants sur notre site web :<\/p>\n<ul>\n<li>Passeport, carte d&rsquo;identit\u00e9, permis de conduire<\/li>\n<li>Facture de services publics datant de moins de 3 mois, relev\u00e9 bancaire<\/li>\n<li>Preuve de propri\u00e9t\u00e9 du compte bancaire, de la carte, du portefeuille \u00e9lectronique ou du portefeuille de cryptomonnaie<\/li>\n<\/ul>\n<p>Nos responsables examineront ensuite vos documents dans un d\u00e9lai de 48 heures et vous r\u00e9pondront. Si tout est en ordre, vous pourrez effectuer des retraits sur Spin Sahara sans d\u00e9lai. Le processus de v\u00e9rification ne doit \u00eatre effectu\u00e9 qu&rsquo;une seule fois.<\/p>\n<h2>FAQ<\/h2>\n<h3>Comment puis-je terminer le processus de v\u00e9rification de mon compte ?<\/h3>\n<p>Nous vous demanderons de t\u00e9l\u00e9charger des documents prouvant votre identit\u00e9 avant d&rsquo;effectuer votre premier retrait. Nos responsables les v\u00e9rifieront dans les 48 heures et vous r\u00e9pondront.<\/p>\n<h3>Comment mettre \u00e0 jour mon mot de passe ou mon adresse e-mail ?<\/h3>\n<p>Vous pouvez mettre \u00e0 jour toutes vos informations personnelles et de paiement, y compris votre mot de passe et votre adresse e-mail, dans les param\u00e8tres de votre compte Spin Sahara. Si vous avez oubli\u00e9 votre mot de passe, vous pouvez le r\u00e9initialiser via le formulaire de connexion.<\/p>\n<h3>Que dois-je faire si mon compte est bloqu\u00e9 ?<\/h3>\n<p>Si vous n&rsquo;avez re\u00e7u aucune information suppl\u00e9mentaire de notre part concernant le blocage de votre compte, contactez notre \u00e9quipe d&rsquo;assistance disponible 24h\/24 et 7j\/7 via le chat en direct ou par e-mail. Nous vous envoyons toujours les informations concernant la raison et la dur\u00e9e du blocage par e-mail.<\/p>\n<h3>Comment puis-je fermer ou suspendre temporairement mon compte ?<\/h3>\n<p>Pour bloquer ou suspendre temporairement votre compte, vous devez contacter notre \u00e9quipe d&rsquo;assistance multilingue Spinsahara. Elle s&rsquo;en chargera en quelques minutes et vous expliquera comment rouvrir un compte.<\/p>\n<\/div><\/div><\/p>\n","protected":false},"excerpt":{"rendered":"<p>Connexion \u00e0 Spinsahara : inscription rapide et gestion de compte Pour acc\u00e9der \u00e0 toutes les fonctionnalit\u00e9s de notre site web ou de notre application, tous les utilisateurs doivent passer par le processus de Spinsahara login. Vous devez \u00eatre \u00e2g\u00e9 d&rsquo;au moins 18 ans pour cela. En outre, nous avons pour r\u00e8gle qu&rsquo;une personne ne peut [&hellip;]<\/p>\n","protected":false},"author":1,"featured_media":0,"parent":0,"menu_order":0,"comment_status":"closed","ping_status":"closed","template":"template-builder.php","meta":{"_acf_changed":false,"inline_featured_image":false,"footnotes":""},"class_list":["post-1468","page","type-page","status-publish","hentry"],"acf":[],"yoast_head":"<!-- This site is optimized with the Yoast SEO plugin v27.3 - https:\/\/yoast.com\/product\/yoast-seo-wordpress\/ -->\n<title>Connexion Spinsahara - Inscription et acc\u00e8s au compte<\/title>\n<meta name=\"description\" content=\"Cr\u00e9ez, g\u00e9rez et v\u00e9rifiez facilement votre compte Spinsahara Casino. B\u00e9n\u00e9ficiez d&#039;une inscription rapide, d&#039;une r\u00e9cup\u00e9ration de compte transparente et d&#039;une fermeture s\u00e9curis\u00e9e gr\u00e2ce \u00e0 Spinsahara Login, qui garantit la s\u00e9curit\u00e9 de votre compte \u00e0 tout moment.\" \/>\n<meta name=\"robots\" content=\"index, follow, max-snippet:-1, max-image-preview:large, max-video-preview:-1\" \/>\n<link rel=\"canonical\" href=\"https:\/\/thespinsahara.org\/fr\/connexion-et-inscription\/\" \/>\n<meta property=\"og:locale\" content=\"fr_FR\" \/>\n<meta property=\"og:type\" content=\"article\" \/>\n<meta property=\"og:title\" content=\"Connexion Spinsahara - Inscription et acc\u00e8s au compte\" \/>\n<meta property=\"og:description\" content=\"Cr\u00e9ez, g\u00e9rez et v\u00e9rifiez facilement votre compte Spinsahara Casino. B\u00e9n\u00e9ficiez d&#039;une inscription rapide, d&#039;une r\u00e9cup\u00e9ration de compte transparente et d&#039;une fermeture s\u00e9curis\u00e9e gr\u00e2ce \u00e0 Spinsahara Login, qui garantit la s\u00e9curit\u00e9 de votre compte \u00e0 tout moment.\" \/>\n<meta property=\"og:url\" content=\"https:\/\/thespinsahara.org\/fr\/connexion-et-inscription\/\" \/>\n<meta property=\"og:site_name\" content=\"spinsahara\" \/>\n<meta property=\"article:modified_time\" content=\"2025-12-24T10:10:35+00:00\" \/>\n<meta name=\"twitter:card\" content=\"summary_large_image\" \/>\n<meta name=\"twitter:label1\" content=\"Dur\u00e9e de lecture estim\u00e9e\" \/>\n\t<meta name=\"twitter:data1\" content=\"1 minute\" \/>\n<script type=\"application\/ld+json\" class=\"yoast-schema-graph\">{\"@context\":\"https:\\\/\\\/schema.org\",\"@graph\":[{\"@type\":\"WebPage\",\"@id\":\"https:\\\/\\\/thespinsahara.org\\\/fr\\\/connexion-et-inscription\\\/\",\"url\":\"https:\\\/\\\/thespinsahara.org\\\/fr\\\/connexion-et-inscription\\\/\",\"name\":\"Connexion Spinsahara - Inscription et acc\u00e8s au compte\",\"isPartOf\":{\"@id\":\"https:\\\/\\\/thespinsahara.org\\\/fr\\\/#website\"},\"datePublished\":\"2025-11-14T10:06:35+00:00\",\"dateModified\":\"2025-12-24T10:10:35+00:00\",\"description\":\"Cr\u00e9ez, g\u00e9rez et v\u00e9rifiez facilement votre compte Spinsahara Casino. B\u00e9n\u00e9ficiez d'une inscription rapide, d'une r\u00e9cup\u00e9ration de compte transparente et d'une fermeture s\u00e9curis\u00e9e gr\u00e2ce \u00e0 Spinsahara Login, qui garantit la s\u00e9curit\u00e9 de votre compte \u00e0 tout moment.\",\"breadcrumb\":{\"@id\":\"https:\\\/\\\/thespinsahara.org\\\/fr\\\/connexion-et-inscription\\\/#breadcrumb\"},\"inLanguage\":\"fr-FR\",\"potentialAction\":[{\"@type\":\"ReadAction\",\"target\":[\"https:\\\/\\\/thespinsahara.org\\\/fr\\\/connexion-et-inscription\\\/\"]}]},{\"@type\":\"BreadcrumbList\",\"@id\":\"https:\\\/\\\/thespinsahara.org\\\/fr\\\/connexion-et-inscription\\\/#breadcrumb\",\"itemListElement\":[{\"@type\":\"ListItem\",\"position\":1,\"name\":\"Spinsahara\",\"item\":\"https:\\\/\\\/thespinsahara.org\\\/fr\\\/\"},{\"@type\":\"ListItem\",\"position\":2,\"name\":\"Connexion et inscription\"}]},{\"@type\":\"WebSite\",\"@id\":\"https:\\\/\\\/thespinsahara.org\\\/fr\\\/#website\",\"url\":\"https:\\\/\\\/thespinsahara.org\\\/fr\\\/\",\"name\":\"Spinsahara\",\"description\":\"\",\"publisher\":{\"@id\":\"https:\\\/\\\/thespinsahara.org\\\/fr\\\/#organization\"},\"potentialAction\":[{\"@type\":\"SearchAction\",\"target\":{\"@type\":\"EntryPoint\",\"urlTemplate\":\"https:\\\/\\\/thespinsahara.org\\\/fr\\\/?s={search_term_string}\"},\"query-input\":{\"@type\":\"PropertyValueSpecification\",\"valueRequired\":true,\"valueName\":\"search_term_string\"}}],\"inLanguage\":\"fr-FR\"},{\"@type\":\"Organization\",\"@id\":\"https:\\\/\\\/thespinsahara.org\\\/fr\\\/#organization\",\"name\":\"Spinsahara\",\"url\":\"https:\\\/\\\/thespinsahara.org\\\/fr\\\/\",\"logo\":{\"@type\":\"ImageObject\",\"inLanguage\":\"fr-FR\",\"@id\":\"https:\\\/\\\/thespinsahara.org\\\/fr\\\/#\\\/schema\\\/logo\\\/image\\\/\",\"url\":\"https:\\\/\\\/thespinsahara.org\\\/wp-content\\\/uploads\\\/2025\\\/11\\\/logo.svg\",\"contentUrl\":\"https:\\\/\\\/thespinsahara.org\\\/wp-content\\\/uploads\\\/2025\\\/11\\\/logo.svg\",\"width\":160,\"height\":31,\"caption\":\"Spinsahara\"},\"image\":{\"@id\":\"https:\\\/\\\/thespinsahara.org\\\/fr\\\/#\\\/schema\\\/logo\\\/image\\\/\"}}]}<\/script>\n<!-- \/ Yoast SEO plugin. -->","yoast_head_json":{"title":"Connexion Spinsahara - Inscription et acc\u00e8s au compte","description":"Cr\u00e9ez, g\u00e9rez et v\u00e9rifiez facilement votre compte Spinsahara Casino. B\u00e9n\u00e9ficiez d'une inscription rapide, d'une r\u00e9cup\u00e9ration de compte transparente et d'une fermeture s\u00e9curis\u00e9e gr\u00e2ce \u00e0 Spinsahara Login, qui garantit la s\u00e9curit\u00e9 de votre compte \u00e0 tout moment.","robots":{"index":"index","follow":"follow","max-snippet":"max-snippet:-1","max-image-preview":"max-image-preview:large","max-video-preview":"max-video-preview:-1"},"canonical":"https:\/\/thespinsahara.org\/fr\/connexion-et-inscription\/","og_locale":"fr_FR","og_type":"article","og_title":"Connexion Spinsahara - Inscription et acc\u00e8s au compte","og_description":"Cr\u00e9ez, g\u00e9rez et v\u00e9rifiez facilement votre compte Spinsahara Casino. B\u00e9n\u00e9ficiez d'une inscription rapide, d'une r\u00e9cup\u00e9ration de compte transparente et d'une fermeture s\u00e9curis\u00e9e gr\u00e2ce \u00e0 Spinsahara Login, qui garantit la s\u00e9curit\u00e9 de votre compte \u00e0 tout moment.","og_url":"https:\/\/thespinsahara.org\/fr\/connexion-et-inscription\/","og_site_name":"spinsahara","article_modified_time":"2025-12-24T10:10:35+00:00","twitter_card":"summary_large_image","twitter_misc":{"Dur\u00e9e de lecture estim\u00e9e":"1 minute"},"schema":{"@context":"https:\/\/schema.org","@graph":[{"@type":"WebPage","@id":"https:\/\/thespinsahara.org\/fr\/connexion-et-inscription\/","url":"https:\/\/thespinsahara.org\/fr\/connexion-et-inscription\/","name":"Connexion Spinsahara - Inscription et acc\u00e8s au compte","isPartOf":{"@id":"https:\/\/thespinsahara.org\/fr\/#website"},"datePublished":"2025-11-14T10:06:35+00:00","dateModified":"2025-12-24T10:10:35+00:00","description":"Cr\u00e9ez, g\u00e9rez et v\u00e9rifiez facilement votre compte Spinsahara Casino. B\u00e9n\u00e9ficiez d'une inscription rapide, d'une r\u00e9cup\u00e9ration de compte transparente et d'une fermeture s\u00e9curis\u00e9e gr\u00e2ce \u00e0 Spinsahara Login, qui garantit la s\u00e9curit\u00e9 de votre compte \u00e0 tout moment.","breadcrumb":{"@id":"https:\/\/thespinsahara.org\/fr\/connexion-et-inscription\/#breadcrumb"},"inLanguage":"fr-FR","potentialAction":[{"@type":"ReadAction","target":["https:\/\/thespinsahara.org\/fr\/connexion-et-inscription\/"]}]},{"@type":"BreadcrumbList","@id":"https:\/\/thespinsahara.org\/fr\/connexion-et-inscription\/#breadcrumb","itemListElement":[{"@type":"ListItem","position":1,"name":"Spinsahara","item":"https:\/\/thespinsahara.org\/fr\/"},{"@type":"ListItem","position":2,"name":"Connexion et inscription"}]},{"@type":"WebSite","@id":"https:\/\/thespinsahara.org\/fr\/#website","url":"https:\/\/thespinsahara.org\/fr\/","name":"Spinsahara","description":"","publisher":{"@id":"https:\/\/thespinsahara.org\/fr\/#organization"},"potentialAction":[{"@type":"SearchAction","target":{"@type":"EntryPoint","urlTemplate":"https:\/\/thespinsahara.org\/fr\/?s={search_term_string}"},"query-input":{"@type":"PropertyValueSpecification","valueRequired":true,"valueName":"search_term_string"}}],"inLanguage":"fr-FR"},{"@type":"Organization","@id":"https:\/\/thespinsahara.org\/fr\/#organization","name":"Spinsahara","url":"https:\/\/thespinsahara.org\/fr\/","logo":{"@type":"ImageObject","inLanguage":"fr-FR","@id":"https:\/\/thespinsahara.org\/fr\/#\/schema\/logo\/image\/","url":"https:\/\/thespinsahara.org\/wp-content\/uploads\/2025\/11\/logo.svg","contentUrl":"https:\/\/thespinsahara.org\/wp-content\/uploads\/2025\/11\/logo.svg","width":160,"height":31,"caption":"Spinsahara"},"image":{"@id":"https:\/\/thespinsahara.org\/fr\/#\/schema\/logo\/image\/"}}]}},"_links":{"self":[{"href":"https:\/\/thespinsahara.org\/fr\/wp-json\/wp\/v2\/pages\/1468","targetHints":{"allow":["GET"]}}],"collection":[{"href":"https:\/\/thespinsahara.org\/fr\/wp-json\/wp\/v2\/pages"}],"about":[{"href":"https:\/\/thespinsahara.org\/fr\/wp-json\/wp\/v2\/types\/page"}],"author":[{"embeddable":true,"href":"https:\/\/thespinsahara.org\/fr\/wp-json\/wp\/v2\/users\/1"}],"replies":[{"embeddable":true,"href":"https:\/\/thespinsahara.org\/fr\/wp-json\/wp\/v2\/comments?post=1468"}],"version-history":[{"count":3,"href":"https:\/\/thespinsahara.org\/fr\/wp-json\/wp\/v2\/pages\/1468\/revisions"}],"predecessor-version":[{"id":1856,"href":"https:\/\/thespinsahara.org\/fr\/wp-json\/wp\/v2\/pages\/1468\/revisions\/1856"}],"wp:attachment":[{"href":"https:\/\/thespinsahara.org\/fr\/wp-json\/wp\/v2\/media?parent=1468"}],"curies":[{"name":"wp","href":"https:\/\/api.w.org\/{rel}","templated":true}]}}