{"id":1419,"date":"2025-11-14T09:53:46","date_gmt":"2025-11-14T09:53:46","guid":{"rendered":"https:\/\/thespinsahara.org\/app\/"},"modified":"2025-12-24T09:55:13","modified_gmt":"2025-12-24T09:55:13","slug":"app","status":"publish","type":"page","link":"https:\/\/thespinsahara.org\/fr\/app\/","title":{"rendered":"App"},"content":{"rendered":"<h1>Application de jeu Spinsahara<\/h1>\n<p>Nous avons d\u00e9velopp\u00e9 une Spinsahara app pratique pour Android et iOS, car les utilisateurs modernes pr\u00e9f\u00e8rent avoir tous leurs titres pr\u00e9f\u00e9r\u00e9s sur leur t\u00e9l\u00e9phone pour y acc\u00e9der rapidement. Vous pouvez rester flexible et jouer n&rsquo;importe o\u00f9, n&rsquo;importe quand. Dans le logiciel mobile, vous trouverez toute la s\u00e9lection de jeux qui s&rsquo;adapte parfaitement \u00e0 la taille des appareils modernes. Il s&rsquo;agit en fait d&rsquo;un reflet de la version pour ordinateur de bureau, mais con\u00e7ue selon les r\u00e8gles du mobile.<\/p>\n<div class=\"banner-wrap\" aria-label=\"Banner\"><img src=\"https:\/\/thespinsahara.org\/wp-content\/uploads\/2025\/11\/Spinsahara-banner-carousel-932\u0445400-12.webp\" class=\"w-100 d-none d-lg-block img-pc main-banner-img\" alt=\"Spinsahara banner desktop\" fetchpriority=\"high\" decoding=\"async\"><img src=\"https:\/\/thespinsahara.org\/wp-content\/uploads\/2025\/12\/Frame-35.webp\" class=\"w-100 d-none d-md-block d-lg-none main-banner-img\" alt=\"Spinsahara banner mobile\" fetchpriority=\"high\" decoding=\"async\"><img src=\"https:\/\/thespinsahara.org\/wp-content\/uploads\/2025\/12\/Frame-35.webp\" class=\"w-100 d-md-none\" alt=\"Spinsahara banner mobile\" fetchpriority=\"high\" decoding=\"async\"><div class=\"banner-description\">\n<div class=\"banner-title\">Bonus de bienvenue<\/div>\n<p class=\"banner-header-title\">1000 \u20ac<\/p>\n<div class=\"banner-header-AdditionalText\">+ 100 Tours gratuits<\/div>\n<button data-item=\"homepage_banner_link\" class=\"goto m-button m-gradient-border m-button--primary m-button--large banner-button btn-orange\">\n            <div class=\"m-button-content\">\n                <span>Inscrivez-vous d\u00e8s maintenant<\/span>\n                <span><\/span>\n            <\/div>\n        <\/button>\n<\/div>\n<div class=\"WelcomePack\">\n<p><img loading=\"lazy\" decoding=\"async\" class=\"alignnone wp-image-1344 size-full\" src=\"https:\/\/thespinsahara.org\/wp-content\/uploads\/2025\/11\/welcome-crown.svg\" alt=\"crown\" width=\"25\" height=\"26\" \/><\/p>\n<div class=\"WelcomePack-Info\">Cashback hebdomadaire jusqu&rsquo;\u00e0 25 %<\/div>\n<p><img loading=\"lazy\" decoding=\"async\" class=\"alignnone wp-image-1344 size-full\" src=\"https:\/\/thespinsahara.org\/wp-content\/uploads\/2025\/11\/welcome-crown.svg\" alt=\"crown\" width=\"25\" height=\"26\" \/><\/p>\n<\/div>\n<\/div>\n<h2>Spin Sahara Casino \u00e0 port\u00e9e de main<\/h2>\n<p>L&rsquo;application Spinsahara vous facilitera certainement la vie. Vous n&rsquo;avez plus besoin de vous demander comment rentrer plus t\u00f4t \u00e0 la maison pour profiter des jeux. Vous n&rsquo;avez besoin que d&rsquo;un t\u00e9l\u00e9phone et d&rsquo;une connexion Internet stable. Le logiciel mobile est parfaitement adapt\u00e9 aux appareils modernes, \u00e0 leurs tailles et \u00e0 leurs r\u00e9solutions.<\/p>\n<p>Vous aurez acc\u00e8s \u00e0 plus de 6 000 titres dans diff\u00e9rentes cat\u00e9gories. Tous nos fournisseurs de logiciels d\u00e9veloppent des jeux compatibles avec les appareils Android et iOS. De plus, vous n&rsquo;aurez aucun probl\u00e8me pour effectuer un d\u00e9p\u00f4t ou retirer des fonds.<\/p>\n<p>La progression dans l&rsquo;application et les versions de bureau se synchronisent. Cela signifie qu&rsquo;apr\u00e8s vous \u00eatre connect\u00e9 \u00e0 votre compte, vous pouvez combiner votre exp\u00e9rience sur PC et smartphone. Sur les deux appareils, votre progression sera enregistr\u00e9e.<\/p>\n<p>Si vous avez des questions ou des probl\u00e8mes concernant le logiciel mobile, vous pouvez toujours contacter notre \u00e9quipe d&rsquo;assistance \u00e0 la client\u00e8le disponible 24 heures sur 24, 7 jours sur 7. Elle est joignable dans l&rsquo;application via le chat en direct ou par e-mail. Nous vous r\u00e9pondrons rapidement et vous aiderons en vous donnant des conseils professionnels.<\/p>\n<p><div style=\"clear: both\"><\/div><div class=\"d-flex justify-content-center\"><button data-item=\"decouvrez_link\" data-group=\"website_links\" class=\"goto fw-bold rounded-pill btn btn-orange\" aria-label=\"T\u00e9l\u00e9charger Spinsahara\" >T\u00e9l\u00e9charger Spinsahara<\/button><\/div><div class=\"scrollable-content-wrap my-5\"><div class=\"scrollable-content-inner\"><h2>Application Android Spinsahara Casino<\/h2>\n<p>Les utilisateurs d&rsquo;Android peuvent facilement acc\u00e9der au site web du casino Spinsahara depuis n&rsquo;importe quel navigateur mobile. Vous pouvez profiter des m\u00eames jeux et fonctions, mais adapt\u00e9s \u00e0 un smartphone ou une tablette. Cependant, pour une exp\u00e9rience plus personnalis\u00e9e, nous vous invitons \u00e0 installer l&rsquo;application Spin Sahara. Pour ce faire, vous n&rsquo;avez pas besoin de t\u00e9l\u00e9charger des fichiers APK inconnus qui occuperont de l&rsquo;espace de stockage sur votre appareil. La version mobile est d\u00e9velopp\u00e9e sous forme d&rsquo;application web progressive (PWA).<\/p>\n<p>L&rsquo;application Spinsahara est compatible avec tous les appareils Android modernes. Elle est parfaitement con\u00e7ue pour fonctionner sur \u00e9cran tactile. Vous pouvez jouer \u00e0 des jeux, effectuer des d\u00e9p\u00f4ts ou retirer de l&rsquo;argent, obtenir des bonus et participer \u00e0 des tournois. Dans le tableau ci-dessous, vous trouverez des instructions d\u00e9taill\u00e9es pour l&rsquo;installer rapidement et sans probl\u00e8me.<\/p>\n<table>\n<tbody>\n<tr>\n<td>\u00c9tape<\/td>\n<td>D\u00e9tails<\/td>\n<\/tr>\n<tr>\n<td>Rendez-vous sur notre site officiel.<\/td>\n<td>Nous vous recommandons de t\u00e9l\u00e9charger l&rsquo;application uniquement \u00e0 partir du site web officiel afin d&rsquo;\u00e9viter toute fraude.<\/td>\n<\/tr>\n<tr>\n<td>Cliquez sur le bouton \u00ab Casino App \u00bb en bas de page.<\/td>\n<td>Il se trouve tout en bas de la page d&rsquo;accueil. L&rsquo;installation d\u00e9marre automatiquement et ne prend que quelques minutes.<\/td>\n<\/tr>\n<tr>\n<td>L&rsquo;ic\u00f4ne Spinsahara Casino appara\u00eet sur votre \u00e9cran d&rsquo;accueil.<\/td>\n<td>Vous pouvez d\u00e9sormais vous connecter ou cr\u00e9er un nouveau compte et commencer \u00e0 jouer.<\/td>\n<\/tr>\n<\/tbody>\n<\/table>\n<p><img loading=\"lazy\" decoding=\"async\" src=\"https:\/\/thespinsahara.org\/wp-content\/uploads\/2025\/11\/Spinsahara-Android-App.webp\" alt=\"Spinsahara Android App\" width=\"1248\" height=\"536\" \/><\/p>\n<\/div><\/div><div style=\"clear: both\"><\/div><div class=\"d-flex justify-content-center\"><button data-item=\"decouvrez_link\" data-group=\"website_links\" class=\"goto fw-bold rounded-pill btn btn-orange\" aria-label=\"T\u00e9l\u00e9chargez l&#039;application Spinsahara\" >T\u00e9l\u00e9chargez l&#039;application Spinsahara<\/button><\/div><div class=\"scrollable-content-wrap my-5\"><div class=\"scrollable-content-inner\"><h2>Spinsahara Casino iOS Application<\/h2>\n<p>If you have an iPhone or iPad, it\u2019s not a problem at all, because you can also use the Spinsahara app smoothly on your device. Because of the App Store rules regarding gambling, you can\u2019t download our mobile casino from the official store. Instead of that, you have the opportunity to install the PWA from our website. We regularly test it, so you can be sure that it\u2019s fully safe.<\/p>\n<p>The mobile Spin Sahara Casino version offers a huge game and bonus collection, payments, tournaments, daily missions, customer support and much more. You can register or complete the verification process directly in the mobile software.<\/p>\n<p>Also, in every modern mobile browser, you can install a shortcut icon for a website to get quick access right from your home screen. It will also work for Spin Sahara. Follow our short instructions below to keep our mobile casino always next to you.<\/p>\n<h2>Application iOS Spinsahara Casino<\/h2>\n<p>Si vous poss\u00e9dez un iPhone ou un iPad, ce n&rsquo;est pas un probl\u00e8me, car vous pouvez \u00e9galement utiliser l&rsquo;application Spinsahara sans difficult\u00e9 sur votre appareil. En raison des r\u00e8gles de l&rsquo;App Store concernant les jeux d&rsquo;argent, vous ne pouvez pas t\u00e9l\u00e9charger notre casino mobile depuis la boutique officielle. \u00c0 la place, vous avez la possibilit\u00e9 d&rsquo;installer la PWA depuis notre site web. Nous la testons r\u00e9guli\u00e8rement, vous pouvez donc \u00eatre s\u00fbr qu&rsquo;elle est enti\u00e8rement s\u00e9curis\u00e9e.<\/p>\n<p>La version mobile du casino Spin Sahara propose une vaste collection de jeux et de bonus, des paiements, des tournois, des missions quotidiennes, un service client et bien plus encore. Vous pouvez vous inscrire ou effectuer le processus de v\u00e9rification directement dans le logiciel mobile.<\/p>\n<p>De plus, dans tous les navigateurs mobiles modernes, vous pouvez installer une ic\u00f4ne de raccourci vers un site web pour y acc\u00e9der rapidement depuis votre \u00e9cran d&rsquo;accueil. Cela fonctionne \u00e9galement pour Spin Sahara. Suivez nos br\u00e8ves instructions ci-dessous pour avoir notre casino mobile toujours \u00e0 port\u00e9e de main.<\/p>\n<table>\n<tbody>\n<tr>\n<td>\u00c9tape<\/td>\n<td>D\u00e9tails<\/td>\n<\/tr>\n<tr>\n<td>Ouvrez l&rsquo;application \u00ab Raccourcis \u00bb.<\/td>\n<td>L&rsquo;application devrait s&rsquo;installer automatiquement sur votre appareil.<\/td>\n<\/tr>\n<tr>\n<td>Cliquez sur l&rsquo;ic\u00f4ne \u00ab + \u00bb pour cr\u00e9er un nouveau raccourci.<\/td>\n<td>L&rsquo;ic\u00f4ne se trouve dans le coin sup\u00e9rieur droit de la page d&rsquo;accueil.<\/td>\n<\/tr>\n<tr>\n<td>Appuyez sur \u00ab Ajouter une action \u00bb.<\/td>\n<td>Vous devez maintenant rechercher le site web Spinsahara pour lequel vous souhaitez cr\u00e9er un raccourci.<\/td>\n<\/tr>\n<tr>\n<td>Cliquez sur le bouton \u00e0 c\u00f4t\u00e9 du nom du raccourci et s\u00e9lectionnez \u00ab Ajouter \u00e0 l&rsquo;\u00e9cran d&rsquo;accueil \u00bb.<\/td>\n<td>Le bouton se pr\u00e9sente sous la forme d&rsquo;une fl\u00e8che vers le bas.<\/td>\n<\/tr>\n<tr>\n<td>Appuyez sur \u00ab Ajouter \u00bb.<\/td>\n<td>Avant de le faire, vous pouvez modifier le nom de l&rsquo;ic\u00f4ne si vous le souhaitez.<\/td>\n<\/tr>\n<\/tbody>\n<\/table>\n<p><img loading=\"lazy\" decoding=\"async\" src=\"https:\/\/thespinsahara.org\/wp-content\/uploads\/2025\/11\/Spinsahara-iOS-App.webp\" alt=\"Spinsahara iOS App\" width=\"1248\" height=\"536\" \/><\/p>\n<\/div><\/div><div style=\"clear: both\"><\/div><div class=\"d-flex justify-content-center\"><button data-item=\"decouvrez_link\" data-group=\"website_links\" class=\"goto fw-bold rounded-pill btn btn-orange\" aria-label=\"T\u00e9l\u00e9charger Spinsahara\" >T\u00e9l\u00e9charger Spinsahara<\/button><\/div><div class=\"scrollable-content-wrap my-5\"><div class=\"scrollable-content-inner\"><h2>T\u00e9l\u00e9chargements pour les applications Windows et macOS<\/h2>\n<p>Certains utilisateurs pr\u00e9f\u00e8rent profiter de leurs machines \u00e0 sous en ligne pr\u00e9f\u00e9r\u00e9es chez eux, sur leur PC ou leur ordinateur portable. L&rsquo;ensemble du processus se d\u00e9roulera sur un grand \u00e9cran, vous ne manquerez donc rien de votre exp\u00e9rience de jeu. Vous pouvez acc\u00e9der au casino Spinsahara depuis n&rsquo;importe quel navigateur web.<\/p>\n<p>Pour une exp\u00e9rience plus personnalis\u00e9e avec des notifications push sur les actualit\u00e9s et vos r\u00e9alisations, vous pouvez t\u00e9l\u00e9charger une application de bureau. Vous aurez acc\u00e8s \u00e0 toutes les m\u00eames fonctions, mais de mani\u00e8re plus rapide et plus pratique. La version de bureau prend en charge tous les appareils Windows et macOS, fonctionne sans probl\u00e8me et ne pose aucun probl\u00e8me.<\/p>\n<p><img loading=\"lazy\" decoding=\"async\" src=\"https:\/\/thespinsahara.org\/wp-content\/uploads\/2025\/11\/Spinsahara-Desktop.webp\" alt=\"Spinsahara Desktop\" width=\"1248\" height=\"536\" \/><\/p>\n<\/div><\/div><div style=\"clear: both\"><\/div><div class=\"d-flex justify-content-center\"><button data-item=\"decouvrez_link\" data-group=\"website_links\" class=\"goto fw-bold rounded-pill btn btn-orange\" aria-label=\"T\u00e9l\u00e9chargez l&#039;application Spinsahara\" >T\u00e9l\u00e9chargez l&#039;application Spinsahara<\/button><\/div><div class=\"scrollable-content-wrap \"><div class=\"scrollable-content-inner\"><h2>FAQ<\/h2>\n<h3>L&rsquo;application Spin Sahara Casino offre-t-elle un service client\u00e8le ?<\/h3>\n<p>Dans l&rsquo;application, vous trouverez le chat en direct du service client. Nos responsables sont disponibles 24 heures sur 24 et 7 jours sur 7 pour r\u00e9soudre tout probl\u00e8me li\u00e9 \u00e0 la plateforme. Pour des questions plus d\u00e9taill\u00e9es, vous pouvez nous envoyer un e-mail.<\/p>\n<h3>Faut-il cr\u00e9er un compte pour utiliser l&rsquo;application Spinsahara ?<\/h3>\n<p>Vous devez disposer d&rsquo;un compte pour utiliser toutes les fonctionnalit\u00e9s de l&rsquo;application Spinsahara. Par exemple, il n&rsquo;est possible d&rsquo;effectuer un d\u00e9p\u00f4t et de jouer avec de l&rsquo;argent r\u00e9el qu&rsquo;apr\u00e8s s&rsquo;\u00eatre inscrit.<\/p>\n<h3>Tous les jeux sont-ils disponibles dans l&rsquo;application ?<\/h3>\n<p>La collection compl\u00e8te de jeux, qui compte plus de 6 000 titres, est disponible dans l&rsquo;application mobile. Elle comprend des machines \u00e0 sous, des jeux de table, des options avec croupier en direct et bien plus encore. Tous ces jeux s&rsquo;adaptent parfaitement aux smartphones ou aux tablettes et offrent une excellente exp\u00e9rience utilisateur.<\/p>\n<h3>Comment puis-je mettre \u00e0 jour l&rsquo;application Spinsahara Casino ?<\/h3>\n<p>La plupart des mises \u00e0 jour de l&rsquo;application Spinsahara sont automatiques, sans aucune \u00e9tape suppl\u00e9mentaire de votre part. Si nous apportons des modifications importantes, nous vous enverrons une notification vous invitant \u00e0 installer la derni\u00e8re version depuis notre site web officiel.<\/p>\n<\/div><\/div><\/p>\n","protected":false},"excerpt":{"rendered":"<p>Application de jeu Spinsahara Nous avons d\u00e9velopp\u00e9 une Spinsahara app pratique pour Android et iOS, car les utilisateurs modernes pr\u00e9f\u00e8rent avoir tous leurs titres pr\u00e9f\u00e9r\u00e9s sur leur t\u00e9l\u00e9phone pour y acc\u00e9der rapidement. Vous pouvez rester flexible et jouer n&rsquo;importe o\u00f9, n&rsquo;importe quand. Dans le logiciel mobile, vous trouverez toute la s\u00e9lection de jeux qui s&rsquo;adapte [&hellip;]<\/p>\n","protected":false},"author":1,"featured_media":0,"parent":0,"menu_order":0,"comment_status":"closed","ping_status":"closed","template":"template-builder.php","meta":{"_acf_changed":false,"inline_featured_image":false,"footnotes":""},"class_list":["post-1419","page","type-page","status-publish","hentry"],"acf":[],"yoast_head":"<!-- This site is optimized with the Yoast SEO plugin v27.3 - https:\/\/yoast.com\/product\/yoast-seo-wordpress\/ -->\n<title>Casino mobile Spinsahara | Application Android et iOS<\/title>\n<meta name=\"description\" content=\"L&#039;application Spinsahara offre une exp\u00e9rience de jeu fluide sur les plateformes Android, iOS, Windows et macOS, avec des comptes synchronis\u00e9s, des mises \u00e0 jour fr\u00e9quentes et un service client int\u00e9gr\u00e9 pour un gameplay ininterrompu.\" \/>\n<meta name=\"robots\" content=\"index, follow, max-snippet:-1, max-image-preview:large, max-video-preview:-1\" \/>\n<link rel=\"canonical\" href=\"https:\/\/thespinsahara.org\/fr\/app\/\" \/>\n<meta property=\"og:locale\" content=\"fr_FR\" \/>\n<meta property=\"og:type\" content=\"article\" \/>\n<meta property=\"og:title\" content=\"Casino mobile Spinsahara | Application Android et iOS\" \/>\n<meta property=\"og:description\" content=\"L&#039;application Spinsahara offre une exp\u00e9rience de jeu fluide sur les plateformes Android, iOS, Windows et macOS, avec des comptes synchronis\u00e9s, des mises \u00e0 jour fr\u00e9quentes et un service client int\u00e9gr\u00e9 pour un gameplay ininterrompu.\" \/>\n<meta property=\"og:url\" content=\"https:\/\/thespinsahara.org\/fr\/app\/\" \/>\n<meta property=\"og:site_name\" content=\"spinsahara\" \/>\n<meta property=\"article:modified_time\" content=\"2025-12-24T09:55:13+00:00\" \/>\n<meta name=\"twitter:card\" content=\"summary_large_image\" \/>\n<meta name=\"twitter:label1\" content=\"Dur\u00e9e de lecture estim\u00e9e\" \/>\n\t<meta name=\"twitter:data1\" content=\"2 minutes\" \/>\n<script type=\"application\/ld+json\" class=\"yoast-schema-graph\">{\"@context\":\"https:\\\/\\\/schema.org\",\"@graph\":[{\"@type\":\"WebPage\",\"@id\":\"https:\\\/\\\/thespinsahara.org\\\/fr\\\/app\\\/\",\"url\":\"https:\\\/\\\/thespinsahara.org\\\/fr\\\/app\\\/\",\"name\":\"Casino mobile Spinsahara | Application Android et iOS\",\"isPartOf\":{\"@id\":\"https:\\\/\\\/thespinsahara.org\\\/fr\\\/#website\"},\"datePublished\":\"2025-11-14T09:53:46+00:00\",\"dateModified\":\"2025-12-24T09:55:13+00:00\",\"description\":\"L'application Spinsahara offre une exp\u00e9rience de jeu fluide sur les plateformes Android, iOS, Windows et macOS, avec des comptes synchronis\u00e9s, des mises \u00e0 jour fr\u00e9quentes et un service client int\u00e9gr\u00e9 pour un gameplay ininterrompu.\",\"breadcrumb\":{\"@id\":\"https:\\\/\\\/thespinsahara.org\\\/fr\\\/app\\\/#breadcrumb\"},\"inLanguage\":\"fr-FR\",\"potentialAction\":[{\"@type\":\"ReadAction\",\"target\":[\"https:\\\/\\\/thespinsahara.org\\\/fr\\\/app\\\/\"]}]},{\"@type\":\"BreadcrumbList\",\"@id\":\"https:\\\/\\\/thespinsahara.org\\\/fr\\\/app\\\/#breadcrumb\",\"itemListElement\":[{\"@type\":\"ListItem\",\"position\":1,\"name\":\"Spinsahara\",\"item\":\"https:\\\/\\\/thespinsahara.org\\\/fr\\\/\"},{\"@type\":\"ListItem\",\"position\":2,\"name\":\"App\"}]},{\"@type\":\"WebSite\",\"@id\":\"https:\\\/\\\/thespinsahara.org\\\/fr\\\/#website\",\"url\":\"https:\\\/\\\/thespinsahara.org\\\/fr\\\/\",\"name\":\"Spinsahara\",\"description\":\"\",\"publisher\":{\"@id\":\"https:\\\/\\\/thespinsahara.org\\\/fr\\\/#organization\"},\"potentialAction\":[{\"@type\":\"SearchAction\",\"target\":{\"@type\":\"EntryPoint\",\"urlTemplate\":\"https:\\\/\\\/thespinsahara.org\\\/fr\\\/?s={search_term_string}\"},\"query-input\":{\"@type\":\"PropertyValueSpecification\",\"valueRequired\":true,\"valueName\":\"search_term_string\"}}],\"inLanguage\":\"fr-FR\"},{\"@type\":\"Organization\",\"@id\":\"https:\\\/\\\/thespinsahara.org\\\/fr\\\/#organization\",\"name\":\"Spinsahara\",\"url\":\"https:\\\/\\\/thespinsahara.org\\\/fr\\\/\",\"logo\":{\"@type\":\"ImageObject\",\"inLanguage\":\"fr-FR\",\"@id\":\"https:\\\/\\\/thespinsahara.org\\\/fr\\\/#\\\/schema\\\/logo\\\/image\\\/\",\"url\":\"https:\\\/\\\/thespinsahara.org\\\/wp-content\\\/uploads\\\/2025\\\/11\\\/logo.svg\",\"contentUrl\":\"https:\\\/\\\/thespinsahara.org\\\/wp-content\\\/uploads\\\/2025\\\/11\\\/logo.svg\",\"width\":160,\"height\":31,\"caption\":\"Spinsahara\"},\"image\":{\"@id\":\"https:\\\/\\\/thespinsahara.org\\\/fr\\\/#\\\/schema\\\/logo\\\/image\\\/\"}}]}<\/script>\n<!-- \/ Yoast SEO plugin. -->","yoast_head_json":{"title":"Casino mobile Spinsahara | Application Android et iOS","description":"L'application Spinsahara offre une exp\u00e9rience de jeu fluide sur les plateformes Android, iOS, Windows et macOS, avec des comptes synchronis\u00e9s, des mises \u00e0 jour fr\u00e9quentes et un service client int\u00e9gr\u00e9 pour un gameplay ininterrompu.","robots":{"index":"index","follow":"follow","max-snippet":"max-snippet:-1","max-image-preview":"max-image-preview:large","max-video-preview":"max-video-preview:-1"},"canonical":"https:\/\/thespinsahara.org\/fr\/app\/","og_locale":"fr_FR","og_type":"article","og_title":"Casino mobile Spinsahara | Application Android et iOS","og_description":"L'application Spinsahara offre une exp\u00e9rience de jeu fluide sur les plateformes Android, iOS, Windows et macOS, avec des comptes synchronis\u00e9s, des mises \u00e0 jour fr\u00e9quentes et un service client int\u00e9gr\u00e9 pour un gameplay ininterrompu.","og_url":"https:\/\/thespinsahara.org\/fr\/app\/","og_site_name":"spinsahara","article_modified_time":"2025-12-24T09:55:13+00:00","twitter_card":"summary_large_image","twitter_misc":{"Dur\u00e9e de lecture estim\u00e9e":"2 minutes"},"schema":{"@context":"https:\/\/schema.org","@graph":[{"@type":"WebPage","@id":"https:\/\/thespinsahara.org\/fr\/app\/","url":"https:\/\/thespinsahara.org\/fr\/app\/","name":"Casino mobile Spinsahara | Application Android et iOS","isPartOf":{"@id":"https:\/\/thespinsahara.org\/fr\/#website"},"datePublished":"2025-11-14T09:53:46+00:00","dateModified":"2025-12-24T09:55:13+00:00","description":"L'application Spinsahara offre une exp\u00e9rience de jeu fluide sur les plateformes Android, iOS, Windows et macOS, avec des comptes synchronis\u00e9s, des mises \u00e0 jour fr\u00e9quentes et un service client int\u00e9gr\u00e9 pour un gameplay ininterrompu.","breadcrumb":{"@id":"https:\/\/thespinsahara.org\/fr\/app\/#breadcrumb"},"inLanguage":"fr-FR","potentialAction":[{"@type":"ReadAction","target":["https:\/\/thespinsahara.org\/fr\/app\/"]}]},{"@type":"BreadcrumbList","@id":"https:\/\/thespinsahara.org\/fr\/app\/#breadcrumb","itemListElement":[{"@type":"ListItem","position":1,"name":"Spinsahara","item":"https:\/\/thespinsahara.org\/fr\/"},{"@type":"ListItem","position":2,"name":"App"}]},{"@type":"WebSite","@id":"https:\/\/thespinsahara.org\/fr\/#website","url":"https:\/\/thespinsahara.org\/fr\/","name":"Spinsahara","description":"","publisher":{"@id":"https:\/\/thespinsahara.org\/fr\/#organization"},"potentialAction":[{"@type":"SearchAction","target":{"@type":"EntryPoint","urlTemplate":"https:\/\/thespinsahara.org\/fr\/?s={search_term_string}"},"query-input":{"@type":"PropertyValueSpecification","valueRequired":true,"valueName":"search_term_string"}}],"inLanguage":"fr-FR"},{"@type":"Organization","@id":"https:\/\/thespinsahara.org\/fr\/#organization","name":"Spinsahara","url":"https:\/\/thespinsahara.org\/fr\/","logo":{"@type":"ImageObject","inLanguage":"fr-FR","@id":"https:\/\/thespinsahara.org\/fr\/#\/schema\/logo\/image\/","url":"https:\/\/thespinsahara.org\/wp-content\/uploads\/2025\/11\/logo.svg","contentUrl":"https:\/\/thespinsahara.org\/wp-content\/uploads\/2025\/11\/logo.svg","width":160,"height":31,"caption":"Spinsahara"},"image":{"@id":"https:\/\/thespinsahara.org\/fr\/#\/schema\/logo\/image\/"}}]}},"_links":{"self":[{"href":"https:\/\/thespinsahara.org\/fr\/wp-json\/wp\/v2\/pages\/1419","targetHints":{"allow":["GET"]}}],"collection":[{"href":"https:\/\/thespinsahara.org\/fr\/wp-json\/wp\/v2\/pages"}],"about":[{"href":"https:\/\/thespinsahara.org\/fr\/wp-json\/wp\/v2\/types\/page"}],"author":[{"embeddable":true,"href":"https:\/\/thespinsahara.org\/fr\/wp-json\/wp\/v2\/users\/1"}],"replies":[{"embeddable":true,"href":"https:\/\/thespinsahara.org\/fr\/wp-json\/wp\/v2\/comments?post=1419"}],"version-history":[{"count":3,"href":"https:\/\/thespinsahara.org\/fr\/wp-json\/wp\/v2\/pages\/1419\/revisions"}],"predecessor-version":[{"id":1851,"href":"https:\/\/thespinsahara.org\/fr\/wp-json\/wp\/v2\/pages\/1419\/revisions\/1851"}],"wp:attachment":[{"href":"https:\/\/thespinsahara.org\/fr\/wp-json\/wp\/v2\/media?parent=1419"}],"curies":[{"name":"wp","href":"https:\/\/api.w.org\/{rel}","templated":true}]}}