{"id":1473,"date":"2025-11-14T10:06:35","date_gmt":"2025-11-14T10:06:35","guid":{"rendered":"https:\/\/thespinsahara.org\/login-and-registration\/"},"modified":"2025-11-17T07:56:26","modified_gmt":"2025-11-17T07:56:26","slug":"inicio-de-sesion-y-registro","status":"publish","type":"page","link":"https:\/\/thespinsahara.org\/es\/inicio-de-sesion-y-registro\/","title":{"rendered":"Inicio de sesi\u00f3n y Registro"},"content":{"rendered":"<h1>Inicio de sesi\u00f3n en Spinsahara: registro r\u00e1pido y gesti\u00f3n de la cuenta<\/h1>\n<p>Para acceder a todas las funciones de nuestro sitio web o aplicaci\u00f3n, todos los usuarios deben pasar por el proceso de Spinsahara login. Para ello, debe ser mayor de 18 a\u00f1os. Adem\u00e1s, tenemos la norma de que una persona solo puede tener una cuenta. Despu\u00e9s de registrarse, tendr\u00e1 acceso a toda la colecci\u00f3n de juegos, pagos, bonificaciones y servicio de atenci\u00f3n al cliente, que est\u00e1 disponible las 24 horas del d\u00eda.<\/p>\n<p><div class=\"banner-wrap\" aria-label=\"Banner\"><img src=\"https:\/\/thespinsahara.org\/wp-content\/uploads\/2025\/11\/Spinsahara-banner-carousel-932\u0445400-12.webp\" class=\"w-100 d-none d-lg-block img-pc main-banner-img\" alt=\"Spinsahara banner desktop\" fetchpriority=\"high\" decoding=\"async\"><img src=\"https:\/\/thespinsahara.org\/wp-content\/uploads\/2025\/12\/Frame-35.webp\" class=\"w-100 d-none d-md-block d-lg-none main-banner-img\" alt=\"Spinsahara banner mobile\" fetchpriority=\"high\" decoding=\"async\"><img src=\"https:\/\/thespinsahara.org\/wp-content\/uploads\/2025\/12\/Frame-35.webp\" class=\"w-100 d-md-none\" alt=\"Spinsahara banner mobile\" fetchpriority=\"high\" decoding=\"async\"><div class=\"banner-description\">\n<div class=\"banner-title\">Bonos de bienvenida<\/div>\n<p class=\"banner-header-title\">1500 \u20ac<\/p>\n<div class=\"banner-header-AdditionalText\">+ 250 Giros gratis<\/div>\n<button data-item=\"homepage_banner_link\" class=\"goto m-button m-gradient-border m-button--primary m-button--large banner-button btn-orange\">\n            <div class=\"m-button-content\">\n                <span>Reg\u00edstrese ahora<\/span>\n                <span><\/span>\n            <\/div>\n        <\/button>\n<\/div>\n<div class=\"WelcomePack\">\n<p><img loading=\"lazy\" decoding=\"async\" class=\"alignnone size-full wp-image-1346\" src=\"https:\/\/thespinsahara.org\/wp-content\/uploads\/2025\/11\/welcome-crown.svg\" alt=\"crown\" width=\"25\" height=\"26\" \/><\/p>\n<div class=\"WelcomePack-Info\">Reembolso semanal de hasta el 25 %<\/div>\n<p><img loading=\"lazy\" decoding=\"async\" class=\"alignnone size-full wp-image-1346\" src=\"https:\/\/thespinsahara.org\/wp-content\/uploads\/2025\/11\/welcome-crown.svg\" alt=\"crown\" width=\"25\" height=\"26\" \/><\/p>\n<\/div>\n<\/div><div class=\"scrollable-content-wrap my-5\"><div class=\"scrollable-content-inner\"><h2>Registro de jugadores en Spinsahara Casino<\/h2>\n<p>Spinsahara Casino combina todas las mejores caracter\u00edsticas de un casino en l\u00ednea en su plataforma. Pero para acceder a todas ellas, primero debe pasar por el proceso de inicio de sesi\u00f3n en Spinsahara. No le llevar\u00e1 m\u00e1s de 3 minutos a la mayor\u00eda de los usuarios y solo se le pedir\u00e1 la informaci\u00f3n necesaria.<\/p>\n<p>En nuestra plataforma encontrar\u00e1s m\u00e1s de 6000 juegos, incluyendo tragamonedas populares, juegos de mesa, opciones con crupier en vivo, juegos crash y mucho m\u00e1s. Puedes realizar dep\u00f3sitos y retiradas con m\u00e9todos de pago populares y seguros, por ejemplo, tarjetas bancarias, monederos electr\u00f3nicos, transferencias bancarias y criptomonedas. Despu\u00e9s de iniciar sesi\u00f3n en Spinsahara, tambi\u00e9n tendr\u00e1s acceso a algunas funcionalidades y herramientas directamente en tu cuenta personal.<\/p>\n<table>\n<tbody>\n<tr>\n<td>Funci\u00f3n<\/td>\n<td>Detalles<\/td>\n<\/tr>\n<tr>\n<td>Gesti\u00f3n de la informaci\u00f3n personal y de pago<\/td>\n<td>Puedes cambiar tus datos personales o de pago en cualquier momento.<\/td>\n<\/tr>\n<tr>\n<td>Historial de actividad<\/td>\n<td>Podr\u00e1 ver su historial de juego, bonificaciones y dep\u00f3sitos.<\/td>\n<\/tr>\n<tr>\n<td>Herramientas de juego responsable<\/td>\n<td>Ofrecemos l\u00edmites de tiempo, dep\u00f3sito, apuestas y p\u00e9rdidas, as\u00ed como autoexclusi\u00f3n.<\/td>\n<\/tr>\n<tr>\n<td>Pagos<\/td>\n<td>En tu cuenta, puedes realizar dep\u00f3sitos y retiradas sin demoras.<\/td>\n<\/tr>\n<tr>\n<td>Proceso de verificaci\u00f3n<\/td>\n<td>Antes de realizar tu primer retiro, debes subir documentos que acrediten tu identidad.<\/td>\n<\/tr>\n<\/tbody>\n<\/table>\n<h3>Crea tu cuenta<\/h3>\n<p>El registro en Spin Sahara Casino est\u00e1 dise\u00f1ado para ser sencillo para todos los jugadores, incluidos los nuevos. Es intuitivo y no lleva mucho tiempo. A continuaci\u00f3n, te ofrecemos unas instrucciones para que el proceso te resulte lo m\u00e1s sencillo posible:<\/p>\n<ol>\n<li>Visita el sitio web oficial de Spinsahara.<\/li>\n<li>Haz clic en el bot\u00f3n \u00abRegistrarse\u00bb de la p\u00e1gina de inicio.<\/li>\n<li>Introduce tu direcci\u00f3n de correo electr\u00f3nico y crea una contrase\u00f1a. Si tienes un c\u00f3digo promocional, tambi\u00e9n puedes a\u00f1adirlo en este paso.<\/li>\n<li>Acepta que eres mayor de 18 a\u00f1os y que est\u00e1s de acuerdo con las normas de la plataforma.<\/li>\n<li>Haga clic en el bot\u00f3n \u00abRegistrarse\u00bb al final del formulario de registro.<\/li>\n<li>En la siguiente pantalla, rellene sus datos personales, como su nombre completo, fecha de nacimiento, n\u00famero de tel\u00e9fono y direcci\u00f3n.<\/li>\n<li>Haga clic en \u00abGuardar\u00bb al final del formulario.<\/li>\n<\/ol>\n<p>Ahora ya tienes oficialmente una cuenta en Spinsahara Casino. Puedes realizar tu primer dep\u00f3sito y jugar con dinero real.<\/p>\n<h2>C\u00f3mo acceder y configurar una cuenta en Spin Sahara<\/h2>\n<p>Si no es la primera vez que visita la plataforma y ya tiene una cuenta, solo tiene que seguir el proceso de inicio de sesi\u00f3n de Spinsahara. Se puede hacer de forma muy sencilla desde un ordenador o cualquier dispositivo m\u00f3vil. Debe ir al formulario de inicio de sesi\u00f3n haciendo clic en el bot\u00f3n \u00abIniciar sesi\u00f3n\u00bb de la p\u00e1gina de inicio. All\u00ed, introduzca la direcci\u00f3n de correo electr\u00f3nico y la contrase\u00f1a que utiliz\u00f3 al registrarse. Si la informaci\u00f3n introducida es correcta, se iniciar\u00e1 sesi\u00f3n autom\u00e1ticamente en su cuenta.<\/p>\n<p>Si no tienes una cuenta, solo podr\u00e1s jugar a algunos juegos en modo demo. Sin embargo, las opciones de crupier en vivo, las promociones, los pagos y todo lo dem\u00e1s no estar\u00e1n disponibles. Por eso recomendamos a todo el mundo que, al menos, pruebe todas las funcionalidades de Spinsahara despu\u00e9s de registrarse.<\/p>\n<h3>\u00bfHa olvidado su contrase\u00f1a?<\/h3>\n<p>Siempre puede restablecer su contrase\u00f1a si la olvida. Entendemos que cosas as\u00ed le pueden pasar a cualquiera. Solo tiene que ir al formulario de inicio de sesi\u00f3n y hacer clic en \u00ab\u00bfHa olvidado su contrase\u00f1a?\u00bb. A continuaci\u00f3n, debe introducir la direcci\u00f3n de correo electr\u00f3nico que utiliza para iniciar sesi\u00f3n en Spinsahara. Le enviaremos un correo electr\u00f3nico con el enlace para restablecer la contrase\u00f1a. Debe crear una nueva y utilizarla la pr\u00f3xima vez que visite Spinsahara Casino.<\/p>\n<h3>Spin Sahara Casino: cuenta segura y proceso de verificaci\u00f3n<\/h3>\n<p>Antes de realizar su primer dep\u00f3sito, todos nuestros jugadores deben completar el proceso de verificaci\u00f3n. Es una de las reglas que todos deben seguir para mantener Spinsahara como una plataforma segura y libre de fraudes. Se le pedir\u00e1 que suba los siguientes documentos a nuestro sitio web:<\/p>\n<ul>\n<li>Pasaporte, documento de identidad, permiso de conducir<\/li>\n<li>Factura de servicios p\u00fablicos con una antig\u00fcedad m\u00e1xima de 3 meses, extracto bancario<\/li>\n<li>Prueba de la titularidad de la cuenta bancaria, tarjeta, monedero electr\u00f3nico o monedero de criptomonedas<\/li>\n<\/ul>\n<p>A continuaci\u00f3n, nuestros gestores revisar\u00e1n tus documentos en un plazo de 48 horas y te dar\u00e1n una respuesta. Si todo est\u00e1 en orden, podr\u00e1s realizar retiradas en Spin Sahara sin demoras. El proceso de verificaci\u00f3n solo debe realizarse una vez.<\/p>\n<h2>Preguntas frecuentes<\/h2>\n<h3>\u00bfC\u00f3mo completo el proceso de verificaci\u00f3n de la cuenta?<\/h3>\n<p>Le pediremos que suba documentos que acrediten su identidad antes de realizar el primer retiro. Nuestros gerentes los revisar\u00e1n en un plazo de 48 horas y se pondr\u00e1n en contacto con usted.<\/p>\n<h3>\u00bfC\u00f3mo actualizo mi contrase\u00f1a o direcci\u00f3n de correo electr\u00f3nico?<\/h3>\n<p>Puede actualizar toda la informaci\u00f3n personal y de pago, incluida la contrase\u00f1a y el correo electr\u00f3nico, en la configuraci\u00f3n de su cuenta de Spin Sahara. Si ha olvidado su contrase\u00f1a, puede restablecerla a trav\u00e9s del formulario de inicio de sesi\u00f3n.<\/p>\n<h3>\u00bfQu\u00e9 debo hacer si mi cuenta est\u00e1 bloqueada?<\/h3>\n<p>Si no ha recibido ninguna informaci\u00f3n adicional por nuestra parte sobre el bloqueo de su cuenta, p\u00f3ngase en contacto con nuestro equipo de asistencia 24\/7 a trav\u00e9s del chat en vivo o por correo electr\u00f3nico. Siempre le enviamos la informaci\u00f3n sobre el motivo y el periodo de bloqueo por correo electr\u00f3nico.<\/p>\n<h3>\u00bfC\u00f3mo puedo cerrar o suspender temporalmente mi cuenta?<\/h3>\n<p>Para bloquear o suspender temporalmente tu cuenta, debes ponerte en contacto con nuestro equipo de asistencia multiling\u00fce de Spinsahara. Lo har\u00e1n en unos minutos y te explicar\u00e1n c\u00f3mo volver a abrir una cuenta.<\/p>\n<\/div><\/div><\/p>\n","protected":false},"excerpt":{"rendered":"<p>Inicio de sesi\u00f3n en Spinsahara: registro r\u00e1pido y gesti\u00f3n de la cuenta Para acceder a todas las funciones de nuestro sitio web o aplicaci\u00f3n, todos los usuarios deben pasar por el proceso de Spinsahara login. Para ello, debe ser mayor de 18 a\u00f1os. Adem\u00e1s, tenemos la norma de que una persona solo puede tener una [&hellip;]<\/p>\n","protected":false},"author":1,"featured_media":0,"parent":0,"menu_order":0,"comment_status":"closed","ping_status":"closed","template":"template-builder.php","meta":{"_acf_changed":false,"inline_featured_image":false,"footnotes":""},"class_list":["post-1473","page","type-page","status-publish","hentry"],"acf":[],"yoast_head":"<!-- This site is optimized with the Yoast SEO plugin v27.3 - https:\/\/yoast.com\/product\/yoast-seo-wordpress\/ -->\n<title>Spinsahara Inicio de sesi\u00f3n en : registro y acceso a la cuenta<\/title>\n<meta name=\"description\" content=\"Crea, gestiona y verifica f\u00e1cilmente tu cuenta de Spinsahara Casino. Aprovecha las ventajas de un registro r\u00e1pido, una recuperaci\u00f3n de cuenta sin complicaciones y un cierre seguro a trav\u00e9s de Spinsahara Login, lo que garantiza la seguridad de tu cuenta en todo momento.\" \/>\n<meta name=\"robots\" content=\"index, follow, max-snippet:-1, max-image-preview:large, max-video-preview:-1\" \/>\n<link rel=\"canonical\" href=\"https:\/\/thespinsahara.org\/es\/inicio-de-sesion-y-registro\/\" \/>\n<meta property=\"og:locale\" content=\"es_ES\" \/>\n<meta property=\"og:type\" content=\"article\" \/>\n<meta property=\"og:title\" content=\"Spinsahara Inicio de sesi\u00f3n en : registro y acceso a la cuenta\" \/>\n<meta property=\"og:description\" content=\"Crea, gestiona y verifica f\u00e1cilmente tu cuenta de Spinsahara Casino. Aprovecha las ventajas de un registro r\u00e1pido, una recuperaci\u00f3n de cuenta sin complicaciones y un cierre seguro a trav\u00e9s de Spinsahara Login, lo que garantiza la seguridad de tu cuenta en todo momento.\" \/>\n<meta property=\"og:url\" content=\"https:\/\/thespinsahara.org\/es\/inicio-de-sesion-y-registro\/\" \/>\n<meta property=\"og:site_name\" content=\"spinsahara\" \/>\n<meta property=\"article:modified_time\" content=\"2025-11-17T07:56:26+00:00\" \/>\n<meta name=\"twitter:card\" content=\"summary_large_image\" \/>\n<meta name=\"twitter:label1\" content=\"Est. reading time\" \/>\n\t<meta name=\"twitter:data1\" content=\"1 minute\" \/>\n<script type=\"application\/ld+json\" class=\"yoast-schema-graph\">{\"@context\":\"https:\\\/\\\/schema.org\",\"@graph\":[{\"@type\":\"WebPage\",\"@id\":\"https:\\\/\\\/thespinsahara.org\\\/es\\\/inicio-de-sesion-y-registro\\\/\",\"url\":\"https:\\\/\\\/thespinsahara.org\\\/es\\\/inicio-de-sesion-y-registro\\\/\",\"name\":\"Spinsahara Inicio de sesi\u00f3n en : registro y acceso a la cuenta\",\"isPartOf\":{\"@id\":\"https:\\\/\\\/thespinsahara.org\\\/es\\\/#website\"},\"datePublished\":\"2025-11-14T10:06:35+00:00\",\"dateModified\":\"2025-11-17T07:56:26+00:00\",\"description\":\"Crea, gestiona y verifica f\u00e1cilmente tu cuenta de Spinsahara Casino. Aprovecha las ventajas de un registro r\u00e1pido, una recuperaci\u00f3n de cuenta sin complicaciones y un cierre seguro a trav\u00e9s de Spinsahara Login, lo que garantiza la seguridad de tu cuenta en todo momento.\",\"breadcrumb\":{\"@id\":\"https:\\\/\\\/thespinsahara.org\\\/es\\\/inicio-de-sesion-y-registro\\\/#breadcrumb\"},\"inLanguage\":\"es-ES\",\"potentialAction\":[{\"@type\":\"ReadAction\",\"target\":[\"https:\\\/\\\/thespinsahara.org\\\/es\\\/inicio-de-sesion-y-registro\\\/\"]}]},{\"@type\":\"BreadcrumbList\",\"@id\":\"https:\\\/\\\/thespinsahara.org\\\/es\\\/inicio-de-sesion-y-registro\\\/#breadcrumb\",\"itemListElement\":[{\"@type\":\"ListItem\",\"position\":1,\"name\":\"Spinsahara\",\"item\":\"https:\\\/\\\/thespinsahara.org\\\/es\\\/\"},{\"@type\":\"ListItem\",\"position\":2,\"name\":\"Inicio de sesi\u00f3n y Registro\"}]},{\"@type\":\"WebSite\",\"@id\":\"https:\\\/\\\/thespinsahara.org\\\/es\\\/#website\",\"url\":\"https:\\\/\\\/thespinsahara.org\\\/es\\\/\",\"name\":\"Spinsahara\",\"description\":\"\",\"publisher\":{\"@id\":\"https:\\\/\\\/thespinsahara.org\\\/es\\\/#organization\"},\"potentialAction\":[{\"@type\":\"SearchAction\",\"target\":{\"@type\":\"EntryPoint\",\"urlTemplate\":\"https:\\\/\\\/thespinsahara.org\\\/es\\\/?s={search_term_string}\"},\"query-input\":{\"@type\":\"PropertyValueSpecification\",\"valueRequired\":true,\"valueName\":\"search_term_string\"}}],\"inLanguage\":\"es-ES\"},{\"@type\":\"Organization\",\"@id\":\"https:\\\/\\\/thespinsahara.org\\\/es\\\/#organization\",\"name\":\"Spinsahara\",\"url\":\"https:\\\/\\\/thespinsahara.org\\\/es\\\/\",\"logo\":{\"@type\":\"ImageObject\",\"inLanguage\":\"es-ES\",\"@id\":\"https:\\\/\\\/thespinsahara.org\\\/es\\\/#\\\/schema\\\/logo\\\/image\\\/\",\"url\":\"https:\\\/\\\/thespinsahara.org\\\/wp-content\\\/uploads\\\/2025\\\/11\\\/logo.svg\",\"contentUrl\":\"https:\\\/\\\/thespinsahara.org\\\/wp-content\\\/uploads\\\/2025\\\/11\\\/logo.svg\",\"width\":160,\"height\":31,\"caption\":\"Spinsahara\"},\"image\":{\"@id\":\"https:\\\/\\\/thespinsahara.org\\\/es\\\/#\\\/schema\\\/logo\\\/image\\\/\"}}]}<\/script>\n<!-- \/ Yoast SEO plugin. -->","yoast_head_json":{"title":"Spinsahara Inicio de sesi\u00f3n en : registro y acceso a la cuenta","description":"Crea, gestiona y verifica f\u00e1cilmente tu cuenta de Spinsahara Casino. Aprovecha las ventajas de un registro r\u00e1pido, una recuperaci\u00f3n de cuenta sin complicaciones y un cierre seguro a trav\u00e9s de Spinsahara Login, lo que garantiza la seguridad de tu cuenta en todo momento.","robots":{"index":"index","follow":"follow","max-snippet":"max-snippet:-1","max-image-preview":"max-image-preview:large","max-video-preview":"max-video-preview:-1"},"canonical":"https:\/\/thespinsahara.org\/es\/inicio-de-sesion-y-registro\/","og_locale":"es_ES","og_type":"article","og_title":"Spinsahara Inicio de sesi\u00f3n en : registro y acceso a la cuenta","og_description":"Crea, gestiona y verifica f\u00e1cilmente tu cuenta de Spinsahara Casino. Aprovecha las ventajas de un registro r\u00e1pido, una recuperaci\u00f3n de cuenta sin complicaciones y un cierre seguro a trav\u00e9s de Spinsahara Login, lo que garantiza la seguridad de tu cuenta en todo momento.","og_url":"https:\/\/thespinsahara.org\/es\/inicio-de-sesion-y-registro\/","og_site_name":"spinsahara","article_modified_time":"2025-11-17T07:56:26+00:00","twitter_card":"summary_large_image","twitter_misc":{"Est. reading time":"1 minute"},"schema":{"@context":"https:\/\/schema.org","@graph":[{"@type":"WebPage","@id":"https:\/\/thespinsahara.org\/es\/inicio-de-sesion-y-registro\/","url":"https:\/\/thespinsahara.org\/es\/inicio-de-sesion-y-registro\/","name":"Spinsahara Inicio de sesi\u00f3n en : registro y acceso a la cuenta","isPartOf":{"@id":"https:\/\/thespinsahara.org\/es\/#website"},"datePublished":"2025-11-14T10:06:35+00:00","dateModified":"2025-11-17T07:56:26+00:00","description":"Crea, gestiona y verifica f\u00e1cilmente tu cuenta de Spinsahara Casino. Aprovecha las ventajas de un registro r\u00e1pido, una recuperaci\u00f3n de cuenta sin complicaciones y un cierre seguro a trav\u00e9s de Spinsahara Login, lo que garantiza la seguridad de tu cuenta en todo momento.","breadcrumb":{"@id":"https:\/\/thespinsahara.org\/es\/inicio-de-sesion-y-registro\/#breadcrumb"},"inLanguage":"es-ES","potentialAction":[{"@type":"ReadAction","target":["https:\/\/thespinsahara.org\/es\/inicio-de-sesion-y-registro\/"]}]},{"@type":"BreadcrumbList","@id":"https:\/\/thespinsahara.org\/es\/inicio-de-sesion-y-registro\/#breadcrumb","itemListElement":[{"@type":"ListItem","position":1,"name":"Spinsahara","item":"https:\/\/thespinsahara.org\/es\/"},{"@type":"ListItem","position":2,"name":"Inicio de sesi\u00f3n y Registro"}]},{"@type":"WebSite","@id":"https:\/\/thespinsahara.org\/es\/#website","url":"https:\/\/thespinsahara.org\/es\/","name":"Spinsahara","description":"","publisher":{"@id":"https:\/\/thespinsahara.org\/es\/#organization"},"potentialAction":[{"@type":"SearchAction","target":{"@type":"EntryPoint","urlTemplate":"https:\/\/thespinsahara.org\/es\/?s={search_term_string}"},"query-input":{"@type":"PropertyValueSpecification","valueRequired":true,"valueName":"search_term_string"}}],"inLanguage":"es-ES"},{"@type":"Organization","@id":"https:\/\/thespinsahara.org\/es\/#organization","name":"Spinsahara","url":"https:\/\/thespinsahara.org\/es\/","logo":{"@type":"ImageObject","inLanguage":"es-ES","@id":"https:\/\/thespinsahara.org\/es\/#\/schema\/logo\/image\/","url":"https:\/\/thespinsahara.org\/wp-content\/uploads\/2025\/11\/logo.svg","contentUrl":"https:\/\/thespinsahara.org\/wp-content\/uploads\/2025\/11\/logo.svg","width":160,"height":31,"caption":"Spinsahara"},"image":{"@id":"https:\/\/thespinsahara.org\/es\/#\/schema\/logo\/image\/"}}]}},"_links":{"self":[{"href":"https:\/\/thespinsahara.org\/es\/wp-json\/wp\/v2\/pages\/1473","targetHints":{"allow":["GET"]}}],"collection":[{"href":"https:\/\/thespinsahara.org\/es\/wp-json\/wp\/v2\/pages"}],"about":[{"href":"https:\/\/thespinsahara.org\/es\/wp-json\/wp\/v2\/types\/page"}],"author":[{"embeddable":true,"href":"https:\/\/thespinsahara.org\/es\/wp-json\/wp\/v2\/users\/1"}],"replies":[{"embeddable":true,"href":"https:\/\/thespinsahara.org\/es\/wp-json\/wp\/v2\/comments?post=1473"}],"version-history":[{"count":2,"href":"https:\/\/thespinsahara.org\/es\/wp-json\/wp\/v2\/pages\/1473\/revisions"}],"predecessor-version":[{"id":1801,"href":"https:\/\/thespinsahara.org\/es\/wp-json\/wp\/v2\/pages\/1473\/revisions\/1801"}],"wp:attachment":[{"href":"https:\/\/thespinsahara.org\/es\/wp-json\/wp\/v2\/media?parent=1473"}],"curies":[{"name":"wp","href":"https:\/\/api.w.org\/{rel}","templated":true}]}}