{"id":1428,"date":"2025-11-14T09:53:46","date_gmt":"2025-11-14T09:53:46","guid":{"rendered":"https:\/\/thespinsahara.org\/app-2\/"},"modified":"2025-11-17T07:54:19","modified_gmt":"2025-11-17T07:54:19","slug":"aplicacion","status":"publish","type":"page","link":"https:\/\/thespinsahara.org\/es\/aplicacion\/","title":{"rendered":"Aplicaci\u00f3n"},"content":{"rendered":"<h1>Aplicaci\u00f3n de juegos Spinsahara<\/h1>\n<p>Hemos desarrollado una c\u00f3moda Spinsahara app para Android e iOS porque los usuarios modernos prefieren tener todos sus t\u00edtulos favoritos en su tel\u00e9fono para acceder r\u00e1pidamente a ellos. Puedes mantener la flexibilidad y jugar en cualquier lugar y en cualquier momento. En el software m\u00f3vil, encontrar\u00e1s toda la selecci\u00f3n de juegos que se adapta completamente al tama\u00f1o de los dispositivos modernos. B\u00e1sicamente, es un reflejo de la versi\u00f3n de escritorio, pero realizada seg\u00fan las reglas m\u00f3viles.<\/p>\n<div class=\"banner-wrap\" aria-label=\"Banner\"><img src=\"https:\/\/thespinsahara.org\/wp-content\/uploads\/2025\/11\/Spinsahara-banner-carousel-932\u0445400-12.webp\" class=\"w-100 d-none d-lg-block img-pc main-banner-img\" alt=\"Spinsahara banner desktop\" fetchpriority=\"high\" decoding=\"async\"><img src=\"https:\/\/thespinsahara.org\/wp-content\/uploads\/2025\/12\/Frame-35.webp\" class=\"w-100 d-none d-md-block d-lg-none main-banner-img\" alt=\"Spinsahara banner mobile\" fetchpriority=\"high\" decoding=\"async\"><img src=\"https:\/\/thespinsahara.org\/wp-content\/uploads\/2025\/12\/Frame-35.webp\" class=\"w-100 d-md-none\" alt=\"Spinsahara banner mobile\" fetchpriority=\"high\" decoding=\"async\"><div class=\"banner-description\">\n<div class=\"banner-title\">Bonos de bienvenida<\/div>\n<p class=\"banner-header-title\">1500 \u20ac<\/p>\n<div class=\"banner-header-AdditionalText\">+ 250 Giros gratis<\/div>\n<button data-item=\"homepage_banner_link\" class=\"goto m-button m-gradient-border m-button--primary m-button--large banner-button btn-orange\">\n            <div class=\"m-button-content\">\n                <span>Reg\u00edstrese ahora<\/span>\n                <span><\/span>\n            <\/div>\n        <\/button>\n<\/div>\n<div class=\"WelcomePack\">\n<p><img loading=\"lazy\" decoding=\"async\" class=\"alignnone size-full wp-image-1346\" src=\"https:\/\/thespinsahara.org\/wp-content\/uploads\/2025\/11\/welcome-crown.svg\" alt=\"crown\" width=\"25\" height=\"26\" \/><\/p>\n<div class=\"WelcomePack-Info\">Reembolso semanal de hasta el 25 %<\/div>\n<p><img loading=\"lazy\" decoding=\"async\" class=\"alignnone size-full wp-image-1346\" src=\"https:\/\/thespinsahara.org\/wp-content\/uploads\/2025\/11\/welcome-crown.svg\" alt=\"crown\" width=\"25\" height=\"26\" \/><\/p>\n<\/div>\n<\/div>\n<h2>Spin Sahara Casino al alcance de tu mano<\/h2>\n<p>La aplicaci\u00f3n Spinsahara sin duda te facilitar\u00e1 la vida. Ahora ya no tendr\u00e1s que pensar en c\u00f3mo llegar antes a casa para disfrutar de los juegos. Solo necesitas un tel\u00e9fono y una conexi\u00f3n a Internet estable. El software m\u00f3vil est\u00e1 perfectamente dise\u00f1ado para adaptarse a los dispositivos modernos, sus tama\u00f1os y resoluciones.<\/p>\n<p>Tendr\u00e1s acceso a m\u00e1s de 6000 t\u00edtulos de diferentes categor\u00edas. Todos nuestros proveedores de software desarrollan juegos compatibles con dispositivos Android e iOS. Adem\u00e1s, no hay ning\u00fan problema para realizar dep\u00f3sitos o retirar fondos.<\/p>\n<p>El progreso en la aplicaci\u00f3n y en las versiones de escritorio se sincroniza. Esto significa que, despu\u00e9s de iniciar sesi\u00f3n en tu cuenta, puedes combinar tu experiencia en el ordenador y en el smartphone. Tu progreso se guardar\u00e1 en ambos dispositivos.<\/p>\n<p>Si tienes alguna pregunta o problema relacionado con el software m\u00f3vil, siempre puedes ponerte en contacto con nuestro equipo de atenci\u00f3n al cliente, disponible las 24 horas del d\u00eda, los 7 d\u00edas de la semana. Est\u00e1n disponibles en la aplicaci\u00f3n a trav\u00e9s del chat en vivo o por correo electr\u00f3nico. Te responderemos r\u00e1pidamente y te ayudaremos con asesoramiento profesional.<\/p>\n<p><div style=\"clear: both\"><\/div><div class=\"d-flex justify-content-center\"><button data-item=\"decouvrez_link\" data-group=\"website_links\" class=\"goto fw-bold rounded-pill btn btn-orange\" aria-label=\"Descargar Spinsahara\" >Descargar Spinsahara<\/button><\/div><div class=\"scrollable-content-wrap my-5\"><div class=\"scrollable-content-inner\"><h2>Aplicaci\u00f3n de Spinsahara Casino para Android<\/h2>\n<p>Los usuarios de Android pueden acceder f\u00e1cilmente al sitio web de Spinsahara Casino desde cualquier navegador m\u00f3vil. Podr\u00e1s disfrutar de los mismos juegos y funciones, pero adaptados a un smartphone o tableta. Sin embargo, para una experiencia m\u00e1s personalizada, te invitamos a instalar la aplicaci\u00f3n Spin Sahara. Para ello, no es necesario descargar ning\u00fan archivo APK desconocido que ocupe espacio en tu dispositivo. La versi\u00f3n m\u00f3vil est\u00e1 desarrollada como una aplicaci\u00f3n web progresiva (PWA).<\/p>\n<p>La aplicaci\u00f3n Spinsahara es compatible con todos los dispositivos Android modernos. Est\u00e1 perfectamente dise\u00f1ada para la funcionalidad de la pantalla t\u00e1ctil. Puedes jugar, hacer dep\u00f3sitos o retirar dinero, obtener bonificaciones y participar en torneos. En la tabla siguiente encontrar\u00e1s instrucciones detalladas para instalarla r\u00e1pidamente y sin problemas.<\/p>\n<table>\n<tbody>\n<tr>\n<td>Paso<\/td>\n<td>Detalles<\/td>\n<\/tr>\n<tr>\n<td>Visita nuestro sitio web oficial.<\/td>\n<td>Le recomendamos que descargue la aplicaci\u00f3n solo desde el sitio web oficial para evitar fraudes.<\/td>\n<\/tr>\n<tr>\n<td>Haz clic en el bot\u00f3n \u00abAplicaci\u00f3n del casino\u00bb en el pie de p\u00e1gina.<\/td>\n<td>Se encuentra al final de la p\u00e1gina de inicio. La instalaci\u00f3n se iniciar\u00e1 autom\u00e1ticamente y no tardar\u00e1 m\u00e1s de unos minutos.<\/td>\n<\/tr>\n<tr>\n<td>El icono de Spinsahara Casino aparecer\u00e1 en su pantalla de inicio.<\/td>\n<td>Ahora puede iniciar sesi\u00f3n o crear una nueva cuenta y empezar a disfrutar del juego.<\/td>\n<\/tr>\n<\/tbody>\n<\/table>\n<p><img loading=\"lazy\" decoding=\"async\" src=\"https:\/\/thespinsahara.org\/wp-content\/uploads\/2025\/11\/Spinsahara-Android-App.webp\" alt=\"Spinsahara Android App\" width=\"1248\" height=\"536\" \/><\/p>\n<\/div><\/div><div style=\"clear: both\"><\/div><div class=\"d-flex justify-content-center\"><button data-item=\"decouvrez_link\" data-group=\"website_links\" class=\"goto fw-bold rounded-pill btn btn-orange\" aria-label=\"Descarga la aplicaci\u00f3n Spinsahara.\" >Descarga la aplicaci\u00f3n Spinsahara.<\/button><\/div><div class=\"scrollable-content-wrap my-5\"><div class=\"scrollable-content-inner\"><h2>Aplicaci\u00f3n Spinsahara Casino para iOS<\/h2>\n<p>Si tienes un iPhone o un iPad, no hay ning\u00fan problema, ya que tambi\u00e9n puedes utilizar la aplicaci\u00f3n Spinsahara sin problemas en tu dispositivo. Debido a las normas de la App Store en materia de juegos de azar, no puedes descargar nuestro casino m\u00f3vil desde la tienda oficial. En su lugar, tienes la oportunidad de instalar la PWA desde nuestro sitio web. La probamos regularmente, por lo que puedes estar seguro de que es totalmente segura.<\/p>\n<p>La versi\u00f3n m\u00f3vil de Spin Sahara Casino ofrece una enorme colecci\u00f3n de juegos y bonificaciones, pagos, torneos, misiones diarias, atenci\u00f3n al cliente y mucho m\u00e1s. Puedes registrarte o completar el proceso de verificaci\u00f3n directamente en el software m\u00f3vil.<\/p>\n<p>Adem\u00e1s, en todos los navegadores m\u00f3viles modernos, puedes instalar un icono de acceso directo a un sitio web para acceder r\u00e1pidamente desde tu pantalla de inicio. Tambi\u00e9n funcionar\u00e1 para Spin Sahara. Sigue nuestras breves instrucciones a continuaci\u00f3n para tener nuestro casino m\u00f3vil siempre a tu alcance.<\/p>\n<table>\n<tbody>\n<tr>\n<td>Paso<\/td>\n<td>Detalles<\/td>\n<\/tr>\n<tr>\n<td>Abre la aplicaci\u00f3n \u00abAcceso directo\u00bb.<\/td>\n<td>La aplicaci\u00f3n deber\u00eda instalarse autom\u00e1ticamente en tu dispositivo.<\/td>\n<\/tr>\n<tr>\n<td>Haz clic en el icono \u00ab+\u00bb para crear un nuevo acceso directo.<\/td>\n<td>El icono se encuentra en la esquina superior derecha de la p\u00e1gina de inicio.<\/td>\n<\/tr>\n<tr>\n<td>Pulsa \u00abA\u00f1adir acci\u00f3n\u00bb.<\/td>\n<td>Ahora, debe buscar el sitio web de Spinsahara para el que desea crear un acceso directo.<\/td>\n<\/tr>\n<tr>\n<td>Haz clic en el bot\u00f3n situado junto al nombre del acceso directo y selecciona \u00abA\u00f1adir a la pantalla de inicio\u00bb.<\/td>\n<td>El bot\u00f3n tiene forma de flecha hacia abajo.<\/td>\n<\/tr>\n<tr>\n<td>Pulsa \u00abA\u00f1adir\u00bb.<\/td>\n<td>Antes de hacerlo, puedes cambiar el nombre del icono si lo deseas.<\/td>\n<\/tr>\n<\/tbody>\n<\/table>\n<p><img loading=\"lazy\" decoding=\"async\" src=\"https:\/\/thespinsahara.org\/wp-content\/uploads\/2025\/11\/Spinsahara-iOS-App.webp\" alt=\"Spinsahara iOS App\" width=\"1248\" height=\"536\" \/><\/p>\n<\/div><\/div><div style=\"clear: both\"><\/div><div class=\"d-flex justify-content-center\"><button data-item=\"decouvrez_link\" data-group=\"website_links\" class=\"goto fw-bold rounded-pill btn btn-orange\" aria-label=\"Descargar Spinsahara\" >Descargar Spinsahara<\/button><\/div><div class=\"scrollable-content-wrap my-5\"><div class=\"scrollable-content-inner\"><h2>Descargas para aplicaciones de Windows y macOS<\/h2>\n<p>Algunos usuarios prefieren disfrutar de sus tragamonedas online favoritas en casa, en sus PC o port\u00e1tiles. Todo el proceso se desarrollar\u00e1 en una pantalla grande, por lo que no te perder\u00e1s nada de tu experiencia de juego. Puedes acceder a Spinsahara Casino desde cualquier navegador web.<\/p>\n<p>Para disfrutar de una experiencia m\u00e1s personalizada con notificaciones push sobre noticias y tus logros, puedes descargar una aplicaci\u00f3n de escritorio. Tendr\u00e1s acceso a las mismas funciones, pero de forma m\u00e1s r\u00e1pida y c\u00f3moda. La versi\u00f3n de escritorio es compatible con todos los dispositivos Windows y macOS, funciona sin problemas y no presenta ning\u00fan inconveniente.<\/p>\n<p><img loading=\"lazy\" decoding=\"async\" src=\"https:\/\/thespinsahara.org\/wp-content\/uploads\/2025\/11\/Spinsahara-Desktop.webp\" alt=\"Spinsahara Desktop\" width=\"1248\" height=\"536\" \/><\/p>\n<\/div><\/div><div style=\"clear: both\"><\/div><div class=\"d-flex justify-content-center\"><button data-item=\"decouvrez_link\" data-group=\"website_links\" class=\"goto fw-bold rounded-pill btn btn-orange\" aria-label=\"Descarga la aplicaci\u00f3n Spinsahara.\" >Descarga la aplicaci\u00f3n Spinsahara.<\/button><\/div><div class=\"scrollable-content-wrap my-5\"><div class=\"scrollable-content-inner\"><h2>Preguntas frecuentes<\/h2>\n<h3>\u00bfLa aplicaci\u00f3n Spin Sahara Casino ofrece atenci\u00f3n al cliente?<\/h3>\n<p>En la aplicaci\u00f3n encontrar\u00e1s el chat de atenci\u00f3n al cliente en directo. Nuestros gestores est\u00e1n disponibles las 24 horas del d\u00eda, los 7 d\u00edas de la semana, para resolver cualquier problema con la plataforma. Para cuestiones m\u00e1s detalladas, puedes enviarnos un correo electr\u00f3nico.<\/p>\n<h3>\u00bfEs necesario crear una cuenta para utilizar la aplicaci\u00f3n Spinsahara?<\/h3>\n<p>Debes tener una cuenta para utilizar todas las funciones de la aplicaci\u00f3n Spinsahara. Por ejemplo, solo despu\u00e9s de registrarte podr\u00e1s realizar dep\u00f3sitos y jugar con dinero real.<\/p>\n<h3>\u00bfTodos los juegos est\u00e1n disponibles en la aplicaci\u00f3n?<\/h3>\n<p>La colecci\u00f3n completa de juegos, con m\u00e1s de 6000 t\u00edtulos, est\u00e1 disponible en la aplicaci\u00f3n m\u00f3vil. Incluye tragamonedas, juegos de mesa, opciones con crupier en vivo y mucho m\u00e1s. Todos se adaptan perfectamente a tel\u00e9fonos inteligentes o tabletas y ofrecen una excelente experiencia de usuario.<\/p>\n<h3>\u00bfC\u00f3mo puedo actualizar la aplicaci\u00f3n del casino Spinsahara?<\/h3>\n<p>La mayor\u00eda de las actualizaciones de la aplicaci\u00f3n Spinsahara son autom\u00e1ticas, sin necesidad de realizar ning\u00fan paso adicional por tu parte. Si realizamos cambios importantes, te enviaremos una notificaci\u00f3n para que instales la \u00faltima versi\u00f3n desde nuestra p\u00e1gina web oficial.<\/p>\n<\/div><\/div><\/p>\n","protected":false},"excerpt":{"rendered":"<p>Aplicaci\u00f3n de juegos Spinsahara Hemos desarrollado una c\u00f3moda Spinsahara app para Android e iOS porque los usuarios modernos prefieren tener todos sus t\u00edtulos favoritos en su tel\u00e9fono para acceder r\u00e1pidamente a ellos. Puedes mantener la flexibilidad y jugar en cualquier lugar y en cualquier momento. En el software m\u00f3vil, encontrar\u00e1s toda la selecci\u00f3n de juegos [&hellip;]<\/p>\n","protected":false},"author":1,"featured_media":0,"parent":0,"menu_order":0,"comment_status":"closed","ping_status":"closed","template":"template-builder.php","meta":{"_acf_changed":false,"inline_featured_image":false,"footnotes":""},"class_list":["post-1428","page","type-page","status-publish","hentry"],"acf":[],"yoast_head":"<!-- This site is optimized with the Yoast SEO plugin v27.3 - https:\/\/yoast.com\/product\/yoast-seo-wordpress\/ -->\n<title>Casino m\u00f3vil Spinsahara | Aplicaci\u00f3n para Android e iOS<\/title>\n<meta name=\"description\" content=\"La aplicaci\u00f3n Spinsahara ofrece juegos de casino sin interrupciones en las plataformas Android, iOS, Windows y macOS, con cuentas sincronizadas, actualizaciones frecuentes y atenci\u00f3n al cliente integrada para una experiencia de juego ininterrumpida.\" \/>\n<meta name=\"robots\" content=\"index, follow, max-snippet:-1, max-image-preview:large, max-video-preview:-1\" \/>\n<link rel=\"canonical\" href=\"https:\/\/thespinsahara.org\/es\/aplicacion\/\" \/>\n<meta property=\"og:locale\" content=\"es_ES\" \/>\n<meta property=\"og:type\" content=\"article\" \/>\n<meta property=\"og:title\" content=\"Casino m\u00f3vil Spinsahara | Aplicaci\u00f3n para Android e iOS\" \/>\n<meta property=\"og:description\" content=\"La aplicaci\u00f3n Spinsahara ofrece juegos de casino sin interrupciones en las plataformas Android, iOS, Windows y macOS, con cuentas sincronizadas, actualizaciones frecuentes y atenci\u00f3n al cliente integrada para una experiencia de juego ininterrumpida.\" \/>\n<meta property=\"og:url\" content=\"https:\/\/thespinsahara.org\/es\/aplicacion\/\" \/>\n<meta property=\"og:site_name\" content=\"spinsahara\" \/>\n<meta property=\"article:modified_time\" content=\"2025-11-17T07:54:19+00:00\" \/>\n<meta name=\"twitter:card\" content=\"summary_large_image\" \/>\n<meta name=\"twitter:label1\" content=\"Est. reading time\" \/>\n\t<meta name=\"twitter:data1\" content=\"2 minutes\" \/>\n<script type=\"application\/ld+json\" class=\"yoast-schema-graph\">{\"@context\":\"https:\\\/\\\/schema.org\",\"@graph\":[{\"@type\":\"WebPage\",\"@id\":\"https:\\\/\\\/thespinsahara.org\\\/es\\\/aplicacion\\\/\",\"url\":\"https:\\\/\\\/thespinsahara.org\\\/es\\\/aplicacion\\\/\",\"name\":\"Casino m\u00f3vil Spinsahara | Aplicaci\u00f3n para Android e iOS\",\"isPartOf\":{\"@id\":\"https:\\\/\\\/thespinsahara.org\\\/es\\\/#website\"},\"datePublished\":\"2025-11-14T09:53:46+00:00\",\"dateModified\":\"2025-11-17T07:54:19+00:00\",\"description\":\"La aplicaci\u00f3n Spinsahara ofrece juegos de casino sin interrupciones en las plataformas Android, iOS, Windows y macOS, con cuentas sincronizadas, actualizaciones frecuentes y atenci\u00f3n al cliente integrada para una experiencia de juego ininterrumpida.\",\"breadcrumb\":{\"@id\":\"https:\\\/\\\/thespinsahara.org\\\/es\\\/aplicacion\\\/#breadcrumb\"},\"inLanguage\":\"es-ES\",\"potentialAction\":[{\"@type\":\"ReadAction\",\"target\":[\"https:\\\/\\\/thespinsahara.org\\\/es\\\/aplicacion\\\/\"]}]},{\"@type\":\"BreadcrumbList\",\"@id\":\"https:\\\/\\\/thespinsahara.org\\\/es\\\/aplicacion\\\/#breadcrumb\",\"itemListElement\":[{\"@type\":\"ListItem\",\"position\":1,\"name\":\"Spinsahara\",\"item\":\"https:\\\/\\\/thespinsahara.org\\\/es\\\/\"},{\"@type\":\"ListItem\",\"position\":2,\"name\":\"Aplicaci\u00f3n\"}]},{\"@type\":\"WebSite\",\"@id\":\"https:\\\/\\\/thespinsahara.org\\\/es\\\/#website\",\"url\":\"https:\\\/\\\/thespinsahara.org\\\/es\\\/\",\"name\":\"Spinsahara\",\"description\":\"\",\"publisher\":{\"@id\":\"https:\\\/\\\/thespinsahara.org\\\/es\\\/#organization\"},\"potentialAction\":[{\"@type\":\"SearchAction\",\"target\":{\"@type\":\"EntryPoint\",\"urlTemplate\":\"https:\\\/\\\/thespinsahara.org\\\/es\\\/?s={search_term_string}\"},\"query-input\":{\"@type\":\"PropertyValueSpecification\",\"valueRequired\":true,\"valueName\":\"search_term_string\"}}],\"inLanguage\":\"es-ES\"},{\"@type\":\"Organization\",\"@id\":\"https:\\\/\\\/thespinsahara.org\\\/es\\\/#organization\",\"name\":\"Spinsahara\",\"url\":\"https:\\\/\\\/thespinsahara.org\\\/es\\\/\",\"logo\":{\"@type\":\"ImageObject\",\"inLanguage\":\"es-ES\",\"@id\":\"https:\\\/\\\/thespinsahara.org\\\/es\\\/#\\\/schema\\\/logo\\\/image\\\/\",\"url\":\"https:\\\/\\\/thespinsahara.org\\\/wp-content\\\/uploads\\\/2025\\\/11\\\/logo.svg\",\"contentUrl\":\"https:\\\/\\\/thespinsahara.org\\\/wp-content\\\/uploads\\\/2025\\\/11\\\/logo.svg\",\"width\":160,\"height\":31,\"caption\":\"Spinsahara\"},\"image\":{\"@id\":\"https:\\\/\\\/thespinsahara.org\\\/es\\\/#\\\/schema\\\/logo\\\/image\\\/\"}}]}<\/script>\n<!-- \/ Yoast SEO plugin. -->","yoast_head_json":{"title":"Casino m\u00f3vil Spinsahara | Aplicaci\u00f3n para Android e iOS","description":"La aplicaci\u00f3n Spinsahara ofrece juegos de casino sin interrupciones en las plataformas Android, iOS, Windows y macOS, con cuentas sincronizadas, actualizaciones frecuentes y atenci\u00f3n al cliente integrada para una experiencia de juego ininterrumpida.","robots":{"index":"index","follow":"follow","max-snippet":"max-snippet:-1","max-image-preview":"max-image-preview:large","max-video-preview":"max-video-preview:-1"},"canonical":"https:\/\/thespinsahara.org\/es\/aplicacion\/","og_locale":"es_ES","og_type":"article","og_title":"Casino m\u00f3vil Spinsahara | Aplicaci\u00f3n para Android e iOS","og_description":"La aplicaci\u00f3n Spinsahara ofrece juegos de casino sin interrupciones en las plataformas Android, iOS, Windows y macOS, con cuentas sincronizadas, actualizaciones frecuentes y atenci\u00f3n al cliente integrada para una experiencia de juego ininterrumpida.","og_url":"https:\/\/thespinsahara.org\/es\/aplicacion\/","og_site_name":"spinsahara","article_modified_time":"2025-11-17T07:54:19+00:00","twitter_card":"summary_large_image","twitter_misc":{"Est. reading time":"2 minutes"},"schema":{"@context":"https:\/\/schema.org","@graph":[{"@type":"WebPage","@id":"https:\/\/thespinsahara.org\/es\/aplicacion\/","url":"https:\/\/thespinsahara.org\/es\/aplicacion\/","name":"Casino m\u00f3vil Spinsahara | Aplicaci\u00f3n para Android e iOS","isPartOf":{"@id":"https:\/\/thespinsahara.org\/es\/#website"},"datePublished":"2025-11-14T09:53:46+00:00","dateModified":"2025-11-17T07:54:19+00:00","description":"La aplicaci\u00f3n Spinsahara ofrece juegos de casino sin interrupciones en las plataformas Android, iOS, Windows y macOS, con cuentas sincronizadas, actualizaciones frecuentes y atenci\u00f3n al cliente integrada para una experiencia de juego ininterrumpida.","breadcrumb":{"@id":"https:\/\/thespinsahara.org\/es\/aplicacion\/#breadcrumb"},"inLanguage":"es-ES","potentialAction":[{"@type":"ReadAction","target":["https:\/\/thespinsahara.org\/es\/aplicacion\/"]}]},{"@type":"BreadcrumbList","@id":"https:\/\/thespinsahara.org\/es\/aplicacion\/#breadcrumb","itemListElement":[{"@type":"ListItem","position":1,"name":"Spinsahara","item":"https:\/\/thespinsahara.org\/es\/"},{"@type":"ListItem","position":2,"name":"Aplicaci\u00f3n"}]},{"@type":"WebSite","@id":"https:\/\/thespinsahara.org\/es\/#website","url":"https:\/\/thespinsahara.org\/es\/","name":"Spinsahara","description":"","publisher":{"@id":"https:\/\/thespinsahara.org\/es\/#organization"},"potentialAction":[{"@type":"SearchAction","target":{"@type":"EntryPoint","urlTemplate":"https:\/\/thespinsahara.org\/es\/?s={search_term_string}"},"query-input":{"@type":"PropertyValueSpecification","valueRequired":true,"valueName":"search_term_string"}}],"inLanguage":"es-ES"},{"@type":"Organization","@id":"https:\/\/thespinsahara.org\/es\/#organization","name":"Spinsahara","url":"https:\/\/thespinsahara.org\/es\/","logo":{"@type":"ImageObject","inLanguage":"es-ES","@id":"https:\/\/thespinsahara.org\/es\/#\/schema\/logo\/image\/","url":"https:\/\/thespinsahara.org\/wp-content\/uploads\/2025\/11\/logo.svg","contentUrl":"https:\/\/thespinsahara.org\/wp-content\/uploads\/2025\/11\/logo.svg","width":160,"height":31,"caption":"Spinsahara"},"image":{"@id":"https:\/\/thespinsahara.org\/es\/#\/schema\/logo\/image\/"}}]}},"_links":{"self":[{"href":"https:\/\/thespinsahara.org\/es\/wp-json\/wp\/v2\/pages\/1428","targetHints":{"allow":["GET"]}}],"collection":[{"href":"https:\/\/thespinsahara.org\/es\/wp-json\/wp\/v2\/pages"}],"about":[{"href":"https:\/\/thespinsahara.org\/es\/wp-json\/wp\/v2\/types\/page"}],"author":[{"embeddable":true,"href":"https:\/\/thespinsahara.org\/es\/wp-json\/wp\/v2\/users\/1"}],"replies":[{"embeddable":true,"href":"https:\/\/thespinsahara.org\/es\/wp-json\/wp\/v2\/comments?post=1428"}],"version-history":[{"count":2,"href":"https:\/\/thespinsahara.org\/es\/wp-json\/wp\/v2\/pages\/1428\/revisions"}],"predecessor-version":[{"id":1799,"href":"https:\/\/thespinsahara.org\/es\/wp-json\/wp\/v2\/pages\/1428\/revisions\/1799"}],"wp:attachment":[{"href":"https:\/\/thespinsahara.org\/es\/wp-json\/wp\/v2\/media?parent=1428"}],"curies":[{"name":"wp","href":"https:\/\/api.w.org\/{rel}","templated":true}]}}