{"id":1469,"date":"2025-11-14T10:06:35","date_gmt":"2025-11-14T10:06:35","guid":{"rendered":"https:\/\/thespinsahara.org\/login-and-registration\/"},"modified":"2025-11-14T14:49:07","modified_gmt":"2025-11-14T14:49:07","slug":"anmeldung-und-registrierung","status":"publish","type":"page","link":"https:\/\/thespinsahara.org\/de\/anmeldung-und-registrierung\/","title":{"rendered":"Anmeldung und Registrierung"},"content":{"rendered":"<h1>Spinsahara-Anmeldung: Schnelle Registrierung und Kontoverwaltung<\/h1>\n<p>Um auf alle Funktionen unserer Website oder App zugreifen zu k\u00f6nnen, m\u00fcssen alle Benutzer den Spinsahara Login Prozess durchlaufen. Dazu m\u00fcssen Sie mindestens 18 Jahre alt sein. Au\u00dferdem gilt bei uns die Regel, dass jede Person nur ein Konto haben darf. Nach der Registrierung erhalten Sie Zugriff auf die gesamte Spielesammlung, Zahlungen, Boni und den Kundenservice, der rund um die Uhr verf\u00fcgbar ist.<\/p>\n<p><div class=\"banner-wrap\" aria-label=\"Banner\"><img src=\"https:\/\/thespinsahara.org\/wp-content\/uploads\/2025\/11\/Spinsahara-banner-carousel-932\u0445400-12.webp\" class=\"w-100 d-none d-lg-block img-pc main-banner-img\" alt=\"Spinsahara banner desktop\" fetchpriority=\"high\" decoding=\"async\"><img src=\"https:\/\/thespinsahara.org\/wp-content\/uploads\/2025\/12\/Frame-35.webp\" class=\"w-100 d-none d-md-block d-lg-none main-banner-img\" alt=\"Spinsahara banner mobile\" fetchpriority=\"high\" decoding=\"async\"><img src=\"https:\/\/thespinsahara.org\/wp-content\/uploads\/2025\/12\/Frame-35.webp\" class=\"w-100 d-md-none\" alt=\"Spinsahara banner mobile\" fetchpriority=\"high\" decoding=\"async\"><div class=\"banner-description\">\n<div class=\"banner-title\">Willkommensboni<\/div>\n<p class=\"banner-header-title\">1500 \u20ac<\/p>\n<div class=\"banner-header-AdditionalText\">+ 250 Freispiele<\/div>\n<button data-item=\"homepage_banner_link\" class=\"goto m-button m-gradient-border m-button--primary m-button--large banner-button btn-orange\">\n            <div class=\"m-button-content\">\n                <span>Jetzt anmelden<\/span>\n                <span><\/span>\n            <\/div>\n        <\/button>\n<\/div>\n<div class=\"WelcomePack\">\n<p><img loading=\"lazy\" decoding=\"async\" class=\"alignnone size-full wp-image-1345\" src=\"https:\/\/thespinsahara.org\/wp-content\/uploads\/2025\/11\/welcome-crown.svg\" alt=\"crown\" width=\"25\" height=\"26\" \/><\/p>\n<div class=\"WelcomePack-Info\">W\u00f6chentlicher Cashback von bis zu 25 %<\/div>\n<p><img loading=\"lazy\" decoding=\"async\" class=\"alignnone size-full wp-image-1345\" src=\"https:\/\/thespinsahara.org\/wp-content\/uploads\/2025\/11\/welcome-crown.svg\" alt=\"crown\" width=\"25\" height=\"26\" \/><\/p>\n<\/div>\n<\/div><div class=\"scrollable-content-wrap my-5\"><div class=\"scrollable-content-inner\"><h2>Spielerregistrierung bei Spinsahara Casino<\/h2>\n<p>Spinsahara Casino vereint die besten Funktionen eines Online-Casinos auf seiner Plattform. Um jedoch Zugriff auf alle Funktionen zu erhalten, m\u00fcssen Sie zun\u00e4chst den Anmeldevorgang bei Spinsahara durchlaufen. Dieser dauert f\u00fcr die meisten Benutzer nicht l\u00e4nger als 3 Minuten und erfordert nur die Angabe der notwendigen Informationen.<\/p>\n<p>Auf unserer Plattform finden Sie \u00fcber 6.000 Spiele, darunter beliebte Slots, Tischspiele, Live-Dealer-Optionen, Crash-Spiele und vieles mehr. Sie k\u00f6nnen Ein- und Auszahlungen mit beliebten und sicheren Zahlungsmethoden vornehmen, zum Beispiel mit Bankkarten, E-Wallets, Bank\u00fcberweisungen und Kryptow\u00e4hrungen. Nach der Anmeldung bei Spinsahara erhalten Sie auch Zugriff auf einige Funktionen und Tools direkt in Ihrem pers\u00f6nlichen Konto.<\/p>\n<table>\n<tbody>\n<tr>\n<td>Funktion<\/td>\n<td>Details<\/td>\n<\/tr>\n<tr>\n<td>Verwalten von pers\u00f6nlichen Daten und Zahlungsinformationen<\/td>\n<td>Sie k\u00f6nnen Ihre pers\u00f6nlichen Daten oder Zahlungsdaten jederzeit \u00e4ndern.<\/td>\n<\/tr>\n<tr>\n<td>Aktivit\u00e4tsverlauf<\/td>\n<td>Sie sehen Ihren Spiel-, Bonus- und Einzahlungsverlauf.<\/td>\n<\/tr>\n<tr>\n<td>Tools f\u00fcr verantwortungsbewusstes Spielen<\/td>\n<td>Wir bieten Zeit-, Einzahlungs-, Einsatz- und Verlustlimits sowie Selbstausschluss an.<\/td>\n<\/tr>\n<tr>\n<td>Zahlungen<\/td>\n<td>In Ihrem Konto k\u00f6nnen Sie ohne Verz\u00f6gerungen Ein- und Auszahlungen vornehmen.<\/td>\n<\/tr>\n<tr>\n<td>Verifizierungsprozess<\/td>\n<td>Bevor Sie Ihre erste Auszahlung vornehmen k\u00f6nnen, m\u00fcssen Sie Dokumente hochladen, die Ihre Identit\u00e4t best\u00e4tigen.<\/td>\n<\/tr>\n<\/tbody>\n<\/table>\n<h3>Erstellen Sie Ihr Konto<\/h3>\n<p>Die Registrierung bei Spin Sahara Casino ist f\u00fcr alle Spieler, einschlie\u00dflich neuer Spieler, einfach gestaltet. Sie ist intuitiv und nimmt nicht viel Zeit in Anspruch. Im Folgenden finden Sie eine Anleitung, um den Vorgang so einfach wie m\u00f6glich zu gestalten:<\/p>\n<ol>\n<li>Besuchen Sie die offizielle Website von Spinsahara.<\/li>\n<li>Klicken Sie auf der Startseite auf die Schaltfl\u00e4che \u201eAnmelden\u201d.<\/li>\n<li>Geben Sie Ihre E-Mail-Adresse ein und erstellen Sie ein Passwort. Wenn Sie einen Promo-Code haben, k\u00f6nnen Sie diesen ebenfalls in diesem Schritt hinzuf\u00fcgen.<\/li>\n<li>Best\u00e4tigen Sie, dass Sie mindestens 18 Jahre alt sind und mit den Regeln der Plattform einverstanden sind.<\/li>\n<li>Klicken Sie am Ende des Registrierungsformulars auf die Schaltfl\u00e4che \u201eAnmelden\u201d.<\/li>\n<li>Geben Sie auf dem n\u00e4chsten Bildschirm Ihre pers\u00f6nlichen Daten ein, wie z. B. Ihren vollst\u00e4ndigen Namen, Ihr Geburtsdatum, Ihre Telefonnummer und Ihre Adresse.<\/li>\n<li>Klicken Sie am Ende des Formulars auf \u201eSpeichern\u201c.<\/li>\n<\/ol>\n<p>Jetzt haben Sie offiziell ein Konto bei Spinsahara Casino. Sie k\u00f6nnen Ihre erste Einzahlung t\u00e4tigen und um echtes Geld spielen.<\/p>\n<h2>So greifen Sie auf ein Spin Sahara-Konto zu und richten es ein<\/h2>\n<p>Wenn Sie nicht zum ersten Mal auf der Plattform sind und bereits ein Konto haben, m\u00fcssen Sie nur den Anmeldevorgang bei Spinsahara durchlaufen. Dies kann ganz einfach von einem PC oder einem beliebigen mobilen Ger\u00e4t aus erfolgen. Sie m\u00fcssen zum Anmeldeformular gehen, indem Sie auf der Startseite auf die Schaltfl\u00e4che \u201eAnmelden\u201c klicken. Geben Sie dort die E-Mail-Adresse und das Passwort ein, die Sie bei der Registrierung verwendet haben. Wenn die eingegebenen Informationen korrekt sind, werden Sie automatisch in Ihr Konto eingeloggt.<\/p>\n<p>Wenn Sie kein Konto haben, k\u00f6nnen Sie nur einige Spiele im Demo-Modus spielen. Live-Dealer-Optionen, Werbeaktionen, Zahlungen und alles andere sind jedoch nicht verf\u00fcgbar. Deshalb empfehlen wir jedem, nach der Registrierung zumindest alle Funktionen von Spinsahara auszuprobieren.<\/p>\n<h3>Passwort vergessen?<\/h3>\n<p>Sie k\u00f6nnen Ihr Passwort jederzeit zur\u00fccksetzen, wenn Sie es vergessen haben. Wir verstehen, dass so etwas jedem passieren kann. Sie m\u00fcssen nur zum Anmeldeformular gehen und auf \u201ePasswort vergessen?\u201c klicken. Danach sollten Sie die E-Mail-Adresse eingeben, die Sie f\u00fcr die Anmeldung bei Spinsahara verwenden. Wir senden Ihnen dann eine E-Mail mit dem Link zum Zur\u00fccksetzen des Passworts. Sie sollten ein neues Passwort erstellen und es bei Ihrem n\u00e4chsten Besuch im Spinsahara Casino verwenden.<\/p>\n<h3>Spin Sahara Casino: Sicheres Konto und Verifizierungsprozess<\/h3>\n<p>Bevor sie ihre erste Einzahlung t\u00e4tigen, m\u00fcssen alle unsere Spieler den Verifizierungsprozess durchlaufen. Dies ist eine der Regeln, die jeder befolgen muss, um Spinsahara als sichere Plattform frei von Betrug zu erhalten. Sie werden gebeten, die folgenden Dokumente auf unserer Website hochzuladen:<\/p>\n<ul>\n<li>Reisepass, Personalausweis, F\u00fchrerschein<\/li>\n<li>Stromrechnung, die nicht \u00e4lter als 3 Monate ist, Kontoauszug<\/li>\n<li>Nachweis \u00fcber die Inhaberschaft des Bankkontos, der Karte, des E-Wallets oder des Kryptow\u00e4hrungs-Wallets<\/li>\n<\/ul>\n<p>Anschlie\u00dfend pr\u00fcfen unsere Manager Ihre Dokumente innerhalb von 48 Stunden und melden sich mit einer Antwort bei Ihnen. Wenn alles in Ordnung ist, k\u00f6nnen Sie ohne Verz\u00f6gerungen Auszahlungen bei Spin Sahara vornehmen. Der Verifizierungsprozess muss nur einmal durchgef\u00fchrt werden.<\/p>\n<h2>H\u00e4ufig gestellte Fragen<\/h2>\n<h3>Wie schlie\u00dfe ich den Kontoverifizierungsprozess ab?<\/h3>\n<p>Wir bitten Sie, vor Ihrer ersten Auszahlung Dokumente zum Nachweis Ihrer Identit\u00e4t hochzuladen. Unsere Mitarbeiter pr\u00fcfen diese innerhalb von 48 Stunden und melden sich dann bei Ihnen.<\/p>\n<h3>Wie aktualisiere ich mein Passwort oder meine E-Mail-Adresse?<\/h3>\n<p>Sie k\u00f6nnen alle Zahlungs- und pers\u00f6nlichen Daten, einschlie\u00dflich Passwort und E-Mail-Adresse, in den Einstellungen Ihres Spin Sahara-Kontos aktualisieren. Wenn Sie Ihr Passwort vergessen haben, k\u00f6nnen Sie es \u00fcber das Anmeldeformular zur\u00fccksetzen.<\/p>\n<h3>Was soll ich tun, wenn mein Konto gesperrt ist?<\/h3>\n<p>Wenn Sie keine weiteren Informationen von uns \u00fcber die Sperrung Ihres Kontos erhalten haben, wenden Sie sich bitte \u00fcber den Live-Chat oder per E-Mail an unseren 24\/7-Kundendienst. Wir senden Ihnen immer eine E-Mail mit Informationen \u00fcber den Grund und die Dauer der Sperrung.<\/p>\n<h3>Wie kann ich mein Konto schlie\u00dfen oder vor\u00fcbergehend sperren?<\/h3>\n<p>Um Ihr Konto zu sperren oder vor\u00fcbergehend zu deaktivieren, m\u00fcssen Sie sich an unser mehrsprachiges Support-Team von Spinsahara wenden. Dieses wird die Sperrung innerhalb weniger Minuten vornehmen und Ihnen erkl\u00e4ren, wie Sie Ihr Konto wieder er\u00f6ffnen k\u00f6nnen.<\/p>\n<\/div><\/div><\/p>\n","protected":false},"excerpt":{"rendered":"<p>Spinsahara-Anmeldung: Schnelle Registrierung und Kontoverwaltung Um auf alle Funktionen unserer Website oder App zugreifen zu k\u00f6nnen, m\u00fcssen alle Benutzer den Spinsahara Login Prozess durchlaufen. Dazu m\u00fcssen Sie mindestens 18 Jahre alt sein. Au\u00dferdem gilt bei uns die Regel, dass jede Person nur ein Konto haben darf. Nach der Registrierung erhalten Sie Zugriff auf die gesamte [&hellip;]<\/p>\n","protected":false},"author":1,"featured_media":0,"parent":0,"menu_order":0,"comment_status":"closed","ping_status":"closed","template":"template-builder.php","meta":{"_acf_changed":false,"inline_featured_image":false,"footnotes":""},"class_list":["post-1469","page","type-page","status-publish","hentry"],"acf":[],"yoast_head":"<!-- This site is optimized with the Yoast SEO plugin v27.3 - https:\/\/yoast.com\/product\/yoast-seo-wordpress\/ -->\n<title>Spinsahara Login \u2013 Registrierung und Zugriff auf das Konto<\/title>\n<meta name=\"description\" content=\"Erstellen, verwalten und \u00fcberpr\u00fcfen Sie ganz einfach Ihr Spinsahara Casino-Konto. Profitieren Sie von einer schnellen Registrierung, einer nahtlosen Kontowiederherstellung und einer sicheren Schlie\u00dfung \u00fcber Spinsahara Login, wodurch die Sicherheit Ihres Kontos jederzeit gew\u00e4hrleistet ist.\" \/>\n<meta name=\"robots\" content=\"index, follow, max-snippet:-1, max-image-preview:large, max-video-preview:-1\" \/>\n<link rel=\"canonical\" href=\"https:\/\/thespinsahara.org\/de\/anmeldung-und-registrierung\/\" \/>\n<meta property=\"og:locale\" content=\"de_DE\" \/>\n<meta property=\"og:type\" content=\"article\" \/>\n<meta property=\"og:title\" content=\"Spinsahara Login \u2013 Registrierung und Zugriff auf das Konto\" \/>\n<meta property=\"og:description\" content=\"Erstellen, verwalten und \u00fcberpr\u00fcfen Sie ganz einfach Ihr Spinsahara Casino-Konto. Profitieren Sie von einer schnellen Registrierung, einer nahtlosen Kontowiederherstellung und einer sicheren Schlie\u00dfung \u00fcber Spinsahara Login, wodurch die Sicherheit Ihres Kontos jederzeit gew\u00e4hrleistet ist.\" \/>\n<meta property=\"og:url\" content=\"https:\/\/thespinsahara.org\/de\/anmeldung-und-registrierung\/\" \/>\n<meta property=\"og:site_name\" content=\"spinsahara\" \/>\n<meta property=\"article:modified_time\" content=\"2025-11-14T14:49:07+00:00\" \/>\n<meta name=\"twitter:card\" content=\"summary_large_image\" \/>\n<meta name=\"twitter:label1\" content=\"Gesch\u00e4tzte Lesezeit\" \/>\n\t<meta name=\"twitter:data1\" content=\"1\u00a0Minute\" \/>\n<script type=\"application\/ld+json\" class=\"yoast-schema-graph\">{\"@context\":\"https:\\\/\\\/schema.org\",\"@graph\":[{\"@type\":\"WebPage\",\"@id\":\"https:\\\/\\\/thespinsahara.org\\\/de\\\/anmeldung-und-registrierung\\\/\",\"url\":\"https:\\\/\\\/thespinsahara.org\\\/de\\\/anmeldung-und-registrierung\\\/\",\"name\":\"Spinsahara Login \u2013 Registrierung und Zugriff auf das Konto\",\"isPartOf\":{\"@id\":\"https:\\\/\\\/thespinsahara.org\\\/de\\\/#website\"},\"datePublished\":\"2025-11-14T10:06:35+00:00\",\"dateModified\":\"2025-11-14T14:49:07+00:00\",\"description\":\"Erstellen, verwalten und \u00fcberpr\u00fcfen Sie ganz einfach Ihr Spinsahara Casino-Konto. Profitieren Sie von einer schnellen Registrierung, einer nahtlosen Kontowiederherstellung und einer sicheren Schlie\u00dfung \u00fcber Spinsahara Login, wodurch die Sicherheit Ihres Kontos jederzeit gew\u00e4hrleistet ist.\",\"breadcrumb\":{\"@id\":\"https:\\\/\\\/thespinsahara.org\\\/de\\\/anmeldung-und-registrierung\\\/#breadcrumb\"},\"inLanguage\":\"de\",\"potentialAction\":[{\"@type\":\"ReadAction\",\"target\":[\"https:\\\/\\\/thespinsahara.org\\\/de\\\/anmeldung-und-registrierung\\\/\"]}]},{\"@type\":\"BreadcrumbList\",\"@id\":\"https:\\\/\\\/thespinsahara.org\\\/de\\\/anmeldung-und-registrierung\\\/#breadcrumb\",\"itemListElement\":[{\"@type\":\"ListItem\",\"position\":1,\"name\":\"Spinsahara\",\"item\":\"https:\\\/\\\/thespinsahara.org\\\/de\\\/\"},{\"@type\":\"ListItem\",\"position\":2,\"name\":\"Anmeldung und Registrierung\"}]},{\"@type\":\"WebSite\",\"@id\":\"https:\\\/\\\/thespinsahara.org\\\/de\\\/#website\",\"url\":\"https:\\\/\\\/thespinsahara.org\\\/de\\\/\",\"name\":\"Spinsahara\",\"description\":\"\",\"publisher\":{\"@id\":\"https:\\\/\\\/thespinsahara.org\\\/de\\\/#organization\"},\"potentialAction\":[{\"@type\":\"SearchAction\",\"target\":{\"@type\":\"EntryPoint\",\"urlTemplate\":\"https:\\\/\\\/thespinsahara.org\\\/de\\\/?s={search_term_string}\"},\"query-input\":{\"@type\":\"PropertyValueSpecification\",\"valueRequired\":true,\"valueName\":\"search_term_string\"}}],\"inLanguage\":\"de\"},{\"@type\":\"Organization\",\"@id\":\"https:\\\/\\\/thespinsahara.org\\\/de\\\/#organization\",\"name\":\"Spinsahara\",\"url\":\"https:\\\/\\\/thespinsahara.org\\\/de\\\/\",\"logo\":{\"@type\":\"ImageObject\",\"inLanguage\":\"de\",\"@id\":\"https:\\\/\\\/thespinsahara.org\\\/de\\\/#\\\/schema\\\/logo\\\/image\\\/\",\"url\":\"https:\\\/\\\/thespinsahara.org\\\/wp-content\\\/uploads\\\/2025\\\/11\\\/logo.svg\",\"contentUrl\":\"https:\\\/\\\/thespinsahara.org\\\/wp-content\\\/uploads\\\/2025\\\/11\\\/logo.svg\",\"width\":160,\"height\":31,\"caption\":\"Spinsahara\"},\"image\":{\"@id\":\"https:\\\/\\\/thespinsahara.org\\\/de\\\/#\\\/schema\\\/logo\\\/image\\\/\"}}]}<\/script>\n<!-- \/ Yoast SEO plugin. -->","yoast_head_json":{"title":"Spinsahara Login \u2013 Registrierung und Zugriff auf das Konto","description":"Erstellen, verwalten und \u00fcberpr\u00fcfen Sie ganz einfach Ihr Spinsahara Casino-Konto. Profitieren Sie von einer schnellen Registrierung, einer nahtlosen Kontowiederherstellung und einer sicheren Schlie\u00dfung \u00fcber Spinsahara Login, wodurch die Sicherheit Ihres Kontos jederzeit gew\u00e4hrleistet ist.","robots":{"index":"index","follow":"follow","max-snippet":"max-snippet:-1","max-image-preview":"max-image-preview:large","max-video-preview":"max-video-preview:-1"},"canonical":"https:\/\/thespinsahara.org\/de\/anmeldung-und-registrierung\/","og_locale":"de_DE","og_type":"article","og_title":"Spinsahara Login \u2013 Registrierung und Zugriff auf das Konto","og_description":"Erstellen, verwalten und \u00fcberpr\u00fcfen Sie ganz einfach Ihr Spinsahara Casino-Konto. Profitieren Sie von einer schnellen Registrierung, einer nahtlosen Kontowiederherstellung und einer sicheren Schlie\u00dfung \u00fcber Spinsahara Login, wodurch die Sicherheit Ihres Kontos jederzeit gew\u00e4hrleistet ist.","og_url":"https:\/\/thespinsahara.org\/de\/anmeldung-und-registrierung\/","og_site_name":"spinsahara","article_modified_time":"2025-11-14T14:49:07+00:00","twitter_card":"summary_large_image","twitter_misc":{"Gesch\u00e4tzte Lesezeit":"1\u00a0Minute"},"schema":{"@context":"https:\/\/schema.org","@graph":[{"@type":"WebPage","@id":"https:\/\/thespinsahara.org\/de\/anmeldung-und-registrierung\/","url":"https:\/\/thespinsahara.org\/de\/anmeldung-und-registrierung\/","name":"Spinsahara Login \u2013 Registrierung und Zugriff auf das Konto","isPartOf":{"@id":"https:\/\/thespinsahara.org\/de\/#website"},"datePublished":"2025-11-14T10:06:35+00:00","dateModified":"2025-11-14T14:49:07+00:00","description":"Erstellen, verwalten und \u00fcberpr\u00fcfen Sie ganz einfach Ihr Spinsahara Casino-Konto. Profitieren Sie von einer schnellen Registrierung, einer nahtlosen Kontowiederherstellung und einer sicheren Schlie\u00dfung \u00fcber Spinsahara Login, wodurch die Sicherheit Ihres Kontos jederzeit gew\u00e4hrleistet ist.","breadcrumb":{"@id":"https:\/\/thespinsahara.org\/de\/anmeldung-und-registrierung\/#breadcrumb"},"inLanguage":"de","potentialAction":[{"@type":"ReadAction","target":["https:\/\/thespinsahara.org\/de\/anmeldung-und-registrierung\/"]}]},{"@type":"BreadcrumbList","@id":"https:\/\/thespinsahara.org\/de\/anmeldung-und-registrierung\/#breadcrumb","itemListElement":[{"@type":"ListItem","position":1,"name":"Spinsahara","item":"https:\/\/thespinsahara.org\/de\/"},{"@type":"ListItem","position":2,"name":"Anmeldung und Registrierung"}]},{"@type":"WebSite","@id":"https:\/\/thespinsahara.org\/de\/#website","url":"https:\/\/thespinsahara.org\/de\/","name":"Spinsahara","description":"","publisher":{"@id":"https:\/\/thespinsahara.org\/de\/#organization"},"potentialAction":[{"@type":"SearchAction","target":{"@type":"EntryPoint","urlTemplate":"https:\/\/thespinsahara.org\/de\/?s={search_term_string}"},"query-input":{"@type":"PropertyValueSpecification","valueRequired":true,"valueName":"search_term_string"}}],"inLanguage":"de"},{"@type":"Organization","@id":"https:\/\/thespinsahara.org\/de\/#organization","name":"Spinsahara","url":"https:\/\/thespinsahara.org\/de\/","logo":{"@type":"ImageObject","inLanguage":"de","@id":"https:\/\/thespinsahara.org\/de\/#\/schema\/logo\/image\/","url":"https:\/\/thespinsahara.org\/wp-content\/uploads\/2025\/11\/logo.svg","contentUrl":"https:\/\/thespinsahara.org\/wp-content\/uploads\/2025\/11\/logo.svg","width":160,"height":31,"caption":"Spinsahara"},"image":{"@id":"https:\/\/thespinsahara.org\/de\/#\/schema\/logo\/image\/"}}]}},"_links":{"self":[{"href":"https:\/\/thespinsahara.org\/de\/wp-json\/wp\/v2\/pages\/1469","targetHints":{"allow":["GET"]}}],"collection":[{"href":"https:\/\/thespinsahara.org\/de\/wp-json\/wp\/v2\/pages"}],"about":[{"href":"https:\/\/thespinsahara.org\/de\/wp-json\/wp\/v2\/types\/page"}],"author":[{"embeddable":true,"href":"https:\/\/thespinsahara.org\/de\/wp-json\/wp\/v2\/users\/1"}],"replies":[{"embeddable":true,"href":"https:\/\/thespinsahara.org\/de\/wp-json\/wp\/v2\/comments?post=1469"}],"version-history":[{"count":2,"href":"https:\/\/thespinsahara.org\/de\/wp-json\/wp\/v2\/pages\/1469\/revisions"}],"predecessor-version":[{"id":1617,"href":"https:\/\/thespinsahara.org\/de\/wp-json\/wp\/v2\/pages\/1469\/revisions\/1617"}],"wp:attachment":[{"href":"https:\/\/thespinsahara.org\/de\/wp-json\/wp\/v2\/media?parent=1469"}],"curies":[{"name":"wp","href":"https:\/\/api.w.org\/{rel}","templated":true}]}}