{"id":1421,"date":"2025-11-14T09:53:46","date_gmt":"2025-11-14T09:53:46","guid":{"rendered":"https:\/\/thespinsahara.org\/app-2\/"},"modified":"2025-11-14T14:47:50","modified_gmt":"2025-11-14T14:47:50","slug":"app","status":"publish","type":"page","link":"https:\/\/thespinsahara.org\/de\/app\/","title":{"rendered":"App"},"content":{"rendered":"<h1>Spinsahara Gaming App<\/h1>\n<p>Wir haben eine praktische Spinsahara App f\u00fcr Android und iOS entwickelt, da moderne Nutzer es vorziehen, alle ihre Lieblingsspiele auf ihrem Smartphone zu haben, um schnell darauf zugreifen zu k\u00f6nnen. So bleiben Sie flexibel und k\u00f6nnen \u00fcberall und jederzeit spielen. In der mobilen Software finden Sie die gesamte Spielauswahl, die sich vollst\u00e4ndig an die Gr\u00f6\u00dfe moderner Ger\u00e4te anpasst. Im Grunde genommen handelt es sich um eine Spiegelung der Desktop-Version, die jedoch nach den Regeln f\u00fcr Mobilger\u00e4te erstellt wurde.<\/p>\n<div class=\"banner-wrap\" aria-label=\"Banner\"><img src=\"https:\/\/thespinsahara.org\/wp-content\/uploads\/2025\/11\/Spinsahara-banner-carousel-932\u0445400-12.webp\" class=\"w-100 d-none d-lg-block img-pc main-banner-img\" alt=\"Spinsahara banner desktop\" fetchpriority=\"high\" decoding=\"async\"><img src=\"https:\/\/thespinsahara.org\/wp-content\/uploads\/2025\/12\/Frame-35.webp\" class=\"w-100 d-none d-md-block d-lg-none main-banner-img\" alt=\"Spinsahara banner mobile\" fetchpriority=\"high\" decoding=\"async\"><img src=\"https:\/\/thespinsahara.org\/wp-content\/uploads\/2025\/12\/Frame-35.webp\" class=\"w-100 d-md-none\" alt=\"Spinsahara banner mobile\" fetchpriority=\"high\" decoding=\"async\"><div class=\"banner-description\">\n<div class=\"banner-title\">Willkommensboni<\/div>\n<p class=\"banner-header-title\">1500 \u20ac<\/p>\n<div class=\"banner-header-AdditionalText\">+ 250 Freispiele<\/div>\n<button data-item=\"homepage_banner_link\" class=\"goto m-button m-gradient-border m-button--primary m-button--large banner-button btn-orange\">\n            <div class=\"m-button-content\">\n                <span>Jetzt anmelden<\/span>\n                <span><\/span>\n            <\/div>\n        <\/button>\n<\/div>\n<div class=\"WelcomePack\">\n<p><img loading=\"lazy\" decoding=\"async\" class=\"alignnone size-full wp-image-1345\" src=\"https:\/\/thespinsahara.org\/wp-content\/uploads\/2025\/11\/welcome-crown.svg\" alt=\"crown\" width=\"25\" height=\"26\" \/><\/p>\n<div class=\"WelcomePack-Info\">W\u00f6chentlicher Cashback von bis zu 25 %<\/div>\n<p><img loading=\"lazy\" decoding=\"async\" class=\"alignnone size-full wp-image-1345\" src=\"https:\/\/thespinsahara.org\/wp-content\/uploads\/2025\/11\/welcome-crown.svg\" alt=\"crown\" width=\"25\" height=\"26\" \/><\/p>\n<\/div>\n<\/div>\n<h2>Spin Sahara Casino immer griffbereit<\/h2>\n<p>Die Spinsahara-App wird Ihnen das Leben definitiv erleichtern. Jetzt m\u00fcssen Sie sich keine Gedanken mehr dar\u00fcber machen, wie Sie fr\u00fcher nach Hause kommen, um die Spiele zu genie\u00dfen. Sie ben\u00f6tigen lediglich ein Smartphone und eine stabile Internetverbindung. Die mobile Software ist perfekt auf moderne Ger\u00e4te, deren Gr\u00f6\u00dfen und Aufl\u00f6sungen abgestimmt.<\/p>\n<p>Sie erhalten Zugang zu mehr als 6.000 Titeln in verschiedenen Kategorien. Alle unsere Softwareanbieter entwickeln Spiele, die mit Android- und iOS-Ger\u00e4ten kompatibel sind. Au\u00dferdem gibt es keine Probleme mit Ein- und Auszahlungen.<\/p>\n<p>Der Fortschritt in der App und der Desktop-Version wird synchronisiert. Das bedeutet, dass Sie nach der Anmeldung in Ihrem Konto Ihre Erfahrungen auf PC und Smartphone kombinieren k\u00f6nnen. Auf beiden Ger\u00e4ten wird Ihr Fortschritt gespeichert.<\/p>\n<p>Wenn Sie Fragen oder Probleme bez\u00fcglich der mobilen Software haben, k\u00f6nnen Sie sich jederzeit an unseren 24\/7-Kundensupport wenden. Dieser ist in der App per Live-Chat oder E-Mail erreichbar. Wir antworten Ihnen schnell und helfen Ihnen mit professioneller Beratung weiter.<\/p>\n<p><div style=\"clear: both\"><\/div><div class=\"d-flex justify-content-center\"><button data-item=\"decouvrez_link\" data-group=\"website_links\" class=\"goto fw-bold rounded-pill btn btn-orange\" aria-label=\"T\u00e9l\u00e9charger Spinsahara\" >T\u00e9l\u00e9charger Spinsahara<\/button><\/div><div class=\"scrollable-content-wrap my-5\"><div class=\"scrollable-content-inner\"><h2>Spinsahara Casino Android-Anwendung<\/h2>\n<p>Android-Nutzer k\u00f6nnen mit jedem mobilen Browser ganz einfach auf die Website von Spinsahara Casino zugreifen. Sie k\u00f6nnen dieselben Spiele und Funktionen genie\u00dfen, die jedoch an Smartphones oder Tablets angepasst sind. F\u00fcr ein noch pers\u00f6nlicheres Erlebnis empfehlen wir Ihnen jedoch, die Spin Sahara-App zu installieren. Dazu m\u00fcssen Sie keine unbekannten APK-Dateien herunterladen, die Speicherplatz auf Ihrem Ger\u00e4t beanspruchen. Die mobile Version wurde als progressive Webanwendung (PWA) entwickelt.<\/p>\n<p>Die Spinsahara-App ist mit allen modernen Android-Ger\u00e4ten kompatibel. Sie ist perfekt f\u00fcr die Touchscreen-Funktionalit\u00e4t ausgelegt. Sie k\u00f6nnen Spiele spielen, Einzahlungen vornehmen oder Geld abheben, Boni erhalten und an Turnieren teilnehmen. In der folgenden Tabelle finden Sie detaillierte Anweisungen f\u00fcr eine schnelle und problemlose Installation.<\/p>\n<table>\n<tbody>\n<tr>\n<td>Schritt<\/td>\n<td>Details<\/td>\n<\/tr>\n<tr>\n<td>Besuchen Sie unsere offizielle Website.<\/td>\n<td>Wir empfehlen Ihnen, die App nur von der offiziellen Website herunterzuladen, um Betrug zu vermeiden.<\/td>\n<\/tr>\n<tr>\n<td>Klicken Sie auf die Schaltfl\u00e4che \u201eCasino-App\u201d in der Fu\u00dfzeile.<\/td>\n<td>Sie befindet sich ganz unten auf der Startseite. Die Installation startet automatisch und dauert nur wenige Minuten.<\/td>\n<\/tr>\n<tr>\n<td>Das Spinsahara Casino-Symbol befindet sich auf Ihrem Startbildschirm.<\/td>\n<td>Jetzt k\u00f6nnen Sie sich anmelden oder ein neues Konto erstellen und mit dem Spielen beginnen.<\/td>\n<\/tr>\n<\/tbody>\n<\/table>\n<p><img loading=\"lazy\" decoding=\"async\" src=\"https:\/\/thespinsahara.org\/wp-content\/uploads\/2025\/11\/Spinsahara-Android-App.webp\" alt=\"Spinsahara Android App\" width=\"1248\" height=\"536\" \/><\/p>\n<\/div><\/div><div style=\"clear: both\"><\/div><div class=\"d-flex justify-content-center\"><button data-item=\"decouvrez_link\" data-group=\"website_links\" class=\"goto fw-bold rounded-pill btn btn-orange\" aria-label=\"T\u00e9l\u00e9chargez l&#039;application Spinsahara\" >T\u00e9l\u00e9chargez l&#039;application Spinsahara<\/button><\/div><div class=\"scrollable-content-wrap my-5\"><div class=\"scrollable-content-inner\"><h2>Spinsahara Casino iOS-Anwendung<\/h2>\n<p>Wenn Sie ein iPhone oder iPad besitzen, ist das \u00fcberhaupt kein Problem, denn Sie k\u00f6nnen die Spinsahara-App auch problemlos auf Ihrem Ger\u00e4t nutzen. Aufgrund der App Store-Regeln f\u00fcr Gl\u00fccksspiele k\u00f6nnen Sie unser mobiles Casino nicht aus dem offiziellen Store herunterladen. Stattdessen haben Sie die M\u00f6glichkeit, die PWA von unserer Website zu installieren. Wir testen sie regelm\u00e4\u00dfig, sodass Sie sicher sein k\u00f6nnen, dass sie absolut sicher ist.<\/p>\n<p>Die mobile Version des Spin Sahara Casinos bietet eine riesige Auswahl an Spielen und Boni, Zahlungen, Turniere, t\u00e4gliche Missionen, Kundensupport und vieles mehr. Sie k\u00f6nnen sich direkt in der mobilen Software registrieren oder den Verifizierungsprozess abschlie\u00dfen.<\/p>\n<p>Au\u00dferdem k\u00f6nnen Sie in jedem modernen mobilen Browser ein Verkn\u00fcpfungssymbol f\u00fcr eine Website installieren, um direkt von Ihrem Startbildschirm aus schnellen Zugriff zu erhalten. Dies funktioniert auch f\u00fcr Spin Sahara. Befolgen Sie unsere kurzen Anweisungen unten, damit Sie unser mobiles Casino immer griffbereit haben.<\/p>\n<table>\n<tbody>\n<tr>\n<td>Schritt<\/td>\n<td>Details<\/td>\n<\/tr>\n<tr>\n<td>\u00d6ffnen Sie die App \u201eShortcut\u201d.<\/td>\n<td>Die App sollte automatisch auf Ihrem Ger\u00e4t installiert werden.<\/td>\n<\/tr>\n<tr>\n<td>Klicken Sie auf das Symbol \u201e+\u201c, um eine neue Verkn\u00fcpfung zu erstellen.<\/td>\n<td>Das Symbol befindet sich in der oberen rechten Ecke der Startseite.<\/td>\n<\/tr>\n<tr>\n<td>Tippen Sie auf \u201eAktion hinzuf\u00fcgen\u201c.<\/td>\n<td>Suchen Sie nun nach der Spinsahara-Website, f\u00fcr die Sie eine Verkn\u00fcpfung erstellen m\u00f6chten.<\/td>\n<\/tr>\n<tr>\n<td>Klicken Sie auf die Schaltfl\u00e4che neben dem Namen der Verkn\u00fcpfung und w\u00e4hlen Sie \u201eZum Startbildschirm hinzuf\u00fcgen\u201c.<\/td>\n<td>Die Schaltfl\u00e4che hat die Form eines Abw\u00e4rtspfeils.<\/td>\n<\/tr>\n<tr>\n<td>Tippen Sie auf \u201eHinzuf\u00fcgen\u201c.<\/td>\n<td>Bevor Sie dies tun, k\u00f6nnen Sie den Namen des Symbols \u00e4ndern, wenn Sie m\u00f6chten.<\/td>\n<\/tr>\n<\/tbody>\n<\/table>\n<p><img loading=\"lazy\" decoding=\"async\" src=\"https:\/\/thespinsahara.org\/wp-content\/uploads\/2025\/11\/Spinsahara-iOS-App.webp\" alt=\"Spinsahara iOS App\" width=\"1248\" height=\"536\" \/><\/p>\n<\/div><\/div><div style=\"clear: both\"><\/div><div class=\"d-flex justify-content-center\"><button data-item=\"decouvrez_link\" data-group=\"website_links\" class=\"goto fw-bold rounded-pill btn btn-orange\" aria-label=\"T\u00e9l\u00e9charger Spinsahara\" >T\u00e9l\u00e9charger Spinsahara<\/button><\/div><div class=\"scrollable-content-wrap my-5\"><div class=\"scrollable-content-inner\"><h2>Downloads f\u00fcr Windows- und macOS-Anwendungen<\/h2>\n<p>Einige Benutzer bevorzugen es, ihre Lieblings-Online-Slots zu Hause auf ihrem PC oder Laptop zu spielen. Der gesamte Vorgang findet auf einem gro\u00dfen Bildschirm statt, sodass Sie definitiv nichts von Ihrem Spielerlebnis verpassen werden. Sie k\u00f6nnen mit jedem Webbrowser auf das Spinsahara Casino zugreifen.<\/p>\n<p>F\u00fcr ein pers\u00f6nlicheres Erlebnis mit Push-Benachrichtigungen \u00fcber Neuigkeiten und Ihre Erfolge k\u00f6nnen Sie eine Desktop-Anwendung herunterladen. Sie haben Zugriff auf dieselben Funktionen, nur schneller und bequemer. Die Desktop-Version unterst\u00fctzt alle Windows- und macOS-Ger\u00e4te, funktioniert reibungslos und ohne Probleme.<\/p>\n<p><img loading=\"lazy\" decoding=\"async\" src=\"https:\/\/thespinsahara.org\/wp-content\/uploads\/2025\/11\/Spinsahara-Desktop.webp\" alt=\"Spinsahara Desktop\" width=\"1248\" height=\"536\" \/><\/p>\n<\/div><\/div><div style=\"clear: both\"><\/div><div class=\"d-flex justify-content-center\"><button data-item=\"decouvrez_link\" data-group=\"website_links\" class=\"goto fw-bold rounded-pill btn btn-orange\" aria-label=\"T\u00e9l\u00e9chargez l&#039;application Spinsahara\" >T\u00e9l\u00e9chargez l&#039;application Spinsahara<\/button><\/div><div class=\"scrollable-content-wrap my-5\"><div class=\"scrollable-content-inner\"><h2>FAQ<\/h2>\n<h3>Bietet die Spin Sahara Casino App Kundensupport?<\/h3>\n<p>In der App finden Sie den Live-Chat des Kundenservice. Unsere Manager stehen Ihnen rund um die Uhr zur Verf\u00fcgung, um alle Probleme mit der Plattform zu l\u00f6sen. Bei detaillierteren Fragen k\u00f6nnen Sie uns eine E-Mail senden.<\/p>\n<h3>Ist f\u00fcr die Nutzung der Spinsahara-App die Erstellung eines Kontos erforderlich?<\/h3>\n<p>Sie sollten ein Konto haben, um alle Funktionen der Spinsahara-App nutzen zu k\u00f6nnen. Beispielsweise sind Einzahlungen und das Spielen um echtes Geld nur nach der Registrierung m\u00f6glich.<\/p>\n<h3>Sind alle Spiele in der App verf\u00fcgbar?<\/h3>\n<p>Die vollst\u00e4ndige Spielesammlung mit \u00fcber 6.000 Titeln ist in der mobilen App verf\u00fcgbar. Sie umfasst Spielautomaten, Tischspiele, Live-Dealer-Optionen und vieles mehr. Alle Spiele sind perfekt f\u00fcr Smartphones oder Tablets geeignet und bieten ein gro\u00dfartiges Benutzererlebnis.<\/p>\n<h3>Wie kann ich die Spinsahara Casino App aktualisieren?<\/h3>\n<p>Die meisten Updates der Spinsahara-App erfolgen automatisch, ohne dass Sie zus\u00e4tzliche Schritte unternehmen m\u00fcssen. Bei gr\u00f6\u00dferen \u00c4nderungen senden wir Ihnen eine Benachrichtigung, dass Sie die neueste Version von unserer offiziellen Website installieren sollten.<\/p>\n<\/div><\/div><\/p>\n","protected":false},"excerpt":{"rendered":"<p>Spinsahara Gaming App Wir haben eine praktische Spinsahara App f\u00fcr Android und iOS entwickelt, da moderne Nutzer es vorziehen, alle ihre Lieblingsspiele auf ihrem Smartphone zu haben, um schnell darauf zugreifen zu k\u00f6nnen. So bleiben Sie flexibel und k\u00f6nnen \u00fcberall und jederzeit spielen. In der mobilen Software finden Sie die gesamte Spielauswahl, die sich vollst\u00e4ndig [&hellip;]<\/p>\n","protected":false},"author":1,"featured_media":0,"parent":0,"menu_order":0,"comment_status":"closed","ping_status":"closed","template":"template-builder.php","meta":{"_acf_changed":false,"inline_featured_image":false,"footnotes":""},"class_list":["post-1421","page","type-page","status-publish","hentry"],"acf":[],"yoast_head":"<!-- This site is optimized with the Yoast SEO plugin v27.3 - https:\/\/yoast.com\/product\/yoast-seo-wordpress\/ -->\n<title>Spinsahara Mobile Casino | Android- und iOS-App<\/title>\n<meta name=\"description\" content=\"Die Spinsahara-App bietet nahtloses Casino-Gaming auf Android-, iOS-, Windows- und macOS-Plattformen mit synchronisierten Konten, regelm\u00e4\u00dfigen Updates und integriertem Kundensupport f\u00fcr ununterbrochenes Spielvergn\u00fcgen.\" \/>\n<meta name=\"robots\" content=\"index, follow, max-snippet:-1, max-image-preview:large, max-video-preview:-1\" \/>\n<link rel=\"canonical\" href=\"https:\/\/thespinsahara.org\/de\/app\/\" \/>\n<meta property=\"og:locale\" content=\"de_DE\" \/>\n<meta property=\"og:type\" content=\"article\" \/>\n<meta property=\"og:title\" content=\"Spinsahara Mobile Casino | Android- und iOS-App\" \/>\n<meta property=\"og:description\" content=\"Die Spinsahara-App bietet nahtloses Casino-Gaming auf Android-, iOS-, Windows- und macOS-Plattformen mit synchronisierten Konten, regelm\u00e4\u00dfigen Updates und integriertem Kundensupport f\u00fcr ununterbrochenes Spielvergn\u00fcgen.\" \/>\n<meta property=\"og:url\" content=\"https:\/\/thespinsahara.org\/de\/app\/\" \/>\n<meta property=\"og:site_name\" content=\"spinsahara\" \/>\n<meta property=\"article:modified_time\" content=\"2025-11-14T14:47:50+00:00\" \/>\n<meta name=\"twitter:card\" content=\"summary_large_image\" \/>\n<meta name=\"twitter:label1\" content=\"Gesch\u00e4tzte Lesezeit\" \/>\n\t<meta name=\"twitter:data1\" content=\"2\u00a0Minuten\" \/>\n<script type=\"application\/ld+json\" class=\"yoast-schema-graph\">{\"@context\":\"https:\\\/\\\/schema.org\",\"@graph\":[{\"@type\":\"WebPage\",\"@id\":\"https:\\\/\\\/thespinsahara.org\\\/de\\\/app\\\/\",\"url\":\"https:\\\/\\\/thespinsahara.org\\\/de\\\/app\\\/\",\"name\":\"Spinsahara Mobile Casino | Android- und iOS-App\",\"isPartOf\":{\"@id\":\"https:\\\/\\\/thespinsahara.org\\\/de\\\/#website\"},\"datePublished\":\"2025-11-14T09:53:46+00:00\",\"dateModified\":\"2025-11-14T14:47:50+00:00\",\"description\":\"Die Spinsahara-App bietet nahtloses Casino-Gaming auf Android-, iOS-, Windows- und macOS-Plattformen mit synchronisierten Konten, regelm\u00e4\u00dfigen Updates und integriertem Kundensupport f\u00fcr ununterbrochenes Spielvergn\u00fcgen.\",\"breadcrumb\":{\"@id\":\"https:\\\/\\\/thespinsahara.org\\\/de\\\/app\\\/#breadcrumb\"},\"inLanguage\":\"de\",\"potentialAction\":[{\"@type\":\"ReadAction\",\"target\":[\"https:\\\/\\\/thespinsahara.org\\\/de\\\/app\\\/\"]}]},{\"@type\":\"BreadcrumbList\",\"@id\":\"https:\\\/\\\/thespinsahara.org\\\/de\\\/app\\\/#breadcrumb\",\"itemListElement\":[{\"@type\":\"ListItem\",\"position\":1,\"name\":\"Spinsahara\",\"item\":\"https:\\\/\\\/thespinsahara.org\\\/de\\\/\"},{\"@type\":\"ListItem\",\"position\":2,\"name\":\"App\"}]},{\"@type\":\"WebSite\",\"@id\":\"https:\\\/\\\/thespinsahara.org\\\/de\\\/#website\",\"url\":\"https:\\\/\\\/thespinsahara.org\\\/de\\\/\",\"name\":\"Spinsahara\",\"description\":\"\",\"publisher\":{\"@id\":\"https:\\\/\\\/thespinsahara.org\\\/de\\\/#organization\"},\"potentialAction\":[{\"@type\":\"SearchAction\",\"target\":{\"@type\":\"EntryPoint\",\"urlTemplate\":\"https:\\\/\\\/thespinsahara.org\\\/de\\\/?s={search_term_string}\"},\"query-input\":{\"@type\":\"PropertyValueSpecification\",\"valueRequired\":true,\"valueName\":\"search_term_string\"}}],\"inLanguage\":\"de\"},{\"@type\":\"Organization\",\"@id\":\"https:\\\/\\\/thespinsahara.org\\\/de\\\/#organization\",\"name\":\"Spinsahara\",\"url\":\"https:\\\/\\\/thespinsahara.org\\\/de\\\/\",\"logo\":{\"@type\":\"ImageObject\",\"inLanguage\":\"de\",\"@id\":\"https:\\\/\\\/thespinsahara.org\\\/de\\\/#\\\/schema\\\/logo\\\/image\\\/\",\"url\":\"https:\\\/\\\/thespinsahara.org\\\/wp-content\\\/uploads\\\/2025\\\/11\\\/logo.svg\",\"contentUrl\":\"https:\\\/\\\/thespinsahara.org\\\/wp-content\\\/uploads\\\/2025\\\/11\\\/logo.svg\",\"width\":160,\"height\":31,\"caption\":\"Spinsahara\"},\"image\":{\"@id\":\"https:\\\/\\\/thespinsahara.org\\\/de\\\/#\\\/schema\\\/logo\\\/image\\\/\"}}]}<\/script>\n<!-- \/ Yoast SEO plugin. -->","yoast_head_json":{"title":"Spinsahara Mobile Casino | Android- und iOS-App","description":"Die Spinsahara-App bietet nahtloses Casino-Gaming auf Android-, iOS-, Windows- und macOS-Plattformen mit synchronisierten Konten, regelm\u00e4\u00dfigen Updates und integriertem Kundensupport f\u00fcr ununterbrochenes Spielvergn\u00fcgen.","robots":{"index":"index","follow":"follow","max-snippet":"max-snippet:-1","max-image-preview":"max-image-preview:large","max-video-preview":"max-video-preview:-1"},"canonical":"https:\/\/thespinsahara.org\/de\/app\/","og_locale":"de_DE","og_type":"article","og_title":"Spinsahara Mobile Casino | Android- und iOS-App","og_description":"Die Spinsahara-App bietet nahtloses Casino-Gaming auf Android-, iOS-, Windows- und macOS-Plattformen mit synchronisierten Konten, regelm\u00e4\u00dfigen Updates und integriertem Kundensupport f\u00fcr ununterbrochenes Spielvergn\u00fcgen.","og_url":"https:\/\/thespinsahara.org\/de\/app\/","og_site_name":"spinsahara","article_modified_time":"2025-11-14T14:47:50+00:00","twitter_card":"summary_large_image","twitter_misc":{"Gesch\u00e4tzte Lesezeit":"2\u00a0Minuten"},"schema":{"@context":"https:\/\/schema.org","@graph":[{"@type":"WebPage","@id":"https:\/\/thespinsahara.org\/de\/app\/","url":"https:\/\/thespinsahara.org\/de\/app\/","name":"Spinsahara Mobile Casino | Android- und iOS-App","isPartOf":{"@id":"https:\/\/thespinsahara.org\/de\/#website"},"datePublished":"2025-11-14T09:53:46+00:00","dateModified":"2025-11-14T14:47:50+00:00","description":"Die Spinsahara-App bietet nahtloses Casino-Gaming auf Android-, iOS-, Windows- und macOS-Plattformen mit synchronisierten Konten, regelm\u00e4\u00dfigen Updates und integriertem Kundensupport f\u00fcr ununterbrochenes Spielvergn\u00fcgen.","breadcrumb":{"@id":"https:\/\/thespinsahara.org\/de\/app\/#breadcrumb"},"inLanguage":"de","potentialAction":[{"@type":"ReadAction","target":["https:\/\/thespinsahara.org\/de\/app\/"]}]},{"@type":"BreadcrumbList","@id":"https:\/\/thespinsahara.org\/de\/app\/#breadcrumb","itemListElement":[{"@type":"ListItem","position":1,"name":"Spinsahara","item":"https:\/\/thespinsahara.org\/de\/"},{"@type":"ListItem","position":2,"name":"App"}]},{"@type":"WebSite","@id":"https:\/\/thespinsahara.org\/de\/#website","url":"https:\/\/thespinsahara.org\/de\/","name":"Spinsahara","description":"","publisher":{"@id":"https:\/\/thespinsahara.org\/de\/#organization"},"potentialAction":[{"@type":"SearchAction","target":{"@type":"EntryPoint","urlTemplate":"https:\/\/thespinsahara.org\/de\/?s={search_term_string}"},"query-input":{"@type":"PropertyValueSpecification","valueRequired":true,"valueName":"search_term_string"}}],"inLanguage":"de"},{"@type":"Organization","@id":"https:\/\/thespinsahara.org\/de\/#organization","name":"Spinsahara","url":"https:\/\/thespinsahara.org\/de\/","logo":{"@type":"ImageObject","inLanguage":"de","@id":"https:\/\/thespinsahara.org\/de\/#\/schema\/logo\/image\/","url":"https:\/\/thespinsahara.org\/wp-content\/uploads\/2025\/11\/logo.svg","contentUrl":"https:\/\/thespinsahara.org\/wp-content\/uploads\/2025\/11\/logo.svg","width":160,"height":31,"caption":"Spinsahara"},"image":{"@id":"https:\/\/thespinsahara.org\/de\/#\/schema\/logo\/image\/"}}]}},"_links":{"self":[{"href":"https:\/\/thespinsahara.org\/de\/wp-json\/wp\/v2\/pages\/1421","targetHints":{"allow":["GET"]}}],"collection":[{"href":"https:\/\/thespinsahara.org\/de\/wp-json\/wp\/v2\/pages"}],"about":[{"href":"https:\/\/thespinsahara.org\/de\/wp-json\/wp\/v2\/types\/page"}],"author":[{"embeddable":true,"href":"https:\/\/thespinsahara.org\/de\/wp-json\/wp\/v2\/users\/1"}],"replies":[{"embeddable":true,"href":"https:\/\/thespinsahara.org\/de\/wp-json\/wp\/v2\/comments?post=1421"}],"version-history":[{"count":2,"href":"https:\/\/thespinsahara.org\/de\/wp-json\/wp\/v2\/pages\/1421\/revisions"}],"predecessor-version":[{"id":1615,"href":"https:\/\/thespinsahara.org\/de\/wp-json\/wp\/v2\/pages\/1421\/revisions\/1615"}],"wp:attachment":[{"href":"https:\/\/thespinsahara.org\/de\/wp-json\/wp\/v2\/media?parent=1421"}],"curies":[{"name":"wp","href":"https:\/\/api.w.org\/{rel}","templated":true}]}}